{"id":9323,"date":"2024-09-17T16:16:22","date_gmt":"2024-09-17T14:16:22","guid":{"rendered":"https:\/\/antcube.shop\/en\/product\/greifzange-60-cm\/"},"modified":"2026-04-09T09:58:37","modified_gmt":"2026-04-09T07:58:37","slug":"markolo-60-cm","status":"publish","type":"product","link":"https:\/\/antcube.shop\/hu\/termek\/markolo-60-cm\/","title":{"rendered":"Fog\u00f3 60 cm"},"content":{"rendered":"<p><strong>Hossz\u00fas\u00e1g:<\/strong> 60 cm<\/p>\n<p><strong>Le\u00edr\u00e1s:<\/strong> Ez a markol\u00f3kar haszn\u00e1lhat\u00f3 a k\u00e9z sz\u00e1m\u00e1ra el\u00e9rhetetlen ter\u00fcleteken t\u00f6rt\u00e9n\u0151 munkav\u00e9gz\u00e9sre, valamint alkatr\u00e9szek cs\u00f6vekb\u0151l vagy t\u00f6ml\u0151kb\u0151l t\u00f6rt\u00e9n\u0151 elt\u00e1vol\u00edt\u00e1s\u00e1ra. Els\u0151 \u00e1tm\u00e9r\u0151je 10,5 mm. 11 mm-es lyukon kereszt\u00fcl illeszkedik. A megfog\u00f3 bilincsek feszt\u00e1vols\u00e1ga 20 mm.<\/p>\n<p><strong>Megjegyz\u00e9s:<\/strong><br \/>\nS\u00e9r\u00fcl\u00e9svesz\u00e9ly \u00e1ll fenn, ha testr\u00e9szek akadnak be a fog\u00f3ba.<\/p>","protected":false},"excerpt":{"rendered":"<p>Hossz: 60 cm Le\u00edr\u00e1s: Ez a markol\u00f3kar haszn\u00e1lhat\u00f3 a k\u00e9z sz\u00e1m\u00e1ra el\u00e9rhetetlen ter\u00fcleteken t\u00f6rt\u00e9n\u0151 munkav\u00e9gz\u00e9sre, valamint alkatr\u00e9szek elt\u00e1vol\u00edt\u00e1s\u00e1ra cs\u00f6vekb\u0151l vagy t\u00f6ml\u0151kb\u0151l. Els\u0151 \u00e1tm\u00e9r\u0151je 10,5 mm. Egy 11 mm-es lyukon kereszt\u00fcl illeszkedik. A megfog\u00f3 bilincsek feszt\u00e1vols\u00e1ga 20 mm. Megjegyz\u00e9s: S\u00e9r\u00fcl\u00e9svesz\u00e9ly \u00e1ll fenn, ha a testr\u00e9szek","protected":false},"featured_media":9580,"comment_status":"open","ping_status":"closed","template":"","meta":{"_acf_changed":false,"content-type":"","_monsterinsights_skip_tracking":false,"_monsterinsights_sitenote_active":false,"_monsterinsights_sitenote_note":"","_monsterinsights_sitenote_category":0},"product_brand":[],"product_cat":[237],"product_tag":[],"class_list":{"0":"post-9323","1":"product","2":"type-product","3":"status-publish","4":"has-post-thumbnail","6":"product_cat-tools","8":"first","9":"instock","10":"taxable","11":"shipping-taxable","12":"purchasable","13":"product-type-simple"},"acf":[],"aioseo_notices":[],"jetpack_sharing_enabled":true,"_links":{"self":[{"href":"https:\/\/antcube.shop\/hu\/wp-json\/wp\/v2\/product\/9323","targetHints":{"allow":["GET"]}}],"collection":[{"href":"https:\/\/antcube.shop\/hu\/wp-json\/wp\/v2\/product"}],"about":[{"href":"https:\/\/antcube.shop\/hu\/wp-json\/wp\/v2\/types\/product"}],"replies":[{"embeddable":true,"href":"https:\/\/antcube.shop\/hu\/wp-json\/wp\/v2\/comments?post=9323"}],"wp:featuredmedia":[{"embeddable":true,"href":"https:\/\/antcube.shop\/hu\/wp-json\/wp\/v2\/media\/9580"}],"wp:attachment":[{"href":"https:\/\/antcube.shop\/hu\/wp-json\/wp\/v2\/media?parent=9323"}],"wp:term":[{"taxonomy":"product_brand","embeddable":true,"href":"https:\/\/antcube.shop\/hu\/wp-json\/wp\/v2\/product_brand?post=9323"},{"taxonomy":"product_cat","embeddable":true,"href":"https:\/\/antcube.shop\/hu\/wp-json\/wp\/v2\/product_cat?post=9323"},{"taxonomy":"product_tag","embeddable":true,"href":"https:\/\/antcube.shop\/hu\/wp-json\/wp\/v2\/product_tag?post=9323"}],"curies":[{"name":"wp","href":"https:\/\/api.w.org\/{rel}","templated":true}]}}