{"id":9321,"date":"2024-09-17T16:15:23","date_gmt":"2024-09-17T14:15:23","guid":{"rendered":"https:\/\/antcube.shop\/en\/product\/formicarienunterlage-60x30cm\/"},"modified":"2026-04-05T20:47:15","modified_gmt":"2026-04-05T18:47:15","slug":"60x30cm-es-formicarium-parna","status":"publish","type":"product","link":"https:\/\/antcube.shop\/hu\/termek\/60x30cm-es-formicarium-parna\/","title":{"rendered":"Formicarium p\u00e1rna - 60x30cm"},"content":{"rendered":"<p><strong>M\u00e9retek:<\/strong> 600 x 300 x 4mm<\/p>\n<p><strong>Anyag:<\/strong> PE hab<\/p>\n<p><strong>Sz\u00edn:<\/strong> sz\u00fcrke<\/p>\n<p><strong>Tartalom:<\/strong> 1 db.<\/p>\n<p><strong>Le\u00edr\u00e1s:<\/strong><br \/>\nA formicarium p\u00e1rna puha habszivacsb\u00f3l k\u00e9sz\u00fclt.<br \/>\nMegv\u00e9di a formik\u00e1riumot \u00e9s azt a b\u00fatordarabot, amelyen a formik\u00e1rium \u00e1ll, a karcol\u00e1sokt\u00f3l.<br \/>\nA p\u00e1rna h\u0151szigetel\u00e9sk\u00e9nt is szolg\u00e1l, amely kiegyenl\u00edti a legkisebb egyenetlens\u00e9geket, \u00e9s v\u00e9d a rezg\u00e9sek ellen is.<\/p>","protected":false},"excerpt":{"rendered":"<p>M\u00e9retek: Anyag: 600 x 300 x 4mm: Anyag: PE hab Sz\u00edn: sz\u00fcrke: 1 db. Term\u00e9kle\u00edr\u00e1s: A term\u00e9k le\u00edr\u00e1sa: A term\u00e9k le\u00edr\u00e1sa: A term\u00e9k le\u00edr\u00e1sa: A term\u00e9k le\u00edr\u00e1sa: A formicarium p\u00e1rna puha habb\u00f3l k\u00e9sz\u00fclt. Megv\u00e9di a formik\u00e1riumot \u00e9s azt a b\u00fatordarabot, amelyen a formik\u00e1rium \u00e1ll, a karcol\u00e1sokt\u00f3l. A sz\u0151nyegp\u00e1rna h\u0151szigetel\u00e9sk\u00e9nt is szolg\u00e1l, amely a legkisebb egyenetlens\u00e9geket is kiegyenl\u00edti, valamint","protected":false},"featured_media":9584,"comment_status":"open","ping_status":"closed","template":"","meta":{"_acf_changed":false,"content-type":"","_monsterinsights_skip_tracking":false,"_monsterinsights_sitenote_active":false,"_monsterinsights_sitenote_note":"","_monsterinsights_sitenote_category":0},"product_brand":[484],"product_cat":[119,239],"product_tag":[],"class_list":{"0":"post-9321","1":"product","2":"type-product","3":"status-publish","4":"has-post-thumbnail","6":"product_brand-antcube","7":"product_cat-formicarium-components","8":"product_cat-useful-additions","10":"first","11":"instock","12":"taxable","13":"shipping-taxable","14":"purchasable","15":"product-type-simple"},"acf":[],"aioseo_notices":[],"jetpack_sharing_enabled":true,"_links":{"self":[{"href":"https:\/\/antcube.shop\/hu\/wp-json\/wp\/v2\/product\/9321","targetHints":{"allow":["GET"]}}],"collection":[{"href":"https:\/\/antcube.shop\/hu\/wp-json\/wp\/v2\/product"}],"about":[{"href":"https:\/\/antcube.shop\/hu\/wp-json\/wp\/v2\/types\/product"}],"replies":[{"embeddable":true,"href":"https:\/\/antcube.shop\/hu\/wp-json\/wp\/v2\/comments?post=9321"}],"wp:featuredmedia":[{"embeddable":true,"href":"https:\/\/antcube.shop\/hu\/wp-json\/wp\/v2\/media\/9584"}],"wp:attachment":[{"href":"https:\/\/antcube.shop\/hu\/wp-json\/wp\/v2\/media?parent=9321"}],"wp:term":[{"taxonomy":"product_brand","embeddable":true,"href":"https:\/\/antcube.shop\/hu\/wp-json\/wp\/v2\/product_brand?post=9321"},{"taxonomy":"product_cat","embeddable":true,"href":"https:\/\/antcube.shop\/hu\/wp-json\/wp\/v2\/product_cat?post=9321"},{"taxonomy":"product_tag","embeddable":true,"href":"https:\/\/antcube.shop\/hu\/wp-json\/wp\/v2\/product_tag?post=9321"}],"curies":[{"name":"wp","href":"https:\/\/api.w.org\/{rel}","templated":true}]}}