{"id":9318,"date":"2024-09-17T16:14:20","date_gmt":"2024-09-17T14:14:20","guid":{"rendered":"https:\/\/antcube.shop\/en\/product\/antcube-rote-folie-20x10-filter\/"},"modified":"2026-04-02T09:54:33","modified_gmt":"2026-04-02T07:54:33","slug":"antcube-rote-folie-20x10-szuro","status":"publish","type":"product","link":"https:\/\/antcube.shop\/hu\/termek\/antcube-rote-folie-20x10-szuro\/","title":{"rendered":"ANTCUBE - V\u00f6r\u00f6s f\u00f3lia 20\u00d710 - Sz\u0171r\u0151"},"content":{"rendered":"<p><strong>M\u00e9retek:<\/strong> 19x6cm<\/p>\n<p><strong>Anyag:<\/strong> PVC<\/p>\n<p><strong>Le\u00edr\u00e1s:<\/strong> A piros \u00e1tl\u00e1tsz\u00f3 f\u00f3li\u00e1t arra haszn\u00e1lj\u00e1k, hogy a hangy\u00e1knak f\u00f6ldalatti \u00e9rz\u00e9st adjanak. Ez\u00e9rt javasoljuk, hogy ezt a term\u00e9ket legal\u00e1bb r\u00e9szben a f\u00e9szek ter\u00fclet\u00e9n haszn\u00e1ljuk. Ennek ellen\u00e9re a hangy\u00e1k tov\u00e1bbra is k\u00f6nnyen megfigyelhet\u0151k a f\u00e9szekben. Pontosan m\u00e9retre v\u00e1gva az ANTCUBE \"Hangyafarm 60x30cm S\/M\/L - f\u00fcgg\u0151legesen\" sz\u00e1m\u00e1ra.<\/p>\n<p>Ez a sz\u0171r\u0151f\u00f3lia jobb f\u00e9nysz\u0171r\u0151 hat\u00e1ssal rendelkezik, mint a norm\u00e1l fed\u0151f\u00f3lia. H\u0151m\u00e9rs\u00e9klet\u00e1ll\u00f3 180\u00b0C-ig<\/p>\n<p>A sz\u0171r\u0151f\u00f3lia enyhe, egyenletes nyom\u00e1ssal mag\u00e1t\u00f3l megtapad a tany\u00e1n vagy a f\u00e9szek ter\u00fclet\u00e9n. Alternat\u00edv megold\u00e1sk\u00e9nt \u00e1tl\u00e1tsz\u00f3 ragaszt\u00f3szalag is alkalmas a r\u00f6gz\u00edt\u00e9sre. Egyszer\u0171en r\u00f6gz\u00edtse k\u00e9t kis cs\u00edkkal a fels\u0151 sarkokn\u00e1l, \u00edgy a f\u00f3lia k\u00e9s\u0151bb felemelhet\u0151, hogy jobban bel\u00e1thassa a f\u00e9szkel\u0151helyet.<\/p>","protected":false},"excerpt":{"rendered":"<p>M\u00e9retek: Anyag: 19x6cm: Anyag: PVC Le\u00edr\u00e1s: PVC: A piros \u00e1tl\u00e1tsz\u00f3 f\u00f3lia a hangy\u00e1knak f\u00f6ldalatti \u00e9rz\u00e9st ad. Ez\u00e9rt javasoljuk, hogy ezt a term\u00e9ket legal\u00e1bb r\u00e9szben a f\u00e9szek ter\u00fclet\u00e9n haszn\u00e1ljuk. Ennek ellen\u00e9re a hangy\u00e1k tov\u00e1bbra is k\u00f6nnyen megfigyelhet\u0151k a f\u00e9szekben. Pontosan az ANTCUBE \"Hangyafarm 20x10cm S\/M\/L - f\u00fcgg\u0151legesen\" ANTCUBE m\u00e9retre v\u00e1gva. Ez a sz\u0171r\u0151","protected":false},"featured_media":9826,"comment_status":"open","ping_status":"closed","template":"","meta":{"_acf_changed":false,"content-type":"","_monsterinsights_skip_tracking":false,"_monsterinsights_sitenote_active":false,"_monsterinsights_sitenote_note":"","_monsterinsights_sitenote_category":0},"product_brand":[484],"product_cat":[119,239],"product_tag":[],"class_list":{"0":"post-9318","1":"product","2":"type-product","3":"status-publish","4":"has-post-thumbnail","6":"product_brand-antcube","7":"product_cat-formicarium-components","8":"product_cat-useful-additions","10":"first","11":"instock","12":"taxable","13":"shipping-taxable","14":"purchasable","15":"product-type-simple"},"acf":[],"aioseo_notices":[],"jetpack_sharing_enabled":true,"_links":{"self":[{"href":"https:\/\/antcube.shop\/hu\/wp-json\/wp\/v2\/product\/9318","targetHints":{"allow":["GET"]}}],"collection":[{"href":"https:\/\/antcube.shop\/hu\/wp-json\/wp\/v2\/product"}],"about":[{"href":"https:\/\/antcube.shop\/hu\/wp-json\/wp\/v2\/types\/product"}],"replies":[{"embeddable":true,"href":"https:\/\/antcube.shop\/hu\/wp-json\/wp\/v2\/comments?post=9318"}],"wp:featuredmedia":[{"embeddable":true,"href":"https:\/\/antcube.shop\/hu\/wp-json\/wp\/v2\/media\/9826"}],"wp:attachment":[{"href":"https:\/\/antcube.shop\/hu\/wp-json\/wp\/v2\/media?parent=9318"}],"wp:term":[{"taxonomy":"product_brand","embeddable":true,"href":"https:\/\/antcube.shop\/hu\/wp-json\/wp\/v2\/product_brand?post=9318"},{"taxonomy":"product_cat","embeddable":true,"href":"https:\/\/antcube.shop\/hu\/wp-json\/wp\/v2\/product_cat?post=9318"},{"taxonomy":"product_tag","embeddable":true,"href":"https:\/\/antcube.shop\/hu\/wp-json\/wp\/v2\/product_tag?post=9318"}],"curies":[{"name":"wp","href":"https:\/\/api.w.org\/{rel}","templated":true}]}}