{"id":9317,"date":"2024-09-17T16:13:59","date_gmt":"2024-09-17T14:13:59","guid":{"rendered":"https:\/\/antcube.shop\/en\/product\/ameisen-ausbruchsschutz-set\/"},"modified":"2026-04-05T12:30:32","modified_gmt":"2026-04-05T10:30:32","slug":"hangya-jarvanyvedelmi-keszlet","status":"publish","type":"product","link":"https:\/\/antcube.shop\/hu\/termek\/hangya-jarvanyvedelmi-keszlet\/","title":{"rendered":"Hangya j\u00e1rv\u00e1nyv\u00e9delmi k\u00e9szlet"},"content":{"rendered":"<p><strong>Tartalom:<\/strong><br \/>\n1x hangya elleni v\u00e9d\u0151olaj 10ml (kerozinolaj alap\u00fa)<br \/>\n1x hangya elleni v\u00e9d\u0151por 10ml (talkum alap\u00fa)<br \/>\n1x hangyabakt\u00e9rium elleni v\u00e9d\u0151lakk 10ml (PTFE alap\u00fa)<br \/>\n3x speci\u00e1lis habkefe a kit\u00f6r\u00e9s elleni v\u00e9d\u0151anyag felhord\u00e1s\u00e1hoz<br \/>\n3x kever\u0151ed\u00e9ny adagol\u00e1shoz vagy kever\u00e9shez.<\/p>\n<p><strong>Le\u00edr\u00e1s:<\/strong> \u00d6ssze\u00e1ll\u00edtottunk egy kis k\u00e9szletet a leghat\u00e9konyabb j\u00e1rv\u00e1nyv\u00e9delmi anyagokb\u00f3l, hogy kipr\u00f3b\u00e1lhassa, melyik j\u00e1rv\u00e1nyv\u00e9delem a legmegfelel\u0151bb az \u00d6n kol\u00f3ni\u00e1j\u00e1nak.<\/p>\n<p><a href=\"https:\/\/www.antstore.net\/shop\/images\/documents\/ant%20escape%20protection%20lacquer%20EN.pdf\">Biztons\u00e1gi adatlap a hangyabakt\u00e9rium elleni v\u00e9d\u0151fest\u00e9khez (angol), (PDF 0,2 MB)<\/a><br \/>\n(Tartalmazza: Biztons\u00e1gi utas\u00edt\u00e1sok)<\/p>\n<p><a href=\"https:\/\/www.antstore.net\/shop\/images\/documents\/ant_escape_protection_oil_en.pdf\">Biztons\u00e1gi adatlap a Hangya kit\u00f6r\u00e9s elleni v\u00e9d\u0151olajhoz (angol) , (PDF 0,1 MB)<\/a><br \/>\n(Tartalmazza: Biztons\u00e1gi utas\u00edt\u00e1sok)<\/p>","protected":false},"excerpt":{"rendered":"<p>Tartalom: 1x hangyabakt\u00e9rium elleni v\u00e9d\u0151olaj 10ml (kerozinolaj alap\u00fa) 1x hangyabakt\u00e9rium elleni v\u00e9d\u0151por 10ml (talkum alap\u00fa) 1x hangyabakt\u00e9rium elleni lakk 10ml (PTFE alap\u00fa) 3x speci\u00e1lis habkefe a hangyabakt\u00e9rium elleni v\u00e9d\u0151anyag felvitel\u00e9hez 3x kever\u0151ed\u00e9ny az adagol\u00e1shoz vagy kever\u00e9shez. Le\u00edr\u00e1s: \u00d6ssze\u00e1ll\u00edtottunk egy kis k\u00e9szletet a leghat\u00e9konyabb j\u00e1rv\u00e1nykit\u00f6r\u00e9si","protected":false},"featured_media":9591,"comment_status":"open","ping_status":"closed","template":"","meta":{"_acf_changed":false,"content-type":"","_monsterinsights_skip_tracking":false,"_monsterinsights_sitenote_active":false,"_monsterinsights_sitenote_note":"","_monsterinsights_sitenote_category":0},"product_brand":[484],"product_cat":[237],"product_tag":[],"class_list":{"0":"post-9317","1":"product","2":"type-product","3":"status-publish","4":"has-post-thumbnail","6":"product_brand-antcube","7":"product_cat-tools","9":"first","10":"instock","11":"taxable","12":"shipping-taxable","13":"purchasable","14":"product-type-simple"},"acf":[],"aioseo_notices":[],"jetpack_sharing_enabled":true,"_links":{"self":[{"href":"https:\/\/antcube.shop\/hu\/wp-json\/wp\/v2\/product\/9317","targetHints":{"allow":["GET"]}}],"collection":[{"href":"https:\/\/antcube.shop\/hu\/wp-json\/wp\/v2\/product"}],"about":[{"href":"https:\/\/antcube.shop\/hu\/wp-json\/wp\/v2\/types\/product"}],"replies":[{"embeddable":true,"href":"https:\/\/antcube.shop\/hu\/wp-json\/wp\/v2\/comments?post=9317"}],"wp:featuredmedia":[{"embeddable":true,"href":"https:\/\/antcube.shop\/hu\/wp-json\/wp\/v2\/media\/9591"}],"wp:attachment":[{"href":"https:\/\/antcube.shop\/hu\/wp-json\/wp\/v2\/media?parent=9317"}],"wp:term":[{"taxonomy":"product_brand","embeddable":true,"href":"https:\/\/antcube.shop\/hu\/wp-json\/wp\/v2\/product_brand?post=9317"},{"taxonomy":"product_cat","embeddable":true,"href":"https:\/\/antcube.shop\/hu\/wp-json\/wp\/v2\/product_cat?post=9317"},{"taxonomy":"product_tag","embeddable":true,"href":"https:\/\/antcube.shop\/hu\/wp-json\/wp\/v2\/product_tag?post=9317"}],"curies":[{"name":"wp","href":"https:\/\/api.w.org\/{rel}","templated":true}]}}