{"id":9316,"date":"2024-09-17T16:13:38","date_gmt":"2024-09-17T14:13:38","guid":{"rendered":"https:\/\/antcube.shop\/en\/product\/ameisen-ausbruchsschutz-lack-10ml\/"},"modified":"2026-04-13T09:31:00","modified_gmt":"2026-04-13T07:31:00","slug":"ameisen-ausbruchsschutz-lack-10ml","status":"publish","type":"product","link":"https:\/\/antcube.shop\/hu\/termek\/ameisen-ausbruchsschutz-lack-10ml\/","title":{"rendered":"Hangyafert\u0151z\u00e9s elleni lakk 10ml"},"content":{"rendered":"<p><strong>Tartalom:<\/strong> 10 ml (h\u00edg\u00edtatlanul elegend\u0151 kb. 10 m\u00e9ter 20 mm sz\u00e9les cs\u00edkhoz)<\/p>\n<p><strong>Sz\u00edn:<\/strong> tejfeh\u00e9r<\/p>\n<p><strong>Anyag:<\/strong> PTFE-alap\u00fa<\/p>\n<p><strong>Le\u00edr\u00e1s:<\/strong> A lakk ide\u00e1lis kit\u00f6r\u00e9sg\u00e1tl\u00f3 a hangy\u00e1k sz\u00e1m\u00e1ra; egy olyan m\u0171anyagt\u00edpus, amelyet gyakran haszn\u00e1lnak ragaszt\u00f3anyagk\u00e9nt is - H\u00f6lldobler \u00e9s Wilson tud\u00f3sok is aj\u00e1nlj\u00e1k kit\u00f6r\u00e9sg\u00e1tl\u00f3k\u00e9nt a hangyatart\u00e1sban. A hangy\u00e1k nem tal\u00e1lnak fog\u00e1st a felhordott f\u00f3li\u00e1n, \u00e9s lecs\u00fasznak r\u00f3la. A bevonat tart\u00f3s, ez\u00e9rt nem kell olyan gyakran meg\u00faj\u00edtani, mint m\u00e1s alternat\u00edv\u00e1kat.<\/p>\n<p><strong>El\u0151ny:<\/strong><br \/>\n- Ha tiszt\u00e1n alkalmazz\u00e1k, nincs sz\u00fcks\u00e9g meg\u00faj\u00edt\u00e1sra.<br \/>\n- Ide\u00e1lis \u00fcvegfel\u00fcletekhez.<\/p>\n<p><strong>H\u00e1tr\u00e1ny:<\/strong><br \/>\n- Nem alkalmas magas p\u00e1ratartalm\u00fa formicaria eset\u00e9n, mivel a lakk v\u00edzben old\u00f3dik.<br \/>\n- A lakk nem annyira alkalmas m\u0171anyag fel\u00fcletekre, mivel ezek \u00f6nzs\u00edroz\u00f3ak.<br \/>\n- A felhord\u00e1st el\u0151zetesen gyakorolni kell, mivel a \"lakkozott\" fel\u00fclet nem lehet \u00e9rdes vagy karcos.<\/p>\n<p><strong>Alkalmaz\u00e1s:<\/strong> Haszn\u00e1lat el\u0151tt j\u00f3l r\u00e1zza fel. A lakk haszn\u00e1lhat\u00f3 a mell\u00e9kelt form\u00e1ban vagy v\u00edzzel h\u00edg\u00edtva, legfeljebb 1:10 ar\u00e1nyban. Ecsettel lehet felvinni, vagy egyszer\u0171en csak \u00f3vatosan a kezelend\u0151 fel\u00fcletekre csepegtetni. A filmnek k\u00f6r\u00fclbel\u00fcl 3-szor olyan sz\u00e9lesnek kell lennie a sz\u00e9l\u00e9n, mint amilyen hossz\u00faak a hangy\u00e1k. A legegyszer\u0171bb, ha a ter\u00fcletet ragaszt\u00f3szalaggal lemaszk\u00edrozza, \u00e9s a fest\u00e9ket a tart\u00e1ly oldal\u00e1n fekve viszi fel. A sz\u00e1rad\u00e1si id\u0151 oldalank\u00e9nt kb. 45 perc, de a felhord\u00e1s vastags\u00e1g\u00e1t\u00f3l f\u00fcgg\u0151en kiss\u00e9 v\u00e1ltozhat.<\/p>\n<p><strong>Fontos megjegyz\u00e9s:<\/strong> Ker\u00fclje a szemmel val\u00f3 \u00e9rintkez\u00e9st. Szemmel val\u00f3 \u00e9rintkez\u00e9s eset\u00e9n azonnal \u00f6bl\u00edtse ki b\u0151 v\u00edzzel \u00e9s forduljon orvoshoz. Alkalmaz\u00e1s k\u00f6zben ne doh\u00e1nyozzon. Csak j\u00f3l szell\u0151z\u0151 helyis\u00e9gekben haszn\u00e1lja. Gyermekek el\u0151l elz\u00e1rva tartand\u00f3! A fest\u00e9k fagypont alatti h\u0151m\u00e9rs\u00e9kleten visszaford\u00edthatatlanul megv\u00e1ltoztathatja \u00e1llag\u00e1t. Ez\u00e9rt csak 0\u00b0C feletti h\u0151m\u00e9rs\u00e9kleten sz\u00e1ll\u00edtjuk!<\/p>\n<p><a href=\"https:\/\/www.antstore.net\/shop\/images\/documents\/ant%20escape%20protection%20lacquer%20EN.pdf\">Biztons\u00e1gi adatlap a Hangyaboly-j\u00e1rv\u00e1nyv\u00e9delmi fest\u00e9khez (angol) , (PDF 0,2 MB)<\/a><br \/>\n(Tartalmazza: Biztons\u00e1gi utas\u00edt\u00e1sok)<\/p>\n<p>&nbsp;<\/p>","protected":false},"excerpt":{"rendered":"<p>Tartalom: 10 ml (h\u00edg\u00edtatlanul elegend\u0151 kb. 10 m\u00e9ter 20 mm sz\u00e9les cs\u00edkhoz) Sz\u00edn: tejfeh\u00e9r Anyag: 10 ml (h\u00edg\u00edtatlanul elegend\u0151 kb. 10 m\u00e9ter 20 mm sz\u00e9les cs\u00edkhoz): PTFE-alap\u00fa Le\u00edr\u00e1s: A lakk ide\u00e1lis kit\u00f6r\u00e9sg\u00e1tl\u00f3 a hangy\u00e1k sz\u00e1m\u00e1ra; egy olyan m\u0171anyagt\u00edpus, amelyet gyakran haszn\u00e1lnak ragaszt\u00f3anyagk\u00e9nt is - H\u00f6lldobler \u00e9s Wilson tud\u00f3sok is aj\u00e1nlj\u00e1k kit\u00f6r\u00e9sg\u00e1tl\u00f3k\u00e9nt a hangy\u00e1kn\u00e1l...","protected":false},"featured_media":9592,"comment_status":"open","ping_status":"closed","template":"","meta":{"_acf_changed":false,"content-type":"","_monsterinsights_skip_tracking":false,"_monsterinsights_sitenote_active":false,"_monsterinsights_sitenote_note":"","_monsterinsights_sitenote_category":0},"product_brand":[484],"product_cat":[237],"product_tag":[],"class_list":{"0":"post-9316","1":"product","2":"type-product","3":"status-publish","4":"has-post-thumbnail","6":"product_brand-antcube","7":"product_cat-tools","9":"first","10":"instock","11":"taxable","12":"shipping-taxable","13":"purchasable","14":"product-type-simple"},"acf":[],"aioseo_notices":[],"jetpack_sharing_enabled":true,"_links":{"self":[{"href":"https:\/\/antcube.shop\/hu\/wp-json\/wp\/v2\/product\/9316","targetHints":{"allow":["GET"]}}],"collection":[{"href":"https:\/\/antcube.shop\/hu\/wp-json\/wp\/v2\/product"}],"about":[{"href":"https:\/\/antcube.shop\/hu\/wp-json\/wp\/v2\/types\/product"}],"replies":[{"embeddable":true,"href":"https:\/\/antcube.shop\/hu\/wp-json\/wp\/v2\/comments?post=9316"}],"wp:featuredmedia":[{"embeddable":true,"href":"https:\/\/antcube.shop\/hu\/wp-json\/wp\/v2\/media\/9592"}],"wp:attachment":[{"href":"https:\/\/antcube.shop\/hu\/wp-json\/wp\/v2\/media?parent=9316"}],"wp:term":[{"taxonomy":"product_brand","embeddable":true,"href":"https:\/\/antcube.shop\/hu\/wp-json\/wp\/v2\/product_brand?post=9316"},{"taxonomy":"product_cat","embeddable":true,"href":"https:\/\/antcube.shop\/hu\/wp-json\/wp\/v2\/product_cat?post=9316"},{"taxonomy":"product_tag","embeddable":true,"href":"https:\/\/antcube.shop\/hu\/wp-json\/wp\/v2\/product_tag?post=9316"}],"curies":[{"name":"wp","href":"https:\/\/api.w.org\/{rel}","templated":true}]}}