{"id":9315,"date":"2024-09-17T16:13:12","date_gmt":"2024-09-17T14:13:12","guid":{"rendered":"https:\/\/antcube.shop\/en\/product\/ameisen-ausbruchsschutz-pulver-10ml\/"},"modified":"2026-04-23T09:47:08","modified_gmt":"2026-04-23T07:47:08","slug":"hangya-menekules-vedelmi-por-10ml","status":"publish","type":"product","link":"https:\/\/antcube.shop\/hu\/termek\/hangya-menekules-vedelmi-por-10ml\/","title":{"rendered":"Hangya menek\u00fcl\u00e9s elleni v\u00e9d\u0151por 10ml"},"content":{"rendered":"<p><strong>Tartalom:<\/strong> 8g\/10ml (kb. egy m\u00e9ternyi 2 cm sz\u00e9les cs\u00edkhoz elegend\u0151)<\/p>\n<p><strong>Sz\u00edn:<\/strong> feh\u00e9r, matt<\/p>\n<p><strong>Anyag:<\/strong> talkum alap\u00fa<\/p>\n<p><strong>Le\u00edr\u00e1s:<\/strong> A por megakad\u00e1lyozza a hangy\u00e1k kit\u00f6r\u00e9s\u00e9t, ha a port v\u00edzzel \u00f6sszekeverj\u00fck, \u00e9s ecsettel kb. 1 cm-rel a formicarium bels\u0151 sz\u00e9le al\u00e1 kenj\u00fck. A v\u00edz elp\u00e1rolog, \u00e9s egy finom talkumpor r\u00e9teg marad vissza.<\/p>\n<p><strong>El\u0151ny:<\/strong> nagyon hat\u00e9kony, hosszan tart\u00f3<\/p>\n<p><strong>H\u00e1tr\u00e1ny:<\/strong> A porr\u00e9teg lev\u00e1lhat, ha a formicariumot felr\u00e1zzuk. Viszonylag nagy mennyis\u00e9gre van sz\u00fcks\u00e9g a kit\u00f6r\u00e9sv\u00e9d\u0151 olajhoz vagy lakkhoz k\u00e9pest.<\/p>\n<p><strong>Alkalmaz\u00e1s:<\/strong> A f\u00f3li\u00e1t k\u00f6r\u00fclbel\u00fcl 3-szor olyan sz\u00e9les sz\u00e9less\u00e9g\u0171re kell felvinni, mint amilyen hossz\u00faak a hangy\u00e1k.<\/p>","protected":false},"excerpt":{"rendered":"<p>Tartalom: Sz\u00edn: feh\u00e9r, matt Anyag: talkum alap\u00fa Le\u00edr\u00e1s: 8g\/10ml (elegend\u0151 kb. egy m\u00e9ternyi 2 cm sz\u00e9les cs\u00edkhoz): A por megakad\u00e1lyozza a hangy\u00e1k kit\u00f6r\u00e9s\u00e9t, ha a port v\u00edzzel \u00f6sszekeverj\u00fck, \u00e9s ecsettel kb. 1 cm-rel a formicarium bels\u0151 sz\u00e9le al\u00e1 kenj\u00fck. A v\u00edz elp\u00e1rolog, \u00e9s egy finom r\u00e9teg","protected":false},"featured_media":9596,"comment_status":"open","ping_status":"closed","template":"","meta":{"_acf_changed":false,"content-type":"","_monsterinsights_skip_tracking":false,"_monsterinsights_sitenote_active":false,"_monsterinsights_sitenote_note":"","_monsterinsights_sitenote_category":0},"product_brand":[],"product_cat":[237],"product_tag":[],"class_list":{"0":"post-9315","1":"product","2":"type-product","3":"status-publish","4":"has-post-thumbnail","6":"product_cat-tools","8":"first","9":"instock","10":"taxable","11":"shipping-taxable","12":"purchasable","13":"product-type-simple"},"acf":[],"aioseo_notices":[],"jetpack_sharing_enabled":true,"_links":{"self":[{"href":"https:\/\/antcube.shop\/hu\/wp-json\/wp\/v2\/product\/9315","targetHints":{"allow":["GET"]}}],"collection":[{"href":"https:\/\/antcube.shop\/hu\/wp-json\/wp\/v2\/product"}],"about":[{"href":"https:\/\/antcube.shop\/hu\/wp-json\/wp\/v2\/types\/product"}],"replies":[{"embeddable":true,"href":"https:\/\/antcube.shop\/hu\/wp-json\/wp\/v2\/comments?post=9315"}],"wp:featuredmedia":[{"embeddable":true,"href":"https:\/\/antcube.shop\/hu\/wp-json\/wp\/v2\/media\/9596"}],"wp:attachment":[{"href":"https:\/\/antcube.shop\/hu\/wp-json\/wp\/v2\/media?parent=9315"}],"wp:term":[{"taxonomy":"product_brand","embeddable":true,"href":"https:\/\/antcube.shop\/hu\/wp-json\/wp\/v2\/product_brand?post=9315"},{"taxonomy":"product_cat","embeddable":true,"href":"https:\/\/antcube.shop\/hu\/wp-json\/wp\/v2\/product_cat?post=9315"},{"taxonomy":"product_tag","embeddable":true,"href":"https:\/\/antcube.shop\/hu\/wp-json\/wp\/v2\/product_tag?post=9315"}],"curies":[{"name":"wp","href":"https:\/\/api.w.org\/{rel}","templated":true}]}}