{"id":9314,"date":"2024-09-17T16:12:51","date_gmt":"2024-09-17T14:12:51","guid":{"rendered":"https:\/\/antcube.shop\/en\/product\/gitterkappe-fein-fur-gittereinsatz-acryl-50mm\/"},"modified":"2026-02-23T10:53:58","modified_gmt":"2026-02-23T09:53:58","slug":"finom-racszaro-sapka-akril-racsbetethez-50mm","status":"publish","type":"product","link":"https:\/\/antcube.shop\/hu\/termek\/finom-racszaro-sapka-akril-racsbetethez-50mm\/","title":{"rendered":"Finom r\u00e1csz\u00e1r\u00f3 sapka - akril r\u00e1csbet\u00e9thez 50mm"},"content":{"rendered":"<p><strong>Mennyis\u00e9g:<\/strong> 1 darab<\/p>\n<p><strong>M\u00e9retek:<\/strong> 51x12mm<\/p>\n<p><strong>Sz\u00edn:<\/strong> \u00e1tl\u00e1tsz\u00f3<\/p>\n<p><strong>Anyag:<\/strong> m\u0171anyag<\/p>\n<p><strong>Le\u00edr\u00e1s:<\/strong> Ez a nagyon finom r\u00e1ccsal (0,2-0,3 mm) ell\u00e1tott sapka a \"R\u00e1csbet\u00e9t akril 50 mm - \u00e1tl\u00e1tsz\u00f3\" \u00e9s a \"Hangyaar\u00e9na - ventil\u00e1tor\" eset\u00e9ben megakad\u00e1lyozza, hogy a kis hangy\u00e1k kisz\u00f6kjenek a r\u00e1csbet\u00e9t sz\u00e9les szell\u0151z\u0151ny\u00edl\u00e1sain kereszt\u00fcl. A sapka alulr\u00f3l r\u00f6gz\u00edthet\u0151 a bet\u00e9thez.<\/p>\n<p><strong>Megjegyz\u00e9s:<\/strong> Felh\u00edvjuk figyelm\u00e9t, hogy ez a term\u00e9k csak a term\u00e9kkel egy\u00fctt haszn\u00e1lhat\u00f3: \"005044 R\u00e1csbet\u00e9t akril 50 mm - \u00e1tl\u00e1tsz\u00f3\" vagy a \"Hangya ar\u00e9na ventil\u00e1tor\"!<\/p>","protected":false},"excerpt":{"rendered":"<p>Mennyis\u00e9g: M\u00e9retek: 1 db: M\u00e9ret: 51x12mm Sz\u00edn: \u00e1tl\u00e1tsz\u00f3 Anyag: m\u0171anyag Le\u00edr\u00e1s: 1 db: Ez a \"R\u00e1csbet\u00e9t akril 50 mm - \u00e1tl\u00e1tsz\u00f3\" \u00e9s \"Hangyaar\u00e9na - ventil\u00e1tor\" nagyon finom r\u00e1ccsal (0,2-0,3 mm) ell\u00e1tott sapka megakad\u00e1lyozza, hogy a kis hangy\u00e1k kisz\u00f6kjenek a r\u00e1csbet\u00e9t sz\u00e9les szell\u0151z\u0151ny\u00edl\u00e1sain kereszt\u00fcl. A sapka a bet\u00e9thez r\u00f6gz\u00edthet\u0151","protected":false},"featured_media":9832,"comment_status":"open","ping_status":"closed","template":"","meta":{"_acf_changed":false,"content-type":"","_monsterinsights_skip_tracking":false,"_monsterinsights_sitenote_active":false,"_monsterinsights_sitenote_note":"","_monsterinsights_sitenote_category":0},"product_brand":[485],"product_cat":[119,238],"product_tag":[],"class_list":{"0":"post-9314","1":"product","2":"type-product","3":"status-publish","4":"has-post-thumbnail","6":"product_brand-antstore","7":"product_cat-formicarium-components","8":"product_cat-grid-caps-plugs-and-inserts","10":"first","11":"instock","12":"taxable","13":"shipping-taxable","14":"purchasable","15":"product-type-simple"},"acf":[],"aioseo_notices":[],"jetpack_sharing_enabled":true,"_links":{"self":[{"href":"https:\/\/antcube.shop\/hu\/wp-json\/wp\/v2\/product\/9314","targetHints":{"allow":["GET"]}}],"collection":[{"href":"https:\/\/antcube.shop\/hu\/wp-json\/wp\/v2\/product"}],"about":[{"href":"https:\/\/antcube.shop\/hu\/wp-json\/wp\/v2\/types\/product"}],"replies":[{"embeddable":true,"href":"https:\/\/antcube.shop\/hu\/wp-json\/wp\/v2\/comments?post=9314"}],"wp:featuredmedia":[{"embeddable":true,"href":"https:\/\/antcube.shop\/hu\/wp-json\/wp\/v2\/media\/9832"}],"wp:attachment":[{"href":"https:\/\/antcube.shop\/hu\/wp-json\/wp\/v2\/media?parent=9314"}],"wp:term":[{"taxonomy":"product_brand","embeddable":true,"href":"https:\/\/antcube.shop\/hu\/wp-json\/wp\/v2\/product_brand?post=9314"},{"taxonomy":"product_cat","embeddable":true,"href":"https:\/\/antcube.shop\/hu\/wp-json\/wp\/v2\/product_cat?post=9314"},{"taxonomy":"product_tag","embeddable":true,"href":"https:\/\/antcube.shop\/hu\/wp-json\/wp\/v2\/product_tag?post=9314"}],"curies":[{"name":"wp","href":"https:\/\/api.w.org\/{rel}","templated":true}]}}