{"id":9312,"date":"2024-09-17T16:11:55","date_gmt":"2024-09-17T14:11:55","guid":{"rendered":"https:\/\/antcube.shop\/en\/product\/gitterkappe-50mm-edelstahl\/"},"modified":"2026-04-13T19:03:16","modified_gmt":"2026-04-13T17:03:16","slug":"gitterkappe-50mm-edelstahl","status":"publish","type":"product","link":"https:\/\/antcube.shop\/hu\/termek\/gitterkappe-50mm-edelstahl\/","title":{"rendered":"R\u00e1csos sapka - 50mm - Rozsdamentes ac\u00e9l"},"content":{"rendered":"<p><strong>Mennyis\u00e9g:<\/strong> 1 darab<\/p>\n<p><strong>M\u00e9retek:<\/strong> 50mm (bels\u0151 \u00e1tm\u00e9r\u0151), 60x8mm (k\u00fcls\u0151 m\u00e9retek)<\/p>\n<p><strong>Sz\u00edn:<\/strong> \u00e1tl\u00e1tsz\u00f3<\/p>\n<p><strong>Anyag:<\/strong> rozsdamentes ac\u00e9l, akril\u00fcveg<\/p>\n<p><strong>Le\u00edr\u00e1s:<\/strong><br \/>\nEz a nagyon finom rozsdamentes ac\u00e9lr\u00e1csos (0,2 mm) r\u00e1csos sapka csatlakoztathat\u00f3 egy aljzatra, cs\u0151re vagy t\u00f6ml\u0151v\u00e9gre, \u00e9s biztos\u00edtja a j\u00f3 szell\u0151z\u00e9st a formik\u00e1riumban an\u00e9lk\u00fcl, hogy a hangy\u00e1k ki tudn\u00e1nak sz\u00f6kni. Mind a rozsdamentes ac\u00e9lr\u00e1cs, mind az akril\u00fcveg keret \u00e1tl\u00e1tsz\u00f3.<\/p>\n<p><strong>Megjegyz\u00e9s:<\/strong> Nagyon harap\u00f3s fajok, mint p\u00e9ld\u00e1ul a lev\u00e9lv\u00e1g\u00f3 hangy\u00e1k ellen is alkalmas!<\/p>","protected":false},"excerpt":{"rendered":"<p>Mennyis\u00e9g: M\u00e9retek: 1 db: Sz\u00edn: \u00e1tl\u00e1tsz\u00f3 Anyag: rozsdamentes ac\u00e9l, akril\u00fcveg Le\u00edr\u00e1s: 40mm (bels\u0151 \u00e1tm\u00e9r\u0151), 50x8mm (k\u00fcls\u0151 m\u00e9retek): Ez a nagyon finom rozsdamentes ac\u00e9lr\u00e1ccsal (0,2 mm) ell\u00e1tott r\u00e1csos sapka csatlakoztathat\u00f3 aljzatra, cs\u0151re vagy t\u00f6ml\u0151v\u00e9gre, \u00e9s biztos\u00edtja a j\u00f3 formik\u00e1riumszell\u0151z\u00e9st an\u00e9lk\u00fcl, hogy a hangy\u00e1k ki tudn\u00e1nak sz\u00f6kni. Mind a rozsdamentes ac\u00e9l","protected":false},"featured_media":9838,"comment_status":"open","ping_status":"closed","template":"","meta":{"_acf_changed":false,"content-type":"","_monsterinsights_skip_tracking":false,"_monsterinsights_sitenote_active":false,"_monsterinsights_sitenote_note":"","_monsterinsights_sitenote_category":0},"product_brand":[485],"product_cat":[119,238],"product_tag":[],"class_list":{"0":"post-9312","1":"product","2":"type-product","3":"status-publish","4":"has-post-thumbnail","6":"product_brand-antstore","7":"product_cat-formicarium-components","8":"product_cat-grid-caps-plugs-and-inserts","10":"first","11":"instock","12":"taxable","13":"shipping-taxable","14":"purchasable","15":"product-type-simple"},"acf":[],"aioseo_notices":[],"jetpack_sharing_enabled":true,"_links":{"self":[{"href":"https:\/\/antcube.shop\/hu\/wp-json\/wp\/v2\/product\/9312","targetHints":{"allow":["GET"]}}],"collection":[{"href":"https:\/\/antcube.shop\/hu\/wp-json\/wp\/v2\/product"}],"about":[{"href":"https:\/\/antcube.shop\/hu\/wp-json\/wp\/v2\/types\/product"}],"replies":[{"embeddable":true,"href":"https:\/\/antcube.shop\/hu\/wp-json\/wp\/v2\/comments?post=9312"}],"wp:featuredmedia":[{"embeddable":true,"href":"https:\/\/antcube.shop\/hu\/wp-json\/wp\/v2\/media\/9838"}],"wp:attachment":[{"href":"https:\/\/antcube.shop\/hu\/wp-json\/wp\/v2\/media?parent=9312"}],"wp:term":[{"taxonomy":"product_brand","embeddable":true,"href":"https:\/\/antcube.shop\/hu\/wp-json\/wp\/v2\/product_brand?post=9312"},{"taxonomy":"product_cat","embeddable":true,"href":"https:\/\/antcube.shop\/hu\/wp-json\/wp\/v2\/product_cat?post=9312"},{"taxonomy":"product_tag","embeddable":true,"href":"https:\/\/antcube.shop\/hu\/wp-json\/wp\/v2\/product_tag?post=9312"}],"curies":[{"name":"wp","href":"https:\/\/api.w.org\/{rel}","templated":true}]}}