{"id":9309,"date":"2024-09-17T16:10:44","date_gmt":"2024-09-17T14:10:44","guid":{"rendered":"https:\/\/antcube.shop\/en\/product\/einsteckeinsatz-fein-fur-gittereinsatz-acryl-50-mm\/"},"modified":"2026-03-24T16:45:14","modified_gmt":"2026-03-24T15:45:14","slug":"einsteckeinsatz-fein-fur-gittereinsatz-acryl-50-mm","status":"publish","type":"product","link":"https:\/\/antcube.shop\/hu\/termek\/einsteckeinsatz-fein-fur-gittereinsatz-acryl-50-mm\/","title":{"rendered":"Finom bet\u00e9t - 50 mm-es akrilr\u00e1csos bet\u00e9thez"},"content":{"rendered":"<p><strong>Mennyis\u00e9g:<\/strong> 1 darab<\/p>\n<p><strong>M\u00e9retek:<\/strong> 50x10mm<\/p>\n<p><strong>Sz\u00edn:<\/strong> \u00e1tl\u00e1tsz\u00f3<\/p>\n<p><strong>Anyag:<\/strong> m\u0171anyag<\/p>\n<p><strong>Le\u00edr\u00e1s:<\/strong><br \/>\nEz a nagyon finom h\u00e1l\u00f3s (0,2-0,3 mm) bet\u00e9t a \"h\u00e1l\u00f3s bet\u00e9t akril 50 mm - \u00e1tl\u00e1tsz\u00f3\" eset\u00e9ben megakad\u00e1lyozza, hogy a kis hangy\u00e1k a h\u00e1l\u00f3s bet\u00e9t sz\u00e9les szell\u0151z\u0151ny\u00edl\u00e1sain kereszt\u00fcl kisz\u00f6kjenek. A bet\u00e9tet alulr\u00f3l kell behelyezni a h\u00e1l\u00f3bet\u00e9tbe.<\/p>\n<p>Nagyon harap\u00f3s fajok, mint p\u00e9ld\u00e1ul a lev\u00e9lv\u00e1g\u00f3 hangy\u00e1k ellen is alkalmas!<\/p>\n<p><strong>Megjegyz\u00e9s:<\/strong> Felh\u00edvjuk figyelm\u00e9t, hogy ez a term\u00e9k csak a term\u00e9kkel egy\u00fctt haszn\u00e1lhat\u00f3: \"005044 R\u00e1csbet\u00e9t akril 50 mm - \u00e1tl\u00e1tsz\u00f3\"!<\/p>","protected":false},"excerpt":{"rendered":"<p>Mennyis\u00e9g: M\u00e9retek: 1 db: M\u00e9ret: 50x10mm Sz\u00edn: \u00e1tl\u00e1tsz\u00f3 Anyag: m\u0171anyag Le\u00edr\u00e1s: 1 db: Ez a \"h\u00e1l\u00f3s bet\u00e9t akril 50 mm - \u00e1tl\u00e1tsz\u00f3\" nagyon finom h\u00e1l\u00f3val (0,2-0,3 mm) ell\u00e1tott bet\u00e9t megakad\u00e1lyozza, hogy a kis hangy\u00e1k kisz\u00f6kjenek a h\u00e1l\u00f3s bet\u00e9t sz\u00e9les szell\u0151z\u0151ny\u00edl\u00e1sain kereszt\u00fcl. A bet\u00e9tet alulr\u00f3l kell behelyezni a h\u00e1l\u00f3bet\u00e9tbe. Alkalmas a nagyon","protected":false},"featured_media":9842,"comment_status":"open","ping_status":"closed","template":"","meta":{"_acf_changed":false,"content-type":"","_monsterinsights_skip_tracking":false,"_monsterinsights_sitenote_active":false,"_monsterinsights_sitenote_note":"","_monsterinsights_sitenote_category":0},"product_brand":[],"product_cat":[119,238],"product_tag":[],"class_list":{"0":"post-9309","1":"product","2":"type-product","3":"status-publish","4":"has-post-thumbnail","6":"product_cat-formicarium-components","7":"product_cat-grid-caps-plugs-and-inserts","9":"first","10":"outofstock","11":"taxable","12":"shipping-taxable","13":"purchasable","14":"product-type-simple"},"acf":[],"aioseo_notices":[],"jetpack_sharing_enabled":true,"_links":{"self":[{"href":"https:\/\/antcube.shop\/hu\/wp-json\/wp\/v2\/product\/9309","targetHints":{"allow":["GET"]}}],"collection":[{"href":"https:\/\/antcube.shop\/hu\/wp-json\/wp\/v2\/product"}],"about":[{"href":"https:\/\/antcube.shop\/hu\/wp-json\/wp\/v2\/types\/product"}],"replies":[{"embeddable":true,"href":"https:\/\/antcube.shop\/hu\/wp-json\/wp\/v2\/comments?post=9309"}],"wp:featuredmedia":[{"embeddable":true,"href":"https:\/\/antcube.shop\/hu\/wp-json\/wp\/v2\/media\/9842"}],"wp:attachment":[{"href":"https:\/\/antcube.shop\/hu\/wp-json\/wp\/v2\/media?parent=9309"}],"wp:term":[{"taxonomy":"product_brand","embeddable":true,"href":"https:\/\/antcube.shop\/hu\/wp-json\/wp\/v2\/product_brand?post=9309"},{"taxonomy":"product_cat","embeddable":true,"href":"https:\/\/antcube.shop\/hu\/wp-json\/wp\/v2\/product_cat?post=9309"},{"taxonomy":"product_tag","embeddable":true,"href":"https:\/\/antcube.shop\/hu\/wp-json\/wp\/v2\/product_tag?post=9309"}],"curies":[{"name":"wp","href":"https:\/\/api.w.org\/{rel}","templated":true}]}}