{"id":9308,"date":"2024-09-17T16:10:24","date_gmt":"2024-09-17T14:10:24","guid":{"rendered":"https:\/\/antcube.shop\/en\/product\/dosierfilter-16mm\/"},"modified":"2026-04-13T09:32:28","modified_gmt":"2026-04-13T07:32:28","slug":"dosierfilter-16mm","status":"publish","type":"product","link":"https:\/\/antcube.shop\/hu\/termek\/dosierfilter-16mm\/","title":{"rendered":"Adagol\u00f3 sz\u0171r\u0151 16mm"},"content":{"rendered":"<p><strong>M\u00e9retek:<\/strong> 20mm hossz\u00fa, \u00e1tm\u00e9r\u0151je 14mm 16mm-es f\u00e9szekcs\u00f6vekhez<\/p>\n<p><strong>Tartalom:<\/strong><br \/>\n1x adagol\u00f3 sz\u0171r\u0151<\/p>\n<p><strong>Anyag:<\/strong> Sz\u0171r\u0151k\u00f6zeg<\/p>\n<p><strong>Le\u00edr\u00e1s:<\/strong> Az adagol\u00f3 sz\u0171r\u0151 elv\u00e1lasztja a hangy\u00e1kat a f\u00e9szekcs\u0151ben l\u00e9v\u0151 v\u00edztart\u00e1lyb\u00f3l. A kapill\u00e1ris er\u0151k azonban elegend\u0151 nedvess\u00e9get engednek \u00e1t a sz\u0171r\u0151n a hangy\u00e1k ell\u00e1t\u00e1s\u00e1hoz.<\/p>\n<p><strong>Sz\u00ednek:<\/strong> feh\u00e9r<\/p>","protected":false},"excerpt":{"rendered":"<p>M\u00e9retek: 16 mm-es f\u00e9szekcs\u00f6vekhez Tartalom: 20 mm hossz\u00fa, 14 mm \u00e1tm\u00e9r\u0151j\u0171: Anyag: 1x adagol\u00f3sz\u0171r\u0151: Anyag: sz\u0171r\u0151k\u00f6zeg Le\u00edr\u00e1s: Az adagol\u00f3sz\u0171r\u0151 elv\u00e1lasztja a hangy\u00e1kat a f\u00e9szekcs\u0151ben l\u00e9v\u0151 v\u00edztart\u00e1lyb\u00f3l. A kapill\u00e1ris er\u0151k azonban elegend\u0151 nedvess\u00e9get engednek \u00e1t a sz\u0171r\u0151n a hangy\u00e1k ell\u00e1t\u00e1s\u00e1hoz. Sz\u00ednek: feh\u00e9r<\/p>","protected":false},"featured_media":9847,"comment_status":"open","ping_status":"closed","template":"","meta":{"_acf_changed":false,"content-type":"","_monsterinsights_skip_tracking":false,"_monsterinsights_sitenote_active":false,"_monsterinsights_sitenote_note":"","_monsterinsights_sitenote_category":0},"product_brand":[],"product_cat":[237],"product_tag":[],"class_list":{"0":"post-9308","1":"product","2":"type-product","3":"status-publish","4":"has-post-thumbnail","6":"product_cat-tools","8":"first","9":"instock","10":"taxable","11":"shipping-taxable","12":"purchasable","13":"product-type-simple"},"acf":[],"aioseo_notices":[],"jetpack_sharing_enabled":true,"_links":{"self":[{"href":"https:\/\/antcube.shop\/hu\/wp-json\/wp\/v2\/product\/9308","targetHints":{"allow":["GET"]}}],"collection":[{"href":"https:\/\/antcube.shop\/hu\/wp-json\/wp\/v2\/product"}],"about":[{"href":"https:\/\/antcube.shop\/hu\/wp-json\/wp\/v2\/types\/product"}],"replies":[{"embeddable":true,"href":"https:\/\/antcube.shop\/hu\/wp-json\/wp\/v2\/comments?post=9308"}],"wp:featuredmedia":[{"embeddable":true,"href":"https:\/\/antcube.shop\/hu\/wp-json\/wp\/v2\/media\/9847"}],"wp:attachment":[{"href":"https:\/\/antcube.shop\/hu\/wp-json\/wp\/v2\/media?parent=9308"}],"wp:term":[{"taxonomy":"product_brand","embeddable":true,"href":"https:\/\/antcube.shop\/hu\/wp-json\/wp\/v2\/product_brand?post=9308"},{"taxonomy":"product_cat","embeddable":true,"href":"https:\/\/antcube.shop\/hu\/wp-json\/wp\/v2\/product_cat?post=9308"},{"taxonomy":"product_tag","embeddable":true,"href":"https:\/\/antcube.shop\/hu\/wp-json\/wp\/v2\/product_tag?post=9308"}],"curies":[{"name":"wp","href":"https:\/\/api.w.org\/{rel}","templated":true}]}}