{"id":9307,"date":"2024-09-17T16:10:04","date_gmt":"2024-09-17T14:10:04","guid":{"rendered":"https:\/\/antcube.shop\/en\/product\/formicarienstopfen-fur-13mm-bohrung\/"},"modified":"2026-04-16T09:54:41","modified_gmt":"2026-04-16T07:54:41","slug":"formicarienstopfen-fur-13mm-bohrung","status":"publish","type":"product","link":"https:\/\/antcube.shop\/hu\/termek\/formicarienstopfen-fur-13mm-bohrung\/","title":{"rendered":"Formicarium dug\u00f3 13 mm-es lyukhoz"},"content":{"rendered":"<p><strong>Mennyis\u00e9g:<\/strong> 1 darab<\/p>\n<p><strong>M\u00e9retek:<\/strong> 18\u00d79 mm<\/p>\n<p><strong>Anyag:<\/strong> PE m\u0171anyag<\/p>\n<p><strong>Sz\u00edn:<\/strong> \u00e1tl\u00e1tsz\u00f3, tejszer\u0171<\/p>\n<p><strong>Le\u00edr\u00e1s:<\/strong> 10 mm \u00e1tm\u00e9r\u0151j\u0171 kerek ny\u00edl\u00e1sok lez\u00e1r\u00e1s\u00e1hoz a formic\u00e1ri\u00e1ban<br \/>\nFel\u00e1r ellen\u00e9ben k\u00e9r\u00e9sre lyukakat is v\u00e1ghatunk a dug\u00f3kba.<br \/>\nA k\u00f6vetkez\u0151 kiv\u00e1g\u00e1sok p\u00e9ld\u00e1ul a k\u00f6vetkez\u0151 elemekhez aj\u00e1nlottak:<br \/>\n10mm pl. t\u00f6ml\u0151h\u00f6z vagy cs\u0151h\u00f6z 10mm<\/p>","protected":false},"excerpt":{"rendered":"<p>Mennyis\u00e9g: M\u00e9retek: 1 db: Anyag: 18x9 mm: Anyag: PE m\u0171anyag Sz\u00edn: \u00e1tl\u00e1tsz\u00f3, tejes Le\u00edr\u00e1s: PE m\u0171anyag, \u00e1tl\u00e1tsz\u00f3, tejes, tejes, \u00e1tl\u00e1tsz\u00f3: A 13 mm \u00e1tm\u00e9r\u0151j\u0171 kerek formik\u00e1ri\u00e1k ny\u00edl\u00e1sainak lez\u00e1r\u00e1s\u00e1ra. A dug\u00f3kba k\u00e9r\u00e9sre, fel\u00e1r ellen\u00e9ben lyukakat is v\u00e1gunk. A k\u00f6vetkez\u0151 kiv\u00e1g\u00e1sok javasoltak, pl.: 10 mm pl. t\u00f6ml\u0151h\u00f6z vagy","protected":false},"featured_media":9849,"comment_status":"open","ping_status":"closed","template":"","meta":{"_acf_changed":false,"content-type":"","_monsterinsights_skip_tracking":false,"_monsterinsights_sitenote_active":false,"_monsterinsights_sitenote_note":"","_monsterinsights_sitenote_category":0},"product_brand":[],"product_cat":[119,238],"product_tag":[],"class_list":{"0":"post-9307","1":"product","2":"type-product","3":"status-publish","4":"has-post-thumbnail","6":"product_cat-formicarium-components","7":"product_cat-grid-caps-plugs-and-inserts","9":"first","10":"instock","11":"taxable","12":"shipping-taxable","13":"purchasable","14":"product-type-simple"},"acf":[],"aioseo_notices":[],"jetpack_sharing_enabled":true,"_links":{"self":[{"href":"https:\/\/antcube.shop\/hu\/wp-json\/wp\/v2\/product\/9307","targetHints":{"allow":["GET"]}}],"collection":[{"href":"https:\/\/antcube.shop\/hu\/wp-json\/wp\/v2\/product"}],"about":[{"href":"https:\/\/antcube.shop\/hu\/wp-json\/wp\/v2\/types\/product"}],"replies":[{"embeddable":true,"href":"https:\/\/antcube.shop\/hu\/wp-json\/wp\/v2\/comments?post=9307"}],"wp:featuredmedia":[{"embeddable":true,"href":"https:\/\/antcube.shop\/hu\/wp-json\/wp\/v2\/media\/9849"}],"wp:attachment":[{"href":"https:\/\/antcube.shop\/hu\/wp-json\/wp\/v2\/media?parent=9307"}],"wp:term":[{"taxonomy":"product_brand","embeddable":true,"href":"https:\/\/antcube.shop\/hu\/wp-json\/wp\/v2\/product_brand?post=9307"},{"taxonomy":"product_cat","embeddable":true,"href":"https:\/\/antcube.shop\/hu\/wp-json\/wp\/v2\/product_cat?post=9307"},{"taxonomy":"product_tag","embeddable":true,"href":"https:\/\/antcube.shop\/hu\/wp-json\/wp\/v2\/product_tag?post=9307"}],"curies":[{"name":"wp","href":"https:\/\/api.w.org\/{rel}","templated":true}]}}