{"id":9305,"date":"2024-09-17T16:09:19","date_gmt":"2024-09-17T14:09:19","guid":{"rendered":"https:\/\/antcube.shop\/en\/product\/formicarienstopfen-fur-4mm-bohrung\/"},"modified":"2026-04-13T15:13:10","modified_gmt":"2026-04-13T13:13:10","slug":"formicarienstopfen-fur-4mm-bohrung","status":"publish","type":"product","link":"https:\/\/antcube.shop\/hu\/termek\/formicarienstopfen-fur-4mm-bohrung\/","title":{"rendered":"Formicarium dug\u00f3 4 mm-es lyukhoz"},"content":{"rendered":"<p><strong>Mennyis\u00e9g:<\/strong> 1 darab<\/p>\n<p><strong>M\u00e9retek:<\/strong> 4mm\/ 9mm<\/p>\n<p><strong>Anyag:<\/strong> PE m\u0171anyag<\/p>\n<p><strong>Sz\u00edn:<\/strong> \u00e1tl\u00e1tsz\u00f3, tejszer\u0171<\/p>\n<p><strong>Le\u00edr\u00e1s:<\/strong> 10 mm \u00e1tm\u00e9r\u0151j\u0171 kerek ny\u00edl\u00e1sok lez\u00e1r\u00e1s\u00e1hoz a formic\u00e1ri\u00e1ban<\/p>","protected":false},"excerpt":{"rendered":"<p>10 mm \u00e1tm\u00e9r\u0151j\u0171 kerek ny\u00edl\u00e1sok lez\u00e1r\u00e1s\u00e1hoz a formic\u00e1ri\u00e1ban<\/p>","protected":false},"featured_media":9855,"comment_status":"open","ping_status":"closed","template":"","meta":{"_acf_changed":false,"content-type":"","_monsterinsights_skip_tracking":false,"_monsterinsights_sitenote_active":false,"_monsterinsights_sitenote_note":"","_monsterinsights_sitenote_category":0},"product_brand":[],"product_cat":[119,238],"product_tag":[],"class_list":{"0":"post-9305","1":"product","2":"type-product","3":"status-publish","4":"has-post-thumbnail","6":"product_cat-formicarium-components","7":"product_cat-grid-caps-plugs-and-inserts","9":"first","10":"instock","11":"taxable","12":"shipping-taxable","13":"purchasable","14":"product-type-simple"},"acf":[],"aioseo_notices":[],"jetpack_sharing_enabled":true,"_links":{"self":[{"href":"https:\/\/antcube.shop\/hu\/wp-json\/wp\/v2\/product\/9305","targetHints":{"allow":["GET"]}}],"collection":[{"href":"https:\/\/antcube.shop\/hu\/wp-json\/wp\/v2\/product"}],"about":[{"href":"https:\/\/antcube.shop\/hu\/wp-json\/wp\/v2\/types\/product"}],"replies":[{"embeddable":true,"href":"https:\/\/antcube.shop\/hu\/wp-json\/wp\/v2\/comments?post=9305"}],"wp:featuredmedia":[{"embeddable":true,"href":"https:\/\/antcube.shop\/hu\/wp-json\/wp\/v2\/media\/9855"}],"wp:attachment":[{"href":"https:\/\/antcube.shop\/hu\/wp-json\/wp\/v2\/media?parent=9305"}],"wp:term":[{"taxonomy":"product_brand","embeddable":true,"href":"https:\/\/antcube.shop\/hu\/wp-json\/wp\/v2\/product_brand?post=9305"},{"taxonomy":"product_cat","embeddable":true,"href":"https:\/\/antcube.shop\/hu\/wp-json\/wp\/v2\/product_cat?post=9305"},{"taxonomy":"product_tag","embeddable":true,"href":"https:\/\/antcube.shop\/hu\/wp-json\/wp\/v2\/product_tag?post=9305"}],"curies":[{"name":"wp","href":"https:\/\/api.w.org\/{rel}","templated":true}]}}