{"id":9304,"date":"2024-09-17T16:08:50","date_gmt":"2024-09-17T14:08:50","guid":{"rendered":"https:\/\/antcube.shop\/en\/product\/schlauchverbinder-t-16-weis\/"},"modified":"2026-04-01T17:55:19","modified_gmt":"2026-04-01T15:55:19","slug":"schlauchverbinder-t-16-weis","status":"publish","type":"product","link":"https:\/\/antcube.shop\/hu\/termek\/schlauchverbinder-t-16-weis\/","title":{"rendered":"T\u00f6ml\u0151csatlakoz\u00f3 T 16 - feh\u00e9r"},"content":{"rendered":"<p><strong>M\u00e9retek:<\/strong> 5,5 x 3,5 cm<br \/>\n<strong>Le\u00edr\u00e1s:<\/strong> Ez a T-t\u00f6ml\u0151csatlakoz\u00f3 16 mm bels\u0151 \u00e1tm\u00e9r\u0151j\u0171 t\u00f6ml\u0151ket csatlakoztat (20 mm k\u00fcls\u0151 \u00e1tm\u00e9r\u0151j\u0171 t\u00f6ml\u0151kh\u00f6z alkalmas).<\/p>","protected":false},"excerpt":{"rendered":"<p>M\u00e9retek: Le\u00edr\u00e1s: 3 x 3 cm Ez az L-t\u00f6ml\u0151csatlakoz\u00f3 16 mm bels\u0151 \u00e1tm\u00e9r\u0151j\u0171 t\u00f6ml\u0151ket csatlakoztat (20 mm k\u00fcls\u0151 \u00e1tm\u00e9r\u0151j\u0171 t\u00f6ml\u0151kh\u00f6z alkalmas).<\/p>","protected":false},"featured_media":9858,"comment_status":"open","ping_status":"closed","template":"","meta":{"_acf_changed":false,"content-type":"","_monsterinsights_skip_tracking":false,"_monsterinsights_sitenote_active":false,"_monsterinsights_sitenote_note":"","_monsterinsights_sitenote_category":0},"product_brand":[],"product_cat":[119,121],"product_tag":[],"class_list":{"0":"post-9304","1":"product","2":"type-product","3":"status-publish","4":"has-post-thumbnail","6":"product_cat-formicarium-components","7":"product_cat-connectors","9":"first","10":"instock","11":"taxable","12":"shipping-taxable","13":"purchasable","14":"product-type-simple"},"acf":[],"aioseo_notices":[],"jetpack_sharing_enabled":true,"_links":{"self":[{"href":"https:\/\/antcube.shop\/hu\/wp-json\/wp\/v2\/product\/9304","targetHints":{"allow":["GET"]}}],"collection":[{"href":"https:\/\/antcube.shop\/hu\/wp-json\/wp\/v2\/product"}],"about":[{"href":"https:\/\/antcube.shop\/hu\/wp-json\/wp\/v2\/types\/product"}],"replies":[{"embeddable":true,"href":"https:\/\/antcube.shop\/hu\/wp-json\/wp\/v2\/comments?post=9304"}],"wp:featuredmedia":[{"embeddable":true,"href":"https:\/\/antcube.shop\/hu\/wp-json\/wp\/v2\/media\/9858"}],"wp:attachment":[{"href":"https:\/\/antcube.shop\/hu\/wp-json\/wp\/v2\/media?parent=9304"}],"wp:term":[{"taxonomy":"product_brand","embeddable":true,"href":"https:\/\/antcube.shop\/hu\/wp-json\/wp\/v2\/product_brand?post=9304"},{"taxonomy":"product_cat","embeddable":true,"href":"https:\/\/antcube.shop\/hu\/wp-json\/wp\/v2\/product_cat?post=9304"},{"taxonomy":"product_tag","embeddable":true,"href":"https:\/\/antcube.shop\/hu\/wp-json\/wp\/v2\/product_tag?post=9304"}],"curies":[{"name":"wp","href":"https:\/\/api.w.org\/{rel}","templated":true}]}}