{"id":9292,"date":"2024-09-17T15:59:51","date_gmt":"2024-09-17T13:59:51","guid":{"rendered":"https:\/\/antcube.shop\/en\/product\/pilz-von-atta-cephalotes\/"},"modified":"2026-04-14T07:58:08","modified_gmt":"2026-04-14T05:58:08","slug":"az-atta-cephalotes-gombaja","status":"publish","type":"product","link":"https:\/\/antcube.shop\/hu\/termek\/az-atta-cephalotes-gombaja\/","title":{"rendered":"Az Atta cephalotes gomb\u00e1ja"},"content":{"rendered":"<p><span data-text-color=\"alert\"><strong>Sz\u00e1ll\u00edt\u00e1s csak N\u00e9metorsz\u00e1gban lehets\u00e9ges!<\/strong><\/span><\/p>\n<p><strong>Mennyis\u00e9g:<\/strong> (k\u00e9szlet)<br \/>\n1x sz\u00e1ll\u00edt\u00f3cs\u0151<br \/>\n1x l\u00e9g\u00e1tereszt\u0151 dug\u00f3<br \/>\n1x friss gomba legal\u00e1bb 1 cm\u00b3<\/p>\n<p><strong>Le\u00edr\u00e1s:<\/strong> P\u00f3tgomb\u00e1t k\u00edn\u00e1lunk olyan v\u00e9szhelyzetekre, amikor a lev\u00e9lv\u00e1g\u00f3 hangy\u00e1k gomb\u00e1ja a nem megfelel\u0151 h\u0151m\u00e9rs\u00e9klet, p\u00e1ratartalom vagy egy\u00e9b okok miatt hanyatlik vagy elpusztul.<br \/>\nEgy 1 cm\u00b3-es egys\u00e9g elegend\u0151 egy 11-25 \u00e1llatb\u00f3l \u00e1ll\u00f3 kol\u00f3nia \u00fajraind\u00edt\u00e1s\u00e1hoz.<br \/>\nA sz\u00e1ll\u00edtott gomba tartalmazhat apr\u00f3 gombafenntart\u00f3kat (mini dolgoz\u00f3kat).<br \/>\nEzek a kis minimunk\u00e1sok nem jelentenek probl\u00e9m\u00e1t a megl\u00e9v\u0151 kol\u00f3nia sz\u00e1m\u00e1ra, mivel csak a gomb\u00e1t gondozz\u00e1k.<\/p>\n<p><strong>Haszn\u00e1lja:<\/strong><br \/>\nGomba = gombafogyaszt\u00f3 hangyafajok eset\u00e9ben<br \/>\nEz egy teljes \u00e9rt\u00e9k\u0171 eledel (egyszeri takarm\u00e1ny)<br \/>\nA sz\u00e1ll\u00edt\u00f3tart\u00e1lyt fel kell nyitni, \u00e9s a hangyakol\u00f3nia mell\u00e9 kell helyezni. Az \u00e1llatok ezut\u00e1n magukt\u00f3l hordj\u00e1k ki a gombadarabokat.<\/p>\n<p><strong>T\u00e1rol\u00e1s:<\/strong> 25\u00b0C \u00e9s 90% p\u00e1ratartalom<\/p>\n<p><strong>Tartalmazza:<\/strong><br \/>\na megnevezett hangyafajok friss \u00e9s eredeti gombadarabjai.<\/p>\n<p><strong>Megjegyz\u00e9s:<\/strong><br \/>\nTov\u00e1bbi inform\u00e1ci\u00f3k\u00e9rt k\u00e9rj\u00fck, olvassa el a betegt\u00e1j\u00e9koztat\u00f3t.<\/p>\n<p>Inform\u00e1ci\u00f3s forr\u00f3dr\u00f3t +49 30 439703870<\/p>\n<p><strong>Felel\u0151s \u00e1llateg\u00e9szs\u00e9g\u00fcgyi \u00e9s \u00e9lelmiszer-fel\u00fcgyeleti hat\u00f3s\u00e1g:<\/strong><br \/>\nSteglitz \u00e1llatorvosi rendel\u0151<br \/>\nK\u00f6nigin-Luise-Str. 92<br \/>\n14195 Berlin<\/p>","protected":false},"excerpt":{"rendered":"<p>Teljes takarm\u00e1ny<\/p>","protected":false},"featured_media":9777,"comment_status":"open","ping_status":"closed","template":"","meta":{"_acf_changed":false,"content-type":"","_monsterinsights_skip_tracking":false,"_monsterinsights_sitenote_active":false,"_monsterinsights_sitenote_note":"","_monsterinsights_sitenote_category":0},"product_brand":[],"product_cat":[115,116],"product_tag":[],"class_list":{"0":"post-9292","1":"product","2":"type-product","3":"status-publish","4":"has-post-thumbnail","6":"product_cat-food-and-feeding","7":"product_cat-food","9":"first","10":"instock","11":"taxable","12":"shipping-taxable","13":"purchasable","14":"product-type-simple"},"acf":[],"aioseo_notices":[],"jetpack_sharing_enabled":true,"_links":{"self":[{"href":"https:\/\/antcube.shop\/hu\/wp-json\/wp\/v2\/product\/9292","targetHints":{"allow":["GET"]}}],"collection":[{"href":"https:\/\/antcube.shop\/hu\/wp-json\/wp\/v2\/product"}],"about":[{"href":"https:\/\/antcube.shop\/hu\/wp-json\/wp\/v2\/types\/product"}],"replies":[{"embeddable":true,"href":"https:\/\/antcube.shop\/hu\/wp-json\/wp\/v2\/comments?post=9292"}],"wp:featuredmedia":[{"embeddable":true,"href":"https:\/\/antcube.shop\/hu\/wp-json\/wp\/v2\/media\/9777"}],"wp:attachment":[{"href":"https:\/\/antcube.shop\/hu\/wp-json\/wp\/v2\/media?parent=9292"}],"wp:term":[{"taxonomy":"product_brand","embeddable":true,"href":"https:\/\/antcube.shop\/hu\/wp-json\/wp\/v2\/product_brand?post=9292"},{"taxonomy":"product_cat","embeddable":true,"href":"https:\/\/antcube.shop\/hu\/wp-json\/wp\/v2\/product_cat?post=9292"},{"taxonomy":"product_tag","embeddable":true,"href":"https:\/\/antcube.shop\/hu\/wp-json\/wp\/v2\/product_tag?post=9292"}],"curies":[{"name":"wp","href":"https:\/\/api.w.org\/{rel}","templated":true}]}}