{"id":9291,"date":"2024-09-17T15:59:27","date_gmt":"2024-09-17T13:59:27","guid":{"rendered":"https:\/\/antcube.shop\/en\/product\/brombeerblatter-100g-frisch\/"},"modified":"2026-03-31T20:25:10","modified_gmt":"2026-03-31T18:25:10","slug":"brombeerblatter-100g-frisch","status":"publish","type":"product","link":"https:\/\/antcube.shop\/hu\/termek\/brombeerblatter-100g-frisch\/","title":{"rendered":"Szederlev\u00e9l 100g - friss"},"content":{"rendered":"<p><strong>Tartalom:<\/strong> 100 g friss szederlev\u00e9l<\/p>\n<p><strong>Le\u00edr\u00e1s:<\/strong> A szederlev\u00e9l mint a gomb\u00e1s hangyafajok teny\u00e9sz\u0151helye.<\/p>\n<p><strong>Haszn\u00e1lja:<\/strong><br \/>\nSzederlev\u00e9l = gombatermeszt\u0151 hangyafajok sz\u00e1m\u00e1ra<br \/>\nEz egy \"teljes \u00e9rt\u00e9k\u0171 takarm\u00e1ny\" (egyszeri takarm\u00e1ny), \u00e9s csak a gomba teny\u00e9szt\u00e9s\u00e9re szolg\u00e1l.<br \/>\nEgyszer\u0171en helyezze az etetend\u0151 leveleket az etet\u0151kamr\u00e1ba.<\/p>\n<p>T\u00e1rol\u00e1s: T\u00e1rol\u00e1s: 5-8\u00b0C \/ 60-90% p\u00e1ratartalom: 5-8\u00b0C \/ 60-90%. (alternat\u00edvak\u00e9nt v\u00edzzel teli v\u00e1z\u00e1ban is)<\/p>\n<p><strong>Tartalmazza:<\/strong><br \/>\n100% friss szederlev\u00e9l<\/p>\n<p><strong>Megjegyz\u00e9s:<\/strong><br \/>\nTov\u00e1bbi inform\u00e1ci\u00f3k\u00e9rt k\u00e9rj\u00fck, olvassa el a betegt\u00e1j\u00e9koztat\u00f3t.<\/p>\n<p>Inform\u00e1ci\u00f3s forr\u00f3dr\u00f3t +49 30 439703870<\/p>\n<p>Felel\u0151s \u00e1llateg\u00e9szs\u00e9g\u00fcgyi \u00e9s \u00e9lelmiszer-fel\u00fcgyeleti hat\u00f3s\u00e1g:<br \/>\nSteglitz \u00e1llatorvosi rendel\u0151<br \/>\nK\u00f6nigin-Luise-Str. 92<br \/>\n14195 Berlin<\/p>","protected":false},"excerpt":{"rendered":"<p>Tartalom: Le\u00edr\u00e1s: 100g friss szederlev\u00e9l: A szederlev\u00e9l mint teny\u00e9sz\u0151hely a gomb\u00e1s hangyafajok sz\u00e1m\u00e1ra. Felhaszn\u00e1l\u00e1s: Szederlev\u00e9l = gomb\u00e1sod\u00f3 hangyafajok sz\u00e1m\u00e1ra Ez egy \"teljes \u00e9rt\u00e9k\u0171 takarm\u00e1ny\" (egyszeri takarm\u00e1ny), \u00e9s csak a gomb\u00e1k teny\u00e9sz\u0151hely\u00e9\u00fcl szolg\u00e1l. Egyszer\u0171en helyezze az etetend\u0151 leveleket az etet\u0151kamr\u00e1ba. T\u00e1rol\u00e1s: 5-8\u00b0C","protected":false},"featured_media":9603,"comment_status":"open","ping_status":"closed","template":"","meta":{"_acf_changed":false,"content-type":"","_monsterinsights_skip_tracking":false,"_monsterinsights_sitenote_active":false,"_monsterinsights_sitenote_note":"","_monsterinsights_sitenote_category":0},"product_brand":[],"product_cat":[115,116],"product_tag":[],"class_list":{"0":"post-9291","1":"product","2":"type-product","3":"status-publish","4":"has-post-thumbnail","6":"product_cat-food-and-feeding","7":"product_cat-food","9":"first","10":"onbackorder","11":"taxable","12":"shipping-taxable","13":"purchasable","14":"product-type-simple"},"acf":[],"aioseo_notices":[],"jetpack_sharing_enabled":true,"_links":{"self":[{"href":"https:\/\/antcube.shop\/hu\/wp-json\/wp\/v2\/product\/9291","targetHints":{"allow":["GET"]}}],"collection":[{"href":"https:\/\/antcube.shop\/hu\/wp-json\/wp\/v2\/product"}],"about":[{"href":"https:\/\/antcube.shop\/hu\/wp-json\/wp\/v2\/types\/product"}],"replies":[{"embeddable":true,"href":"https:\/\/antcube.shop\/hu\/wp-json\/wp\/v2\/comments?post=9291"}],"wp:featuredmedia":[{"embeddable":true,"href":"https:\/\/antcube.shop\/hu\/wp-json\/wp\/v2\/media\/9603"}],"wp:attachment":[{"href":"https:\/\/antcube.shop\/hu\/wp-json\/wp\/v2\/media?parent=9291"}],"wp:term":[{"taxonomy":"product_brand","embeddable":true,"href":"https:\/\/antcube.shop\/hu\/wp-json\/wp\/v2\/product_brand?post=9291"},{"taxonomy":"product_cat","embeddable":true,"href":"https:\/\/antcube.shop\/hu\/wp-json\/wp\/v2\/product_cat?post=9291"},{"taxonomy":"product_tag","embeddable":true,"href":"https:\/\/antcube.shop\/hu\/wp-json\/wp\/v2\/product_tag?post=9291"}],"curies":[{"name":"wp","href":"https:\/\/api.w.org\/{rel}","templated":true}]}}