{"id":9289,"date":"2024-09-17T15:58:27","date_gmt":"2024-09-17T13:58:27","guid":{"rendered":"https:\/\/antcube.shop\/en\/product\/tranke-45ml-65mm-blau\/"},"modified":"2026-04-16T16:06:24","modified_gmt":"2026-04-16T14:06:24","slug":"tranke-45ml-65mm-kek","status":"publish","type":"product","link":"https:\/\/antcube.shop\/hu\/termek\/tranke-45ml-65mm-kek\/","title":{"rendered":"Iv\u00f3v\u00e1ly\u00fa 45ml - 65mm - k\u00e9k"},"content":{"rendered":"<p><strong>Hossz\u00fas\u00e1g:<\/strong> 65 mm, 45 ml<\/p>\n<p><strong>Anyag:<\/strong> M\u0171anyag<\/p>\n<p><strong>Le\u00edr\u00e1s:<\/strong> \u00cdgy a hangy\u00e1k a formic\u00e1riumban elegend\u0151 nedvess\u00e9get tudnak maguknak biztos\u00edtani. A vizet m\u00e9zzel is lehet keverni. Szint\u00e9n ide\u00e1lis a nyaral\u00e1si szezonban. Aj\u00e1nlott az itat\u00f3v\u00e1ly\u00fa alj\u00e1t nedvsz\u00edv\u00f3 vatt\u00e1val vagy szivaccsal letakarni, hogy a hangy\u00e1k ne fulladjanak meg.<\/p>\n<p><strong>Az alap sz\u00edne:<\/strong> feh\u00e9r<br \/>\n<strong>A tart\u00e1ly sz\u00edne:<\/strong> k\u00e9k \u00e1tl\u00e1tsz\u00f3<\/p>","protected":false},"excerpt":{"rendered":"<p>Hossz: 65 mm, anyag: m\u0171anyag<\/p>","protected":false},"featured_media":9608,"comment_status":"open","ping_status":"closed","template":"","meta":{"_acf_changed":false,"content-type":"","_monsterinsights_skip_tracking":false,"_monsterinsights_sitenote_active":false,"_monsterinsights_sitenote_note":"","_monsterinsights_sitenote_category":0},"product_brand":[],"product_cat":[115,117],"product_tag":[],"class_list":{"0":"post-9289","1":"product","2":"type-product","3":"status-publish","4":"has-post-thumbnail","6":"product_cat-food-and-feeding","7":"product_cat-drinkers-for-ants","9":"first","10":"instock","11":"taxable","12":"shipping-taxable","13":"purchasable","14":"product-type-simple"},"acf":[],"aioseo_notices":[],"jetpack_sharing_enabled":true,"_links":{"self":[{"href":"https:\/\/antcube.shop\/hu\/wp-json\/wp\/v2\/product\/9289","targetHints":{"allow":["GET"]}}],"collection":[{"href":"https:\/\/antcube.shop\/hu\/wp-json\/wp\/v2\/product"}],"about":[{"href":"https:\/\/antcube.shop\/hu\/wp-json\/wp\/v2\/types\/product"}],"replies":[{"embeddable":true,"href":"https:\/\/antcube.shop\/hu\/wp-json\/wp\/v2\/comments?post=9289"}],"wp:featuredmedia":[{"embeddable":true,"href":"https:\/\/antcube.shop\/hu\/wp-json\/wp\/v2\/media\/9608"}],"wp:attachment":[{"href":"https:\/\/antcube.shop\/hu\/wp-json\/wp\/v2\/media?parent=9289"}],"wp:term":[{"taxonomy":"product_brand","embeddable":true,"href":"https:\/\/antcube.shop\/hu\/wp-json\/wp\/v2\/product_brand?post=9289"},{"taxonomy":"product_cat","embeddable":true,"href":"https:\/\/antcube.shop\/hu\/wp-json\/wp\/v2\/product_cat?post=9289"},{"taxonomy":"product_tag","embeddable":true,"href":"https:\/\/antcube.shop\/hu\/wp-json\/wp\/v2\/product_tag?post=9289"}],"curies":[{"name":"wp","href":"https:\/\/api.w.org\/{rel}","templated":true}]}}