{"id":9283,"date":"2024-09-17T15:55:52","date_gmt":"2024-09-17T13:55:52","guid":{"rendered":"https:\/\/antcube.shop\/en\/product\/felsschale-mini-mini-sand-stone\/"},"modified":"2026-04-01T17:55:16","modified_gmt":"2026-04-01T15:55:16","slug":"sziklahej-mini-mini-homok-ko","status":"publish","type":"product","link":"https:\/\/antcube.shop\/hu\/termek\/sziklahej-mini-mini-homok-ko\/","title":{"rendered":"Rock shell mini-mini homok k\u0151"},"content":{"rendered":"<p><strong>M\u00e9retek:<\/strong> 6 x 6 x 2 cm<\/p>\n<p><strong>Sz\u00edn:<\/strong> s\u00e1rga<\/p>\n<p><strong>Anyag:<\/strong> m\u0171gyanta<\/p>\n<p><strong>Le\u00edr\u00e1s:<\/strong><br \/>\nA hangy\u00e1knak ezekben a sziklat\u00e1lakban \u00e9telt vagy vizet k\u00edn\u00e1lhatsz. A k\u0151t\u00e1lak robusztus m\u0171gyant\u00e1b\u00f3l k\u00e9sz\u00fclnek, \u00e9s a hangy\u00e1k nem tudj\u00e1k elpuszt\u00edtani \u0151ket.<\/p>","protected":false},"excerpt":{"rendered":"<p>M\u00e9ret: 6 x 6 x 2 cm<\/p>","protected":false},"featured_media":9767,"comment_status":"open","ping_status":"closed","template":"","meta":{"_acf_changed":false,"content-type":"","_monsterinsights_skip_tracking":false,"_monsterinsights_sitenote_active":false,"_monsterinsights_sitenote_note":"","_monsterinsights_sitenote_category":0},"product_brand":[],"product_cat":[115,118],"product_tag":[],"class_list":{"0":"post-9283","1":"product","2":"type-product","3":"status-publish","4":"has-post-thumbnail","6":"product_cat-food-and-feeding","7":"product_cat-feeding-bowls","9":"first","10":"instock","11":"taxable","12":"shipping-taxable","13":"purchasable","14":"product-type-simple"},"acf":[],"aioseo_notices":[],"jetpack_sharing_enabled":true,"_links":{"self":[{"href":"https:\/\/antcube.shop\/hu\/wp-json\/wp\/v2\/product\/9283","targetHints":{"allow":["GET"]}}],"collection":[{"href":"https:\/\/antcube.shop\/hu\/wp-json\/wp\/v2\/product"}],"about":[{"href":"https:\/\/antcube.shop\/hu\/wp-json\/wp\/v2\/types\/product"}],"replies":[{"embeddable":true,"href":"https:\/\/antcube.shop\/hu\/wp-json\/wp\/v2\/comments?post=9283"}],"wp:featuredmedia":[{"embeddable":true,"href":"https:\/\/antcube.shop\/hu\/wp-json\/wp\/v2\/media\/9767"}],"wp:attachment":[{"href":"https:\/\/antcube.shop\/hu\/wp-json\/wp\/v2\/media?parent=9283"}],"wp:term":[{"taxonomy":"product_brand","embeddable":true,"href":"https:\/\/antcube.shop\/hu\/wp-json\/wp\/v2\/product_brand?post=9283"},{"taxonomy":"product_cat","embeddable":true,"href":"https:\/\/antcube.shop\/hu\/wp-json\/wp\/v2\/product_cat?post=9283"},{"taxonomy":"product_tag","embeddable":true,"href":"https:\/\/antcube.shop\/hu\/wp-json\/wp\/v2\/product_tag?post=9283"}],"curies":[{"name":"wp","href":"https:\/\/api.w.org\/{rel}","templated":true}]}}