{"id":9278,"date":"2024-09-17T15:53:55","date_gmt":"2024-09-17T13:53:55","guid":{"rendered":"https:\/\/antcube.shop\/en\/product\/napf-klar-1x30-schwamm\/"},"modified":"2026-04-20T11:15:46","modified_gmt":"2026-04-20T09:15:46","slug":"tal-tiszta-1x30-szivacs","status":"publish","type":"product","link":"https:\/\/antcube.shop\/hu\/termek\/tal-tiszta-1x30-szivacs\/","title":{"rendered":"T\u00e1l \u00e1tl\u00e1tsz\u00f3 1\u00d730 - Szivacs"},"content":{"rendered":"<p><strong>M\u00e9retek:<\/strong> 39 x 50 x 7 mm<\/p>\n<p><strong>Anyag:<\/strong> PMMA, hab (rendk\u00edv\u00fcl finom p\u00f3rus\u00fa \u00e9s nagy nedvsz\u00edv\u00f3 k\u00e9pess\u00e9g\u0171)<\/p>\n<p><strong>Le\u00edr\u00e1s:<\/strong> N\u00e9gysz\u00f6gletes t\u00e1l, egy etet\u0151v\u00e1ly\u00faval, amelyhez tartoz\u00f3 szivacsot (egyenk\u00e9nt 20 mm \u00e1tm\u00e9r\u0151j\u0171) tartalmaz az eledel sz\u00e1m\u00e1ra.<\/p>","protected":false},"excerpt":{"rendered":"<p>M\u00e9retek: Anyag: 39 x 50 mm: PMMA, hab (rendk\u00edv\u00fcl finom p\u00f3rus\u00fa \u00e9s nagy nedvsz\u00edv\u00f3 k\u00e9pess\u00e9g\u0171)<\/p>","protected":false},"featured_media":9612,"comment_status":"open","ping_status":"closed","template":"","meta":{"_acf_changed":false,"content-type":"","_monsterinsights_skip_tracking":false,"_monsterinsights_sitenote_active":false,"_monsterinsights_sitenote_note":"","_monsterinsights_sitenote_category":0},"product_brand":[],"product_cat":[115,118],"product_tag":[],"class_list":{"0":"post-9278","1":"product","2":"type-product","3":"status-publish","4":"has-post-thumbnail","6":"product_cat-food-and-feeding","7":"product_cat-feeding-bowls","9":"first","10":"instock","11":"taxable","12":"shipping-taxable","13":"purchasable","14":"product-type-simple"},"acf":[],"aioseo_notices":[],"jetpack_sharing_enabled":true,"_links":{"self":[{"href":"https:\/\/antcube.shop\/hu\/wp-json\/wp\/v2\/product\/9278","targetHints":{"allow":["GET"]}}],"collection":[{"href":"https:\/\/antcube.shop\/hu\/wp-json\/wp\/v2\/product"}],"about":[{"href":"https:\/\/antcube.shop\/hu\/wp-json\/wp\/v2\/types\/product"}],"replies":[{"embeddable":true,"href":"https:\/\/antcube.shop\/hu\/wp-json\/wp\/v2\/comments?post=9278"}],"wp:featuredmedia":[{"embeddable":true,"href":"https:\/\/antcube.shop\/hu\/wp-json\/wp\/v2\/media\/9612"}],"wp:attachment":[{"href":"https:\/\/antcube.shop\/hu\/wp-json\/wp\/v2\/media?parent=9278"}],"wp:term":[{"taxonomy":"product_brand","embeddable":true,"href":"https:\/\/antcube.shop\/hu\/wp-json\/wp\/v2\/product_brand?post=9278"},{"taxonomy":"product_cat","embeddable":true,"href":"https:\/\/antcube.shop\/hu\/wp-json\/wp\/v2\/product_cat?post=9278"},{"taxonomy":"product_tag","embeddable":true,"href":"https:\/\/antcube.shop\/hu\/wp-json\/wp\/v2\/product_tag?post=9278"}],"curies":[{"name":"wp","href":"https:\/\/api.w.org\/{rel}","templated":true}]}}