{"id":9277,"date":"2024-09-17T15:53:29","date_gmt":"2024-09-17T13:53:29","guid":{"rendered":"https:\/\/antcube.shop\/en\/product\/napf-klar-4x10-schwamm\/"},"modified":"2026-04-20T09:57:48","modified_gmt":"2026-04-20T07:57:48","slug":"tal-tiszta-4x10-szivacs","status":"publish","type":"product","link":"https:\/\/antcube.shop\/hu\/termek\/tal-tiszta-4x10-szivacs\/","title":{"rendered":"T\u00e1l \u00e1tl\u00e1tsz\u00f3 4\u00d710 - Szivacs"},"content":{"rendered":"<p><strong>M\u00e9retek:<\/strong> 29 x 40 x 7 mm<\/p>\n<p><strong>Anyag:<\/strong> PMMA, hab (rendk\u00edv\u00fcl finom p\u00f3rus\u00fa \u00e9s nagy nedvsz\u00edv\u00f3 k\u00e9pess\u00e9g\u0171)<\/p>\n<p><strong>Le\u00edr\u00e1s:<\/strong> N\u00e9gysz\u00f6gletes t\u00e1l 4 etet\u0151kos\u00e1rral (mindegyik 10 mm \u00e1tm\u00e9r\u0151j\u0171) a k\u00fcl\u00f6nb\u00f6z\u0151 t\u00edpus\u00fa t\u00e1pl\u00e1l\u00e9kok sz\u00e1m\u00e1ra.<\/p>","protected":false},"excerpt":{"rendered":"<p>M\u00e9retek: Anyag: 39 x 50 mm: PMMA, hab (rendk\u00edv\u00fcl finom p\u00f3rus\u00fa \u00e9s nagy nedvsz\u00edv\u00f3 k\u00e9pess\u00e9g\u0171)<\/p>","protected":false},"featured_media":9614,"comment_status":"open","ping_status":"closed","template":"","meta":{"_acf_changed":false,"content-type":"","_monsterinsights_skip_tracking":false,"_monsterinsights_sitenote_active":false,"_monsterinsights_sitenote_note":"","_monsterinsights_sitenote_category":0},"product_brand":[],"product_cat":[115,118],"product_tag":[],"class_list":{"0":"post-9277","1":"product","2":"type-product","3":"status-publish","4":"has-post-thumbnail","6":"product_cat-food-and-feeding","7":"product_cat-feeding-bowls","9":"first","10":"instock","11":"taxable","12":"shipping-taxable","13":"purchasable","14":"product-type-simple"},"acf":[],"aioseo_notices":[],"jetpack_sharing_enabled":true,"_links":{"self":[{"href":"https:\/\/antcube.shop\/hu\/wp-json\/wp\/v2\/product\/9277","targetHints":{"allow":["GET"]}}],"collection":[{"href":"https:\/\/antcube.shop\/hu\/wp-json\/wp\/v2\/product"}],"about":[{"href":"https:\/\/antcube.shop\/hu\/wp-json\/wp\/v2\/types\/product"}],"replies":[{"embeddable":true,"href":"https:\/\/antcube.shop\/hu\/wp-json\/wp\/v2\/comments?post=9277"}],"wp:featuredmedia":[{"embeddable":true,"href":"https:\/\/antcube.shop\/hu\/wp-json\/wp\/v2\/media\/9614"}],"wp:attachment":[{"href":"https:\/\/antcube.shop\/hu\/wp-json\/wp\/v2\/media?parent=9277"}],"wp:term":[{"taxonomy":"product_brand","embeddable":true,"href":"https:\/\/antcube.shop\/hu\/wp-json\/wp\/v2\/product_brand?post=9277"},{"taxonomy":"product_cat","embeddable":true,"href":"https:\/\/antcube.shop\/hu\/wp-json\/wp\/v2\/product_cat?post=9277"},{"taxonomy":"product_tag","embeddable":true,"href":"https:\/\/antcube.shop\/hu\/wp-json\/wp\/v2\/product_tag?post=9277"}],"curies":[{"name":"wp","href":"https:\/\/api.w.org\/{rel}","templated":true}]}}