{"id":9276,"date":"2024-09-17T15:53:02","date_gmt":"2024-09-17T13:53:02","guid":{"rendered":"https:\/\/antcube.shop\/en\/product\/ameisen-futterrohrchen-2ml\/"},"modified":"2026-04-17T18:44:54","modified_gmt":"2026-04-17T16:44:54","slug":"ameisen-futterrohrchen-2ml","status":"publish","type":"product","link":"https:\/\/antcube.shop\/hu\/termek\/ameisen-futterrohrchen-2ml\/","title":{"rendered":"Hangyat\u00e1p cs\u0151 2ml"},"content":{"rendered":"<p><strong>M\u00e9retek:<\/strong> 13 x 13 x 46 mm<\/p>\n<p><strong>Anyag:<\/strong> M\u0171anyag<\/p>\n<p><strong>Le\u00edr\u00e1s:<\/strong> Hossz\u00fak\u00e1s etet\u0151cs\u0151 k\u00fcl\u00f6nb\u00f6z\u0151 hangyat\u00e1pokkal val\u00f3 megt\u00f6lt\u00e9shez. Csavarozhat\u00f3 fed\u00e9llel, t\u00f6m\u00edt\u0151gy\u0171r\u0171vel, amely lez\u00e1rja \u00e9s frissen tartja az eles\u00e9get. Az eledel \u00f3vatos koppint\u00e1ssal k\u00f6nnyen adagolhat\u00f3.<\/p>","protected":false},"excerpt":{"rendered":"<p>M\u00e9retek: Anyag: 13 x 13 x 46 mm: Anyag: M\u0171anyag Le\u00edr\u00e1s: Hossz\u00fak\u00e1s etet\u0151cs\u0151 k\u00fcl\u00f6nb\u00f6z\u0151 t\u00e1pl\u00e1l\u00e9kokkal val\u00f3 megt\u00f6lt\u00e9shez hangy\u00e1k sz\u00e1m\u00e1ra. Tartalmazza a csavaros fedelet t\u00f6m\u00edt\u0151gy\u0171r\u0171vel, amely lez\u00e1rja \u00e9s frissen tartja az eles\u00e9get. Az eledel \u00f3vatos koppint\u00e1ssal k\u00f6nnyen adagolhat\u00f3.<\/p>","protected":false},"featured_media":9754,"comment_status":"open","ping_status":"closed","template":"","meta":{"_acf_changed":false,"content-type":"","_monsterinsights_skip_tracking":false,"_monsterinsights_sitenote_active":false,"_monsterinsights_sitenote_note":"","_monsterinsights_sitenote_category":0},"product_brand":[],"product_cat":[237],"product_tag":[],"class_list":{"0":"post-9276","1":"product","2":"type-product","3":"status-publish","4":"has-post-thumbnail","6":"product_cat-tools","8":"first","9":"instock","10":"taxable","11":"shipping-taxable","12":"purchasable","13":"product-type-simple"},"acf":[],"aioseo_notices":[],"jetpack_sharing_enabled":true,"_links":{"self":[{"href":"https:\/\/antcube.shop\/hu\/wp-json\/wp\/v2\/product\/9276","targetHints":{"allow":["GET"]}}],"collection":[{"href":"https:\/\/antcube.shop\/hu\/wp-json\/wp\/v2\/product"}],"about":[{"href":"https:\/\/antcube.shop\/hu\/wp-json\/wp\/v2\/types\/product"}],"replies":[{"embeddable":true,"href":"https:\/\/antcube.shop\/hu\/wp-json\/wp\/v2\/comments?post=9276"}],"wp:featuredmedia":[{"embeddable":true,"href":"https:\/\/antcube.shop\/hu\/wp-json\/wp\/v2\/media\/9754"}],"wp:attachment":[{"href":"https:\/\/antcube.shop\/hu\/wp-json\/wp\/v2\/media?parent=9276"}],"wp:term":[{"taxonomy":"product_brand","embeddable":true,"href":"https:\/\/antcube.shop\/hu\/wp-json\/wp\/v2\/product_brand?post=9276"},{"taxonomy":"product_cat","embeddable":true,"href":"https:\/\/antcube.shop\/hu\/wp-json\/wp\/v2\/product_cat?post=9276"},{"taxonomy":"product_tag","embeddable":true,"href":"https:\/\/antcube.shop\/hu\/wp-json\/wp\/v2\/product_tag?post=9276"}],"curies":[{"name":"wp","href":"https:\/\/api.w.org\/{rel}","templated":true}]}}