{"id":9273,"date":"2024-09-17T15:00:07","date_gmt":"2024-09-17T13:00:07","guid":{"rendered":"https:\/\/antcube.shop\/en\/product\/mini-thermometer-analog-metall-25mm\/"},"modified":"2026-04-28T18:23:28","modified_gmt":"2026-04-28T16:23:28","slug":"mini-homero-analog-fem-25mm","status":"publish","type":"product","link":"https:\/\/antcube.shop\/hu\/termek\/mini-homero-analog-fem-25mm\/","title":{"rendered":"Mini h\u0151m\u00e9r\u0151 anal\u00f3g f\u00e9m - 25mm"},"content":{"rendered":"<p><strong>M\u00e9retek:<\/strong> 25mm<\/p>\n<p><strong>Sz\u00edn:<\/strong> f\u00e9m, ez\u00fcst<\/p>\n<p><strong>M\u00e9r\u00e9si tartom\u00e1ny:<\/strong> -20 \u00e9s +50\u00b0C \/ -10 \u00e9s +130\u00b0F k\u00f6z\u00f6tt<\/p>\n<p><strong>Pontoss\u00e1g:<\/strong> +\/- 2\u00b0C , +\/- 4\u00b0F<\/p>\n<p><strong>Le\u00edr\u00e1s:<\/strong><br \/>\nAnal\u00f3g termo\/higrom\u00e9ter, amely k\u00fcl\u00f6n\u00f6sen alkalmas a nagyon kicsi formik\u00e1ri\u00e1khoz.<br \/>\nA 27 mm-es lyukhoz a 22 mm-es kiv\u00e1g\u00e1ssal ell\u00e1tott \"Formicarium dug\u00f3 27 mm-es lyukhoz\" seg\u00edts\u00e9g\u00e9vel csatlakozik.<br \/>\nEllenkez\u0151 esetben a h\u0151m\u00e9r\u0151 k\u00e9toldalas ragaszt\u00f3szalaggal (nem tartoz\u00e9k) r\u00f6gz\u00edthet\u0151 a formik\u00e1rium bels\u0151 h\u00e1tulj\u00e1ra.<\/p>\n<p><strong>Megjegyz\u00e9s:<\/strong><br \/>\nNe z\u00e1rja le a h\u0151m\u00e9r\u0151 h\u00e1ts\u00f3 ny\u00edl\u00e1s\u00e1t, mert ez m\u00e9r\u00e9si hib\u00e1khoz vezethet.<\/p>","protected":false},"excerpt":{"rendered":"<p>M\u00e9r\u00e9si tartom\u00e1ny: -20 \u00e9s +50\u00b0C \/ -10 \u00e9s +130\u00b0F k\u00f6z\u00f6tt, \u00e1tm\u00e9r\u0151: 25 mm<\/p>","protected":false},"featured_media":9748,"comment_status":"open","ping_status":"closed","template":"","meta":{"_acf_changed":false,"content-type":"","_monsterinsights_skip_tracking":false,"_monsterinsights_sitenote_active":false,"_monsterinsights_sitenote_note":"","_monsterinsights_sitenote_category":0},"product_brand":[],"product_cat":[359,119],"product_tag":[],"class_list":{"0":"post-9273","1":"product","2":"type-product","3":"status-publish","4":"has-post-thumbnail","6":"product_cat-light-heat-humidity","7":"product_cat-formicarium-components","9":"first","10":"instock","11":"taxable","12":"shipping-taxable","13":"purchasable","14":"product-type-simple"},"acf":[],"aioseo_notices":[],"jetpack_sharing_enabled":true,"_links":{"self":[{"href":"https:\/\/antcube.shop\/hu\/wp-json\/wp\/v2\/product\/9273","targetHints":{"allow":["GET"]}}],"collection":[{"href":"https:\/\/antcube.shop\/hu\/wp-json\/wp\/v2\/product"}],"about":[{"href":"https:\/\/antcube.shop\/hu\/wp-json\/wp\/v2\/types\/product"}],"replies":[{"embeddable":true,"href":"https:\/\/antcube.shop\/hu\/wp-json\/wp\/v2\/comments?post=9273"}],"wp:featuredmedia":[{"embeddable":true,"href":"https:\/\/antcube.shop\/hu\/wp-json\/wp\/v2\/media\/9748"}],"wp:attachment":[{"href":"https:\/\/antcube.shop\/hu\/wp-json\/wp\/v2\/media?parent=9273"}],"wp:term":[{"taxonomy":"product_brand","embeddable":true,"href":"https:\/\/antcube.shop\/hu\/wp-json\/wp\/v2\/product_brand?post=9273"},{"taxonomy":"product_cat","embeddable":true,"href":"https:\/\/antcube.shop\/hu\/wp-json\/wp\/v2\/product_cat?post=9273"},{"taxonomy":"product_tag","embeddable":true,"href":"https:\/\/antcube.shop\/hu\/wp-json\/wp\/v2\/product_tag?post=9273"}],"curies":[{"name":"wp","href":"https:\/\/api.w.org\/{rel}","templated":true}]}}