{"id":9272,"date":"2024-09-17T14:59:43","date_gmt":"2024-09-17T12:59:43","guid":{"rendered":"https:\/\/antcube.shop\/en\/product\/mini-thermo-hygrometer-analog-display-stehend\/"},"modified":"2026-04-07T13:50:15","modified_gmt":"2026-04-07T11:50:15","slug":"mini-termo-higrometer-analog-kijelzo-stehend","status":"publish","type":"product","link":"https:\/\/antcube.shop\/hu\/termek\/mini-termo-higrometer-analog-kijelzo-stehend\/","title":{"rendered":"Mini h\u0151- \u00e9s nedvess\u00e9gm\u00e9r\u0151 anal\u00f3g - kijelz\u0151 - \u00e1ll\u00f3 helyzetben"},"content":{"rendered":"<p><strong>M\u00e9retek:<\/strong> 60mm x 60mm, 30mm m\u00e9ly<\/p>\n<p><strong>Anyag:<\/strong> f\u00e9m \/ akril \u00fcveg<\/p>\n<p><strong>Sz\u00edn:<\/strong> f\u00e9m, ez\u00fcst \/ \u00e1tl\u00e1tsz\u00f3<\/p>\n<p><strong>Tartalom:<\/strong> 1x mini h\u0151m\u00e9r\u0151 anal\u00f3g f\u00e9m - 25mm, 1x mini higrom\u00e9ter anal\u00f3g f\u00e9m - 25mm, 1x akril \u00fcvegtart\u00f3 kiv\u00e1g\u00e1sokkal a m\u00e9r\u0151m\u0171szerek sz\u00e1m\u00e1ra - 60x60mm, 1x akril \u00fcveg talp - 30mm \u00e1tm\u00e9r\u0151j\u0171.<\/p>\n<p><strong>Le\u00edr\u00e1s:<\/strong><br \/>\nA k\u00e9szlet f\u00e9mb\u0151l k\u00e9sz\u00fclt anal\u00f3g h\u0151m\u00e9r\u0151b\u0151l \u00e9s higrom\u00e9terb\u0151l (25 mm) \u00e1ll, amelyek egy akril \u00fcveglapba (60x60 mm) vannak behelyezve. A kijelz\u0151t a talapzatra (30mm) lehet helyezni a m\u00e9rend\u0151 helyis\u00e9gben.<\/p>\n<p><strong>Megjegyz\u00e9s:<\/strong><br \/>\nA h\u00e1toldalon l\u00e9v\u0151 m\u00e9r\u0151eszk\u00f6z\u00f6knek szabadon kell maradniuk, k\u00fcl\u00f6nben m\u00e9r\u00e9si hib\u00e1k l\u00e9phetnek fel.<\/p>\n<p>Pontoss\u00e1g: +\/- 2\u00b0C , +\/- 4\u00b0F<br \/>\nPontoss\u00e1g: +\/- 5%<\/p>","protected":false},"excerpt":{"rendered":"<p>Akril \u00fcveglapba (75x45mm) illesztett h\u0151m\u00e9r\u0151 \u00e9s higrom\u00e9ter k\u00e9szlet f\u00e9mb\u0151l (25mm).<\/p>","protected":false},"featured_media":9745,"comment_status":"open","ping_status":"closed","template":"","meta":{"_acf_changed":false,"content-type":"","_monsterinsights_skip_tracking":false,"_monsterinsights_sitenote_active":false,"_monsterinsights_sitenote_note":"","_monsterinsights_sitenote_category":0},"product_brand":[],"product_cat":[359,119],"product_tag":[],"class_list":{"0":"post-9272","1":"product","2":"type-product","3":"status-publish","4":"has-post-thumbnail","6":"product_cat-light-heat-humidity","7":"product_cat-formicarium-components","9":"first","10":"instock","11":"taxable","12":"shipping-taxable","13":"purchasable","14":"product-type-simple"},"acf":[],"aioseo_notices":[],"jetpack_sharing_enabled":true,"_links":{"self":[{"href":"https:\/\/antcube.shop\/hu\/wp-json\/wp\/v2\/product\/9272","targetHints":{"allow":["GET"]}}],"collection":[{"href":"https:\/\/antcube.shop\/hu\/wp-json\/wp\/v2\/product"}],"about":[{"href":"https:\/\/antcube.shop\/hu\/wp-json\/wp\/v2\/types\/product"}],"replies":[{"embeddable":true,"href":"https:\/\/antcube.shop\/hu\/wp-json\/wp\/v2\/comments?post=9272"}],"wp:featuredmedia":[{"embeddable":true,"href":"https:\/\/antcube.shop\/hu\/wp-json\/wp\/v2\/media\/9745"}],"wp:attachment":[{"href":"https:\/\/antcube.shop\/hu\/wp-json\/wp\/v2\/media?parent=9272"}],"wp:term":[{"taxonomy":"product_brand","embeddable":true,"href":"https:\/\/antcube.shop\/hu\/wp-json\/wp\/v2\/product_brand?post=9272"},{"taxonomy":"product_cat","embeddable":true,"href":"https:\/\/antcube.shop\/hu\/wp-json\/wp\/v2\/product_cat?post=9272"},{"taxonomy":"product_tag","embeddable":true,"href":"https:\/\/antcube.shop\/hu\/wp-json\/wp\/v2\/product_tag?post=9272"}],"curies":[{"name":"wp","href":"https:\/\/api.w.org\/{rel}","templated":true}]}}