{"id":9270,"date":"2024-09-17T14:57:58","date_gmt":"2024-09-17T12:57:58","guid":{"rendered":"https:\/\/antcube.shop\/en\/product\/mini-thermo-hygrometer-analog-display-front\/"},"modified":"2026-04-22T18:28:02","modified_gmt":"2026-04-22T16:28:02","slug":"mini-ho-es-nedvessegmero-analog-kijelzo-elolappal","status":"publish","type":"product","link":"https:\/\/antcube.shop\/hu\/termek\/mini-ho-es-nedvessegmero-analog-kijelzo-elolappal\/","title":{"rendered":"Mini h\u0151- \u00e9s higrom\u00e9ter anal\u00f3g - kijelz\u0151 - El\u0151lap"},"content":{"rendered":"<p><strong>M\u00e9retek:<\/strong> 75mm x 60mm, 8mm m\u00e9ly<\/p>\n<p><strong>Anyag:<\/strong> f\u00e9m \/ akril \u00fcveg<\/p>\n<p><strong>Sz\u00edn:<\/strong> f\u00e9m, ez\u00fcst \/ \u00e1tl\u00e1tsz\u00f3<\/p>\n<p><strong>Tartalom:<\/strong> 1x mini h\u0151m\u00e9r\u0151 anal\u00f3g f\u00e9m - 25mm, 1x mini higrom\u00e9ter anal\u00f3g f\u00e9m - 25mm, 1x akril \u00fcvegtart\u00f3 kiv\u00e1g\u00e1sokkal a m\u00e9r\u0151eszk\u00f6z\u00f6k sz\u00e1m\u00e1ra - 75x45mm, 1x akril \u00fcveg alap - 75x20mm, 2x \u00e1tl\u00e1tsz\u00f3 ragaszt\u00f3bet\u00e9t - 30x20mm.<\/p>\n<p><strong>Le\u00edr\u00e1s:<\/strong><br \/>\nA k\u00e9szlet f\u00e9mb\u0151l k\u00e9sz\u00fclt anal\u00f3g h\u0151m\u00e9r\u0151b\u0151l \u00e9s higrom\u00e9terb\u0151l (25 mm) \u00e1ll, amelyek egy akril \u00fcveglapba (75x6 mm) vannak behelyezve. A kijelz\u0151t k\u00e9t \u00e1tl\u00e1tsz\u00f3 ragaszt\u00f3p\u00e1rna seg\u00edts\u00e9g\u00e9vel r\u00f6gz\u00edtj\u00fck, amelyekkel az alapot a medence fal\u00e1n l\u00e9v\u0151 b\u00e1rmelyik poz\u00edci\u00f3ban az el\u0151lapra r\u00f6gz\u00edthetj\u00fck. Ez lehet\u0151v\u00e9 teszi, hogy az \u00e9rt\u00e9kkijelz\u0151 hely\u00e9t az egy\u00e9ni ig\u00e9nyekhez igaz\u00edtsuk.<\/p>\n<p><strong>Megjegyz\u00e9s:<\/strong><br \/>\nA h\u00e1toldalon l\u00e9v\u0151 m\u00e9r\u0151eszk\u00f6z\u00f6knek szabadon kell maradniuk, k\u00fcl\u00f6nben m\u00e9r\u00e9si hib\u00e1k l\u00e9phetnek fel.<\/p>\n<p>Pontoss\u00e1g: +\/- 2\u00b0C , +\/- 4\u00b0F<br \/>\nPontoss\u00e1g: +\/- 5%<\/p>","protected":false},"excerpt":{"rendered":"<p>Akril \u00fcveglapba (75x45mm) illesztett h\u0151m\u00e9r\u0151 \u00e9s higrom\u00e9ter k\u00e9szlet f\u00e9mb\u0151l (25mm).<\/p>","protected":false},"featured_media":9738,"comment_status":"open","ping_status":"closed","template":"","meta":{"_acf_changed":false,"content-type":"","_monsterinsights_skip_tracking":false,"_monsterinsights_sitenote_active":false,"_monsterinsights_sitenote_note":"","_monsterinsights_sitenote_category":0},"product_brand":[],"product_cat":[359,119],"product_tag":[],"class_list":{"0":"post-9270","1":"product","2":"type-product","3":"status-publish","4":"has-post-thumbnail","6":"product_cat-light-heat-humidity","7":"product_cat-formicarium-components","9":"first","10":"instock","11":"taxable","12":"shipping-taxable","13":"purchasable","14":"product-type-simple"},"acf":[],"aioseo_notices":[],"jetpack_sharing_enabled":true,"_links":{"self":[{"href":"https:\/\/antcube.shop\/hu\/wp-json\/wp\/v2\/product\/9270","targetHints":{"allow":["GET"]}}],"collection":[{"href":"https:\/\/antcube.shop\/hu\/wp-json\/wp\/v2\/product"}],"about":[{"href":"https:\/\/antcube.shop\/hu\/wp-json\/wp\/v2\/types\/product"}],"replies":[{"embeddable":true,"href":"https:\/\/antcube.shop\/hu\/wp-json\/wp\/v2\/comments?post=9270"}],"wp:featuredmedia":[{"embeddable":true,"href":"https:\/\/antcube.shop\/hu\/wp-json\/wp\/v2\/media\/9738"}],"wp:attachment":[{"href":"https:\/\/antcube.shop\/hu\/wp-json\/wp\/v2\/media?parent=9270"}],"wp:term":[{"taxonomy":"product_brand","embeddable":true,"href":"https:\/\/antcube.shop\/hu\/wp-json\/wp\/v2\/product_brand?post=9270"},{"taxonomy":"product_cat","embeddable":true,"href":"https:\/\/antcube.shop\/hu\/wp-json\/wp\/v2\/product_cat?post=9270"},{"taxonomy":"product_tag","embeddable":true,"href":"https:\/\/antcube.shop\/hu\/wp-json\/wp\/v2\/product_tag?post=9270"}],"curies":[{"name":"wp","href":"https:\/\/api.w.org\/{rel}","templated":true}]}}