{"id":9269,"date":"2024-09-17T14:52:27","date_gmt":"2024-09-17T12:52:27","guid":{"rendered":"https:\/\/antcube.shop\/en\/product\/heat-pack-stoffbeutel-72-std\/"},"modified":"2026-04-20T11:46:57","modified_gmt":"2026-04-20T09:46:57","slug":"hocsomag-szovetzsak-72-ora","status":"publish","type":"product","link":"https:\/\/antcube.shop\/hu\/termek\/hocsomag-szovetzsak-72-ora\/","title":{"rendered":"H\u0151csomag - sz\u00f6vetzs\u00e1k - 72 \u00f3ra."},"content":{"rendered":"<p><strong>M\u00e9retek:<\/strong> 15,5 x 11,5 cm<\/p>\n<p>H\u0151m\u00e9rs\u00e9klet id\u0151tartama ( h ): ~ 72<\/p>\n<p>H\u0151m\u00e9rs\u00e9klet (max. \/ k\u00f6zepes): 52\u00b0C \/ 46\u00b0C<\/p>\n<p><strong>Le\u00edr\u00e1s:<\/strong> Ez a HeatPack egy akt\u00edv sz\u00e9nmeleg\u00edt\u0151, \u00e9s leveg\u0151vel \u00e9rintkezve aktiv\u00e1l\u00f3dik. Egyszer\u0171en vegye ki a HeatPacket a csomagol\u00e1sb\u00f3l, hagyja r\u00f6vid ideig fagymentes k\u00f6rnyezetben aktiv\u00e1l\u00f3dni, majd helyezze egy megfelel\u0151 sz\u00e1ll\u00edt\u00f3dobozba (pl. polisztirol dobozba). A h\u0151lead\u00e1s n\u00e9h\u00e1ny perc m\u00falva megkezd\u0151dik, \u00e9s ak\u00e1r 72 \u00f3r\u00e1n \u00e1t is tart.<\/p>\n<p>Csak egyszer haszn\u00e1lhat\u00f3!<\/p>\n<p><strong>\u00d6sszetev\u0151k:<\/strong> vas, v\u00edz, cellul\u00f3z, akt\u00edv sz\u00e9n, vermutikulit, s\u00f3<\/p>","protected":false},"excerpt":{"rendered":"<p>H\u0151teljes\u00edtm\u00e9ny 72 \u00f3r\u00e1n kereszt\u00fcl.<\/p>","protected":false},"featured_media":9735,"comment_status":"open","ping_status":"closed","template":"","meta":{"_acf_changed":false,"content-type":"","_monsterinsights_skip_tracking":false,"_monsterinsights_sitenote_active":false,"_monsterinsights_sitenote_note":"","_monsterinsights_sitenote_category":0},"product_brand":[],"product_cat":[237],"product_tag":[],"class_list":{"0":"post-9269","1":"product","2":"type-product","3":"status-publish","4":"has-post-thumbnail","6":"product_cat-tools","8":"first","9":"instock","10":"taxable","11":"shipping-taxable","12":"purchasable","13":"product-type-simple"},"acf":[],"aioseo_notices":[],"jetpack_sharing_enabled":true,"_links":{"self":[{"href":"https:\/\/antcube.shop\/hu\/wp-json\/wp\/v2\/product\/9269","targetHints":{"allow":["GET"]}}],"collection":[{"href":"https:\/\/antcube.shop\/hu\/wp-json\/wp\/v2\/product"}],"about":[{"href":"https:\/\/antcube.shop\/hu\/wp-json\/wp\/v2\/types\/product"}],"replies":[{"embeddable":true,"href":"https:\/\/antcube.shop\/hu\/wp-json\/wp\/v2\/comments?post=9269"}],"wp:featuredmedia":[{"embeddable":true,"href":"https:\/\/antcube.shop\/hu\/wp-json\/wp\/v2\/media\/9735"}],"wp:attachment":[{"href":"https:\/\/antcube.shop\/hu\/wp-json\/wp\/v2\/media?parent=9269"}],"wp:term":[{"taxonomy":"product_brand","embeddable":true,"href":"https:\/\/antcube.shop\/hu\/wp-json\/wp\/v2\/product_brand?post=9269"},{"taxonomy":"product_cat","embeddable":true,"href":"https:\/\/antcube.shop\/hu\/wp-json\/wp\/v2\/product_cat?post=9269"},{"taxonomy":"product_tag","embeddable":true,"href":"https:\/\/antcube.shop\/hu\/wp-json\/wp\/v2\/product_tag?post=9269"}],"curies":[{"name":"wp","href":"https:\/\/api.w.org\/{rel}","templated":true}]}}