{"id":9268,"date":"2024-09-17T14:52:05","date_gmt":"2024-09-17T12:52:05","guid":{"rendered":"https:\/\/antcube.shop\/en\/product\/heat-pack-alubeutel-36-std\/"},"modified":"2026-02-09T17:52:40","modified_gmt":"2026-02-09T16:52:40","slug":"hocsomag-aluminium-taska-36-ora","status":"publish","type":"product","link":"https:\/\/antcube.shop\/hu\/termek\/hocsomag-aluminium-taska-36-ora\/","title":{"rendered":"H\u0151csomag - alum\u00ednium zacsk\u00f3 - 36 \u00f3ra."},"content":{"rendered":"<p><strong>M\u00e9retek:<\/strong> 16 x 11,5 cm<\/p>\n<p><strong>Le\u00edr\u00e1s:<\/strong> A h\u0151csomagok max. 45\u00b0C-ra, amikor oxig\u00e9nnel \u00e9rintkezik. H\u0151forr\u00e1sk\u00e9nt haszn\u00e1lj\u00e1k a tr\u00f3pusi hangyakol\u00f3ni\u00e1k sz\u00e1ll\u00edt\u00e1sakor, hogy megakad\u00e1lyozz\u00e1k az \u00e1llatok hipotermi\u00e1s \u00e1llapotba ker\u00fcl\u00e9s\u00e9t. A h\u0151teljes\u00edtm\u00e9ny kb. 36 \u00f3r\u00e1n \u00e1t tart.<\/p>\n<p>Csak egyszer haszn\u00e1lhat\u00f3!<\/p>\n<p><strong>\u00d6sszetev\u0151k:<\/strong> vas, akt\u00edv sz\u00e9n, belmilit, s\u00f3, v\u00edz<\/p>","protected":false},"excerpt":{"rendered":"<p>H\u0151teljes\u00edtm\u00e9ny 36 \u00f3r\u00e1n \u00e1t<\/p>","protected":false},"featured_media":9732,"comment_status":"open","ping_status":"closed","template":"","meta":{"_acf_changed":false,"content-type":"","_monsterinsights_skip_tracking":false,"_monsterinsights_sitenote_active":false,"_monsterinsights_sitenote_note":"","_monsterinsights_sitenote_category":0},"product_brand":[],"product_cat":[237],"product_tag":[],"class_list":{"0":"post-9268","1":"product","2":"type-product","3":"status-publish","4":"has-post-thumbnail","6":"product_cat-tools","8":"first","9":"instock","10":"taxable","11":"shipping-taxable","12":"purchasable","13":"product-type-simple"},"acf":[],"aioseo_notices":[],"jetpack_sharing_enabled":true,"_links":{"self":[{"href":"https:\/\/antcube.shop\/hu\/wp-json\/wp\/v2\/product\/9268","targetHints":{"allow":["GET"]}}],"collection":[{"href":"https:\/\/antcube.shop\/hu\/wp-json\/wp\/v2\/product"}],"about":[{"href":"https:\/\/antcube.shop\/hu\/wp-json\/wp\/v2\/types\/product"}],"replies":[{"embeddable":true,"href":"https:\/\/antcube.shop\/hu\/wp-json\/wp\/v2\/comments?post=9268"}],"wp:featuredmedia":[{"embeddable":true,"href":"https:\/\/antcube.shop\/hu\/wp-json\/wp\/v2\/media\/9732"}],"wp:attachment":[{"href":"https:\/\/antcube.shop\/hu\/wp-json\/wp\/v2\/media?parent=9268"}],"wp:term":[{"taxonomy":"product_brand","embeddable":true,"href":"https:\/\/antcube.shop\/hu\/wp-json\/wp\/v2\/product_brand?post=9268"},{"taxonomy":"product_cat","embeddable":true,"href":"https:\/\/antcube.shop\/hu\/wp-json\/wp\/v2\/product_cat?post=9268"},{"taxonomy":"product_tag","embeddable":true,"href":"https:\/\/antcube.shop\/hu\/wp-json\/wp\/v2\/product_tag?post=9268"}],"curies":[{"name":"wp","href":"https:\/\/api.w.org\/{rel}","templated":true}]}}