{"id":9260,"date":"2024-09-17T14:49:00","date_gmt":"2024-09-17T12:49:00","guid":{"rendered":"https:\/\/antcube.shop\/en\/product\/spritzflasche-pe-ld-100ml\/"},"modified":"2026-03-24T10:55:22","modified_gmt":"2026-03-24T09:55:22","slug":"spritzflasche-pe-ld-100ml","status":"publish","type":"product","link":"https:\/\/antcube.shop\/hu\/termek\/spritzflasche-pe-ld-100ml\/","title":{"rendered":"PE-LD sz\u00f3r\u00f3fejes flakon 100ml"},"content":{"rendered":"<p><strong>M\u00e9retek:<\/strong> T\u00e9rfogat: 100 ml<\/p>\n<p><strong>Sz\u00edn:<\/strong> \u00e1tl\u00e1tsz\u00f3 \/ tejszer\u0171<\/p>\n<p><strong>Anyag:<\/strong> PE<\/p>\n<p><strong>Le\u00edr\u00e1s:<\/strong> Permetez\u0151 palack meghosszabb\u00edtott f\u00fav\u00f3k\u00e1val - ide\u00e1lis a formicarium k\u00e9zi nedves\u00edt\u00e9s\u00e9hez.<\/p>","protected":false},"excerpt":{"rendered":"<p>M\u00e9retek: Sz\u00edn: \u00e1tl\u00e1tsz\u00f3 \/ tejes Anyag: t\u00e9rfogat: 500 ml: Anyag: PE: Ide\u00e1lis a formicarium k\u00e9zi nedves\u00edt\u00e9s\u00e9hez.<\/p>","protected":false},"featured_media":9714,"comment_status":"open","ping_status":"closed","template":"","meta":{"_acf_changed":false,"content-type":"","_monsterinsights_skip_tracking":false,"_monsterinsights_sitenote_active":false,"_monsterinsights_sitenote_note":"","_monsterinsights_sitenote_category":0},"product_brand":[],"product_cat":[237],"product_tag":[],"class_list":{"0":"post-9260","1":"product","2":"type-product","3":"status-publish","4":"has-post-thumbnail","6":"product_cat-tools","8":"first","9":"instock","10":"taxable","11":"shipping-taxable","12":"purchasable","13":"product-type-simple"},"acf":[],"aioseo_notices":[],"jetpack_sharing_enabled":true,"_links":{"self":[{"href":"https:\/\/antcube.shop\/hu\/wp-json\/wp\/v2\/product\/9260","targetHints":{"allow":["GET"]}}],"collection":[{"href":"https:\/\/antcube.shop\/hu\/wp-json\/wp\/v2\/product"}],"about":[{"href":"https:\/\/antcube.shop\/hu\/wp-json\/wp\/v2\/types\/product"}],"replies":[{"embeddable":true,"href":"https:\/\/antcube.shop\/hu\/wp-json\/wp\/v2\/comments?post=9260"}],"wp:featuredmedia":[{"embeddable":true,"href":"https:\/\/antcube.shop\/hu\/wp-json\/wp\/v2\/media\/9714"}],"wp:attachment":[{"href":"https:\/\/antcube.shop\/hu\/wp-json\/wp\/v2\/media?parent=9260"}],"wp:term":[{"taxonomy":"product_brand","embeddable":true,"href":"https:\/\/antcube.shop\/hu\/wp-json\/wp\/v2\/product_brand?post=9260"},{"taxonomy":"product_cat","embeddable":true,"href":"https:\/\/antcube.shop\/hu\/wp-json\/wp\/v2\/product_cat?post=9260"},{"taxonomy":"product_tag","embeddable":true,"href":"https:\/\/antcube.shop\/hu\/wp-json\/wp\/v2\/product_tag?post=9260"}],"curies":[{"name":"wp","href":"https:\/\/api.w.org\/{rel}","templated":true}]}}