{"id":9258,"date":"2024-09-17T14:47:49","date_gmt":"2024-09-17T12:47:49","guid":{"rendered":"https:\/\/antcube.shop\/en\/product\/fotoruckwand-wuste-30x60-hoch\/"},"modified":"2026-01-12T12:35:56","modified_gmt":"2026-01-12T11:35:56","slug":"foto-hatfal-sivatag-30x60-magas","status":"publish","type":"product","link":"https:\/\/antcube.shop\/hu\/termek\/foto-hatfal-sivatag-30x60-magas\/","title":{"rendered":"Fot\u00f3 h\u00e1tfal - Sivatag - 30\u00d760 - magas"},"content":{"rendered":"<p><strong>M\u00e9retek:<\/strong> 30&#215;60<\/p>\n<p><strong>Anyag:<\/strong> F\u00e9nyes f\u00f3li\u00e1s pap\u00edr<\/p>\n<p><strong>Tartalom:<\/strong> 1x fot\u00f3 h\u00e1tt\u00e9r<\/p>\n<p><strong>Le\u00edr\u00e1s:<\/strong> Ezt a fot\u00f3h\u00e1tlapot a formik\u00e1rium h\u00e1tulj\u00e1nak k\u00fcls\u0151 oldal\u00e1ra ragasztj\u00e1k, hogy a hangy\u00e1k term\u00e9szetes \u00e9l\u0151hely\u00e9nek megfelel\u0151 k\u00f6rnyezet benyom\u00e1s\u00e1t keltse.<\/p>","protected":false},"excerpt":{"rendered":"<p>Anyag: f\u00e9nyes f\u00f3liapap\u00edr<\/p>","protected":false},"featured_media":9710,"comment_status":"open","ping_status":"closed","template":"","meta":{"_acf_changed":false,"content-type":"","_monsterinsights_skip_tracking":false,"_monsterinsights_sitenote_active":false,"_monsterinsights_sitenote_note":"","_monsterinsights_sitenote_category":0},"product_brand":[],"product_cat":[97,104],"product_tag":[],"class_list":{"0":"post-9258","1":"product","2":"type-product","3":"status-publish","4":"has-post-thumbnail","6":"product_cat-photo-backwalls","7":"product_cat-desert-photo-backwall","9":"first","10":"instock","11":"taxable","12":"shipping-taxable","13":"purchasable","14":"product-type-simple"},"acf":[],"aioseo_notices":[],"jetpack_sharing_enabled":true,"_links":{"self":[{"href":"https:\/\/antcube.shop\/hu\/wp-json\/wp\/v2\/product\/9258","targetHints":{"allow":["GET"]}}],"collection":[{"href":"https:\/\/antcube.shop\/hu\/wp-json\/wp\/v2\/product"}],"about":[{"href":"https:\/\/antcube.shop\/hu\/wp-json\/wp\/v2\/types\/product"}],"replies":[{"embeddable":true,"href":"https:\/\/antcube.shop\/hu\/wp-json\/wp\/v2\/comments?post=9258"}],"wp:featuredmedia":[{"embeddable":true,"href":"https:\/\/antcube.shop\/hu\/wp-json\/wp\/v2\/media\/9710"}],"wp:attachment":[{"href":"https:\/\/antcube.shop\/hu\/wp-json\/wp\/v2\/media?parent=9258"}],"wp:term":[{"taxonomy":"product_brand","embeddable":true,"href":"https:\/\/antcube.shop\/hu\/wp-json\/wp\/v2\/product_brand?post=9258"},{"taxonomy":"product_cat","embeddable":true,"href":"https:\/\/antcube.shop\/hu\/wp-json\/wp\/v2\/product_cat?post=9258"},{"taxonomy":"product_tag","embeddable":true,"href":"https:\/\/antcube.shop\/hu\/wp-json\/wp\/v2\/product_tag?post=9258"}],"curies":[{"name":"wp","href":"https:\/\/api.w.org\/{rel}","templated":true}]}}