{"id":9256,"date":"2024-09-17T14:46:52","date_gmt":"2024-09-17T12:46:52","guid":{"rendered":"https:\/\/antcube.shop\/en\/product\/fotoruckwand-regenwald-30x60-hoch\/"},"modified":"2026-03-16T18:54:36","modified_gmt":"2026-03-16T17:54:36","slug":"foto-hatfal-esoerdo-30x60-magas","status":"publish","type":"product","link":"https:\/\/antcube.shop\/hu\/termek\/foto-hatfal-esoerdo-30x60-magas\/","title":{"rendered":"F\u00e9nyk\u00e9p h\u00e1tfal - Es\u0151erd\u0151 - 30\u00d760 - magas"},"content":{"rendered":"<p><strong>M\u00e9retek:<\/strong> 30x60cm<\/p>\n<p><strong>Anyag:<\/strong> F\u00e9nyes f\u00f3li\u00e1s pap\u00edr<\/p>\n<p><strong>Tartalom:<\/strong> 1x fot\u00f3 h\u00e1tt\u00e9r<\/p>\n<p><strong>Le\u00edr\u00e1s:<\/strong> Ezt a fot\u00f3h\u00e1tlapot a formik\u00e1rium h\u00e1tulj\u00e1nak k\u00fcls\u0151 oldal\u00e1ra ragasztj\u00e1k, hogy a hangy\u00e1k term\u00e9szetes \u00e9l\u0151hely\u00e9nek megfelel\u0151 k\u00f6rnyezet benyom\u00e1s\u00e1t keltse.<\/p>","protected":false},"excerpt":{"rendered":"<p>Anyag: f\u00e9nyes f\u00f3liapap\u00edr<\/p>","protected":false},"featured_media":9704,"comment_status":"open","ping_status":"closed","template":"","meta":{"_acf_changed":false,"content-type":"","_monsterinsights_skip_tracking":false,"_monsterinsights_sitenote_active":false,"_monsterinsights_sitenote_note":"","_monsterinsights_sitenote_category":0},"product_brand":[],"product_cat":[97,106],"product_tag":[],"class_list":{"0":"post-9256","1":"product","2":"type-product","3":"status-publish","4":"has-post-thumbnail","6":"product_cat-photo-backwalls","7":"product_cat-rainforest-photo-backwall","9":"first","10":"instock","11":"taxable","12":"shipping-taxable","13":"purchasable","14":"product-type-simple"},"acf":[],"aioseo_notices":[],"jetpack_sharing_enabled":true,"_links":{"self":[{"href":"https:\/\/antcube.shop\/hu\/wp-json\/wp\/v2\/product\/9256","targetHints":{"allow":["GET"]}}],"collection":[{"href":"https:\/\/antcube.shop\/hu\/wp-json\/wp\/v2\/product"}],"about":[{"href":"https:\/\/antcube.shop\/hu\/wp-json\/wp\/v2\/types\/product"}],"replies":[{"embeddable":true,"href":"https:\/\/antcube.shop\/hu\/wp-json\/wp\/v2\/comments?post=9256"}],"wp:featuredmedia":[{"embeddable":true,"href":"https:\/\/antcube.shop\/hu\/wp-json\/wp\/v2\/media\/9704"}],"wp:attachment":[{"href":"https:\/\/antcube.shop\/hu\/wp-json\/wp\/v2\/media?parent=9256"}],"wp:term":[{"taxonomy":"product_brand","embeddable":true,"href":"https:\/\/antcube.shop\/hu\/wp-json\/wp\/v2\/product_brand?post=9256"},{"taxonomy":"product_cat","embeddable":true,"href":"https:\/\/antcube.shop\/hu\/wp-json\/wp\/v2\/product_cat?post=9256"},{"taxonomy":"product_tag","embeddable":true,"href":"https:\/\/antcube.shop\/hu\/wp-json\/wp\/v2\/product_tag?post=9256"}],"curies":[{"name":"wp","href":"https:\/\/api.w.org\/{rel}","templated":true}]}}