{"id":9252,"date":"2024-09-17T14:45:01","date_gmt":"2024-09-17T12:45:01","guid":{"rendered":"https:\/\/antcube.shop\/en\/product\/reagenzglas-warmeisolierung-18mm-20cm\/"},"modified":"2026-03-25T09:38:33","modified_gmt":"2026-03-25T08:38:33","slug":"kemcso-hoszigeteles-18mm-20cm","status":"publish","type":"product","link":"https:\/\/antcube.shop\/hu\/termek\/kemcso-hoszigeteles-18mm-20cm\/","title":{"rendered":"Pr\u00f3bacs\u0151 h\u0151szigetel\u00e9s 18mm - 20cm"},"content":{"rendered":"<p><strong>M\u00e9retek:<\/strong> 20 x 3,5 x 3,5 cm<\/p>\n<p><strong>Anyag:<\/strong> hab<\/p>\n<p><strong>Sz\u00edn:<\/strong> sz\u00fcrke<\/p>\n<p><strong>Le\u00edr\u00e1s:<\/strong><br \/>\nH\u0151szigetel\u00e9s 16 mm-es k\u00e9mcs\u00f6vekhez. A hangy\u00e1k biztons\u00e1gos sz\u00e1ll\u00edt\u00e1s\u00e1hoz.<\/p>","protected":false},"excerpt":{"rendered":"<p>M\u00e9ret: 20 x 3,5 x 3,5 cm<\/p>","protected":false},"featured_media":9694,"comment_status":"open","ping_status":"closed","template":"","meta":{"_acf_changed":false,"content-type":"","_monsterinsights_skip_tracking":false,"_monsterinsights_sitenote_active":false,"_monsterinsights_sitenote_note":"","_monsterinsights_sitenote_category":0},"product_brand":[],"product_cat":[237],"product_tag":[],"class_list":{"0":"post-9252","1":"product","2":"type-product","3":"status-publish","4":"has-post-thumbnail","6":"product_cat-tools","8":"first","9":"instock","10":"taxable","11":"shipping-taxable","12":"purchasable","13":"product-type-simple"},"acf":[],"aioseo_notices":[],"jetpack_sharing_enabled":true,"_links":{"self":[{"href":"https:\/\/antcube.shop\/hu\/wp-json\/wp\/v2\/product\/9252","targetHints":{"allow":["GET"]}}],"collection":[{"href":"https:\/\/antcube.shop\/hu\/wp-json\/wp\/v2\/product"}],"about":[{"href":"https:\/\/antcube.shop\/hu\/wp-json\/wp\/v2\/types\/product"}],"replies":[{"embeddable":true,"href":"https:\/\/antcube.shop\/hu\/wp-json\/wp\/v2\/comments?post=9252"}],"wp:featuredmedia":[{"embeddable":true,"href":"https:\/\/antcube.shop\/hu\/wp-json\/wp\/v2\/media\/9694"}],"wp:attachment":[{"href":"https:\/\/antcube.shop\/hu\/wp-json\/wp\/v2\/media?parent=9252"}],"wp:term":[{"taxonomy":"product_brand","embeddable":true,"href":"https:\/\/antcube.shop\/hu\/wp-json\/wp\/v2\/product_brand?post=9252"},{"taxonomy":"product_cat","embeddable":true,"href":"https:\/\/antcube.shop\/hu\/wp-json\/wp\/v2\/product_cat?post=9252"},{"taxonomy":"product_tag","embeddable":true,"href":"https:\/\/antcube.shop\/hu\/wp-json\/wp\/v2\/product_tag?post=9252"}],"curies":[{"name":"wp","href":"https:\/\/api.w.org\/{rel}","templated":true}]}}