{"id":9250,"date":"2024-09-17T14:44:16","date_gmt":"2024-09-17T12:44:16","guid":{"rendered":"https:\/\/antcube.shop\/en\/product\/antcube-korknest-60x30-stehend\/"},"modified":"2026-03-10T17:53:31","modified_gmt":"2026-03-10T16:53:31","slug":"hangyakocka-parafa-feszek-60x30-fuggolegesen","status":"publish","type":"product","link":"https:\/\/antcube.shop\/hu\/termek\/hangyakocka-parafa-feszek-60x30-fuggolegesen\/","title":{"rendered":"ANTCUBE - parafa f\u00e9szek 60\u00d730 - f\u00fcgg\u0151legesen"},"content":{"rendered":"<p><strong>M\u00e9retek:<\/strong> 583 x 240 x 20 mm<\/p>\n<p><strong>Anyag:<\/strong> Parafa (finom)<\/p>\n<p>Csak a mi hangyafarmjainkba illeszkedik a m\u00e9retben <span style=\"font-size: 10.5pt; font-family: Arial; color: #0000ff; background-color: transparent; font-weight: bold; font-style: normal; font-variant: normal; text-decoration: none; vertical-align: baseline;\">L<\/span><\/p>\n<p><strong>Le\u00edr\u00e1s:<\/strong> Ez az el\u0151re elk\u00e9sz\u00edtett j\u00e1ratokkal \u00e9s kamr\u00e1kkal ell\u00e1tott parafa f\u00e9szek alkalmas k\u00fcl\u00f6nb\u00f6z\u0151 hangyafajok sz\u00e1m\u00e1ra, k\u00fcl\u00f6n\u00f6sen a (holt) f\u00e1ban f\u00e9szkel\u0151 fajok sz\u00e1m\u00e1ra. F\u00fart lyukkal rendelkezik a f\u00e9szekhez val\u00f3 hozz\u00e1f\u00e9r\u00e9shez.<br \/>\nA parafa k\u00e9miailag semleges. Szerkezete nem csak a folyad\u00e9kok sz\u00e1m\u00e1ra \u00e1t nem ereszt\u0151, de nem is okoz k\u00e9miai reakci\u00f3kat, ez\u00e9rt nem k\u00e1rosodik. A t\u00fal sok nedvess\u00e9g azonban hossz\u00fa t\u00e1von rothad\u00e1shoz vezethet, \u00e9s cs\u00f6kkentheti a f\u00e9szek \u00e9lettartam\u00e1t. Mindazon\u00e1ltal a parafa nagyon ellen\u00e1ll\u00f3 a rothad\u00e1ssal, a gomb\u00e1sod\u00e1ssal \u00e9s a pen\u00e9szfert\u0151z\u00e9ssel szemben. Ez a fel\u00fclet\u00e9nek \u00e9s szerkezet\u00e9nek k\u00f6sz\u00f6nhet\u0151, amelyek nem ny\u00fajtanak j\u00f3 t\u00e1ptalajt a gomb\u00e1k megteleped\u00e9s\u00e9hez. Az \u00e9telmarad\u00e9kok \u00e9s az \u00e1llati \u00fcr\u00fcl\u00e9k, valamint m\u00e1s szerves anyagok azonban el\u0151seg\u00edthetik a pen\u00e9szgomb\u00e1sod\u00e1st.<\/p>\n<p>Ez\u00e9rt javasoljuk, hogy f\u0151k\u00e9nt sz\u00e1raz r\u00e9gi\u00f3kb\u00f3l sz\u00e1rmaz\u00f3 fajokat tartsanak paraf\u00e1ban. A nedves \u00e9l\u0151helyekr\u0151l sz\u00e1rmaz\u00f3 fajok tov\u00e1bbra is tarthat\u00f3k ebben a k\u00e9szletben, mivel a rothad\u00e1s a legt\u00f6bb faj eset\u00e9ben nem jelent probl\u00e9m\u00e1t. Sok \u00e9szak-eur\u00f3pai hangya, mint p\u00e9ld\u00e1ul a Camponotus herculeanus vagy a Formica fusca, szint\u00e9n korhadt vagy korhad\u00f3 f\u00e1ban \u00e9l.<\/p>","protected":false},"excerpt":{"rendered":"<p><strong>M\u00e9ret:<\/strong> 583 x 240 x 20 mm<\/p>","protected":false},"featured_media":9688,"comment_status":"open","ping_status":"closed","template":"","meta":{"_acf_changed":false,"content-type":"","_monsterinsights_skip_tracking":false,"_monsterinsights_sitenote_active":false,"_monsterinsights_sitenote_note":"","_monsterinsights_sitenote_category":0},"product_brand":[],"product_cat":[87,89],"product_tag":[],"class_list":{"0":"post-9250","1":"product","2":"type-product","3":"status-publish","4":"has-post-thumbnail","6":"product_cat-nest-insets","7":"product_cat-cork","9":"first","10":"instock","11":"taxable","12":"shipping-taxable","13":"purchasable","14":"product-type-simple"},"acf":[],"aioseo_notices":[],"jetpack_sharing_enabled":true,"_links":{"self":[{"href":"https:\/\/antcube.shop\/hu\/wp-json\/wp\/v2\/product\/9250","targetHints":{"allow":["GET"]}}],"collection":[{"href":"https:\/\/antcube.shop\/hu\/wp-json\/wp\/v2\/product"}],"about":[{"href":"https:\/\/antcube.shop\/hu\/wp-json\/wp\/v2\/types\/product"}],"replies":[{"embeddable":true,"href":"https:\/\/antcube.shop\/hu\/wp-json\/wp\/v2\/comments?post=9250"}],"wp:featuredmedia":[{"embeddable":true,"href":"https:\/\/antcube.shop\/hu\/wp-json\/wp\/v2\/media\/9688"}],"wp:attachment":[{"href":"https:\/\/antcube.shop\/hu\/wp-json\/wp\/v2\/media?parent=9250"}],"wp:term":[{"taxonomy":"product_brand","embeddable":true,"href":"https:\/\/antcube.shop\/hu\/wp-json\/wp\/v2\/product_brand?post=9250"},{"taxonomy":"product_cat","embeddable":true,"href":"https:\/\/antcube.shop\/hu\/wp-json\/wp\/v2\/product_cat?post=9250"},{"taxonomy":"product_tag","embeddable":true,"href":"https:\/\/antcube.shop\/hu\/wp-json\/wp\/v2\/product_tag?post=9250"}],"curies":[{"name":"wp","href":"https:\/\/api.w.org\/{rel}","templated":true}]}}