{"id":9248,"date":"2024-09-17T14:43:20","date_gmt":"2024-09-17T12:43:20","guid":{"rendered":"https:\/\/antcube.shop\/en\/product\/antcube-box-10x10-gipsnest-beige\/"},"modified":"2026-04-20T11:15:46","modified_gmt":"2026-04-20T09:15:46","slug":"antcube-doboz-10x10-gipsnest-bezs-szinben","status":"publish","type":"product","link":"https:\/\/antcube.shop\/hu\/termek\/antcube-doboz-10x10-gipsnest-bezs-szinben\/","title":{"rendered":"ANTCUBE - Doboz 10\u00d710 - Gipsz f\u00e9szek b\u00e9zs sz\u00ednben"},"content":{"rendered":"<p><strong>M\u00e9retek:<\/strong><br \/>\n100x100x100mm<\/p>\n<p><strong>Anyag:<\/strong><br \/>\nPMMA, PS, gipsz<\/p>\n<p><strong>Sz\u00edn:<\/strong> \u00e1tl\u00e1tsz\u00f3, b\u00e9zs<\/p>\n<p><strong>Tartalom:<\/strong><br \/>\n1x doboz 100x100x100mm<br \/>\n1x behelyezhet\u0151 keret<br \/>\n1x behelyezhet\u0151 fed\u00e9l 50 mm-es lyukkal<br \/>\n1x gipsz f\u00e9szekbet\u00e9t<br \/>\n2x formicarium dug\u00f3 27mm<br \/>\n1x r\u00e1csbet\u00e9t - 50mm - rozsdamentes ac\u00e9l<\/p>\n<p><strong>Le\u00edr\u00e1s:<\/strong><br \/>\nEz a tart\u00e1ly egy behelyezhet\u0151 kerettel \u00e9s fed\u00e9llel van felszerelve, \u00e9s k\u00e9t 27 mm-es ny\u00edl\u00e1ssal rendelkezik a j\u00f6v\u0151beli b\u0151v\u00edt\u00e9sekhez. A fed\u00e9len egy 50 mm-es lyuk tal\u00e1lhat\u00f3, amelybe r\u00e1csbet\u00e9tek, ventil\u00e1tor vagy l\u00e1mpafoglalatok illeszthet\u0151k. Ez a praktikus \u00e9s k\u00f6nnyen \u00e1polhat\u00f3 ar\u00e9na be\u00e9p\u00edtett gipszf\u00e9szekkel olyan alapoz\u00f3 kol\u00f3ni\u00e1k sz\u00e1m\u00e1ra alkalmas, amelyek szeretik a f\u00f6ldbe vagy k\u00f6vek k\u00f6z\u00e9 \u00e9p\u00edteni a f\u00e9szk\u00fcket.<\/p>","protected":false},"excerpt":{"rendered":"<p><strong>M\u00e9ret:<\/strong> 10x10x10 cm<\/p>","protected":false},"featured_media":9559,"comment_status":"open","ping_status":"closed","template":"","meta":{"_acf_changed":false,"content-type":"","_monsterinsights_skip_tracking":false,"_monsterinsights_sitenote_active":false,"_monsterinsights_sitenote_note":"","_monsterinsights_sitenote_category":0},"product_brand":[],"product_cat":[80,90],"product_tag":[],"class_list":{"0":"post-9248","1":"product","2":"type-product","3":"status-publish","4":"has-post-thumbnail","6":"product_cat-antfarms","7":"product_cat-gypsum","9":"first","10":"instock","11":"taxable","12":"shipping-taxable","13":"purchasable","14":"product-type-simple"},"acf":[],"aioseo_notices":[],"jetpack_sharing_enabled":true,"_links":{"self":[{"href":"https:\/\/antcube.shop\/hu\/wp-json\/wp\/v2\/product\/9248","targetHints":{"allow":["GET"]}}],"collection":[{"href":"https:\/\/antcube.shop\/hu\/wp-json\/wp\/v2\/product"}],"about":[{"href":"https:\/\/antcube.shop\/hu\/wp-json\/wp\/v2\/types\/product"}],"replies":[{"embeddable":true,"href":"https:\/\/antcube.shop\/hu\/wp-json\/wp\/v2\/comments?post=9248"}],"wp:featuredmedia":[{"embeddable":true,"href":"https:\/\/antcube.shop\/hu\/wp-json\/wp\/v2\/media\/9559"}],"wp:attachment":[{"href":"https:\/\/antcube.shop\/hu\/wp-json\/wp\/v2\/media?parent=9248"}],"wp:term":[{"taxonomy":"product_brand","embeddable":true,"href":"https:\/\/antcube.shop\/hu\/wp-json\/wp\/v2\/product_brand?post=9248"},{"taxonomy":"product_cat","embeddable":true,"href":"https:\/\/antcube.shop\/hu\/wp-json\/wp\/v2\/product_cat?post=9248"},{"taxonomy":"product_tag","embeddable":true,"href":"https:\/\/antcube.shop\/hu\/wp-json\/wp\/v2\/product_tag?post=9248"}],"curies":[{"name":"wp","href":"https:\/\/api.w.org\/{rel}","templated":true}]}}