{"id":9247,"date":"2024-09-17T14:42:38","date_gmt":"2024-09-17T12:42:38","guid":{"rendered":"https:\/\/antcube.shop\/en\/product\/antcube-gipsnest-30x30-liegend\/"},"modified":"2026-04-23T19:53:20","modified_gmt":"2026-04-23T17:53:20","slug":"antcube-gipsnest-30x30-liegend","status":"publish","type":"product","link":"https:\/\/antcube.shop\/hu\/termek\/antcube-gipsnest-30x30-liegend\/","title":{"rendered":"ANTCUBE - Gipszf\u00e9szek 30\u00d730 - v\u00edzszintesen"},"content":{"rendered":"<p><span data-text-color=\"alert\"><strong>Sz\u00e1ll\u00edt\u00e1s csak GO!-val lehets\u00e9ges N\u00e9metorsz\u00e1gon bel\u00fcl, vagy palett\u00e1n kereszt\u00fcl Eur\u00f3p\u00e1n bel\u00fcl (szigetek n\u00e9lk\u00fcl).<\/strong><\/span><\/p>\n<p><strong>M\u00e9retek:<\/strong><br \/>\nGipszf\u00e9szek: 290 x 290 x 50mm<br \/>\n\u00dcvegbor\u00edt\u00e1s: 279 x 279 x 4mm<\/p>\n<p><strong>Anyag:<\/strong> Gipsz<\/p>\n<p><strong>Tartalom:<\/strong><br \/>\n1x gipszf\u00e9szek 30\u00d730 k\u00e9t csatlakoz\u00f3aljzattal L 14\/16\/18\/20 x 20mm<\/p>\n<ul>\n<li>A 14\/10-es t\u00f6ml\u0151 szil\u00e1rdan be van dugva a 14 mm-es aljzatba.<\/li>\n<li>A 20\/16-os t\u00f6ml\u0151 szil\u00e1rdan r\u00f6gz\u00edtve van az els\u0151 16 mm-es l\u00e9pcs\u0151fokhoz<\/li>\n<li>A 22\/18-as t\u00f6ml\u0151 szil\u00e1rdan r\u00f6gz\u00edtve van a m\u00e1sodik 20 mm-es l\u00e9pcs\u0151fokhoz<\/li>\n<li>A 24\/20 t\u00f6ml\u0151 laz\u00e1n csatlakozik a m\u00e1sodik 20 mm-es l\u00e9pcs\u0151h\u00f6z.<\/li>\n<\/ul>\n<p>1x \u00fcvegfed\u00e9l 50 mm-es lyukkal<br \/>\n1x akrilgy\u0171r\u0171 50mm a 27mm-es lyukhoz<br \/>\n1x formicarium alap 30\u00d730<br \/>\n2x r\u00e1csos sapka - 16mm - rozsdamentes ac\u00e9l<br \/>\n1x r\u00e1csbet\u00e9t - 27mm - rozsdamentes ac\u00e9l<\/p>\n<p><strong>Le\u00edr\u00e1s:<\/strong> Az el\u0151re elk\u00e9sz\u00edtett j\u00e1ratokkal \u00e9s kamr\u00e1kkal ell\u00e1tott gipszf\u00e9szk\u00fcnk sz\u00e1mos hangyafaj sz\u00e1m\u00e1ra alkalmas, k\u00fcl\u00f6n\u00f6sen azon fajok sz\u00e1m\u00e1ra, amelyek nagyon homokos vagy k\u00f6ves talajon \u00e9p\u00edtik f\u00e9szk\u00fcket. A f\u00e9szekbe val\u00f3 bejut\u00e1shoz lyukkal rendelkezik. A gipsznek megvan az a tulajdons\u00e1ga, hogy elnyeli a vizet, \u00edgy bizonyos mennyis\u00e9g\u0171 nedvess\u00e9get t\u00e1rol. Ennek ellen\u00e9re a gipszf\u00e9szket nem szabad tart\u00f3san nedvesen haszn\u00e1lni, mivel ellenkez\u0151 esetben pen\u00e9sz k\u00e9pz\u0151dhet (a hangy\u00e1k \u00e9telmarad\u00e9kai vagy \u00fcr\u00fcl\u00e9ke miatt). Ez\u00e9rt lehet\u0151leg ink\u00e1bb sz\u00e1raz r\u00e9gi\u00f3kb\u00f3l sz\u00e1rmaz\u00f3 fajokat kell itt tartani. Ilyenek p\u00e9ld\u00e1ul a mediterr\u00e1n vagy sivatagi r\u00e9gi\u00f3kb\u00f3l sz\u00e1rmaz\u00f3 fajok.<\/p>\n<p><strong>Megjegyz\u00e9s:<\/strong> Kialak\u00edt\u00e1suk miatt nem alkalmasak a nagyon kicsi fajok (pl. Pheidole fajok, Temnothorax fajok) sz\u00e1m\u00e1ra, 0,3-0,5 mm-es r\u00e9sek keletkezhetnek.<\/p>\n<p><strong>Megjegyz\u00e9s a csatlakoz\u00f3aljzatokr\u00f3l<\/strong><br \/>\nA t\u00f6ml\u0151k csatlakoztat\u00e1sakor vagy elt\u00e1vol\u00edt\u00e1sakor vegye figyelembe a k\u00f6vetkez\u0151ket:<br \/>\nHa a cs\u0151 nagyon nehezen illeszkedik a csatlakoz\u00f3aljzatra, az aljzatot enyh\u00e9n be kell d\u00f6rzs\u00f6lni egy csepp kit\u00f6r\u00e9sv\u00e9d\u0151 olajjal vagy porral. A t\u00f6ml\u0151t ezut\u00e1n csavar\u00f3 vagy csavar\u00f3 mozdulatokkal kell a csatlakoz\u00f3aljzatra tolni an\u00e9lk\u00fcl, hogy a csatlakoz\u00f3aljzatot fel-le mozdulatokkal meger\u0151ltetn\u00e9nk. Ugyanez vonatkozik a t\u00f6ml\u0151k mez\u0151gazdas\u00e1gi csatlakoz\u00f3aljzatb\u00f3l t\u00f6rt\u00e9n\u0151 elt\u00e1vol\u00edt\u00e1s\u00e1ra is. K\u00e9rj\u00fck, ne h\u00fazza le egyszer\u0171en!<\/p>","protected":false},"excerpt":{"rendered":"<p>Sz\u00e1ll\u00edt\u00e1s csak GO!-val lehets\u00e9ges N\u00e9metorsz\u00e1gon bel\u00fcl vagy palett\u00e1n kereszt\u00fcl Eur\u00f3p\u00e1n bel\u00fcl (szigetek n\u00e9lk\u00fcl) M\u00e9retek: M\u00e9retek: Gipszf\u00e9szek: 290 x 290 x 50mm \u00dcvegfed\u00e9l: 279 x 279 x 4mm Anyag: Gipszf\u00e9szek: 290 x 290 x 50mm: Anyag: Gipsz Tartalom: Gipsz, gipsz, gipsz, gipsz, gipsz, gipsz: 1x gipszf\u00e9szek 30x30 k\u00e9t csatlakoz\u00f3aljzattal L 14\/16\/18\/20 x 20mm A 14\/10-es t\u00f6ml\u0151 szil\u00e1rdan a 14mm-es aljzatba van illesztve.","protected":false},"featured_media":9683,"comment_status":"open","ping_status":"closed","template":"","meta":{"_acf_changed":false,"content-type":"","_monsterinsights_skip_tracking":false,"_monsterinsights_sitenote_active":false,"_monsterinsights_sitenote_note":"","_monsterinsights_sitenote_category":0},"product_brand":[],"product_cat":[80,83],"product_tag":[],"class_list":{"0":"post-9247","1":"product","2":"type-product","3":"status-publish","4":"has-post-thumbnail","6":"product_cat-antfarms","7":"product_cat-antfarms-l","9":"first","10":"instock","11":"taxable","12":"shipping-taxable","13":"purchasable","14":"product-type-simple"},"acf":[],"aioseo_notices":[],"jetpack_sharing_enabled":true,"_links":{"self":[{"href":"https:\/\/antcube.shop\/hu\/wp-json\/wp\/v2\/product\/9247","targetHints":{"allow":["GET"]}}],"collection":[{"href":"https:\/\/antcube.shop\/hu\/wp-json\/wp\/v2\/product"}],"about":[{"href":"https:\/\/antcube.shop\/hu\/wp-json\/wp\/v2\/types\/product"}],"replies":[{"embeddable":true,"href":"https:\/\/antcube.shop\/hu\/wp-json\/wp\/v2\/comments?post=9247"}],"wp:featuredmedia":[{"embeddable":true,"href":"https:\/\/antcube.shop\/hu\/wp-json\/wp\/v2\/media\/9683"}],"wp:attachment":[{"href":"https:\/\/antcube.shop\/hu\/wp-json\/wp\/v2\/media?parent=9247"}],"wp:term":[{"taxonomy":"product_brand","embeddable":true,"href":"https:\/\/antcube.shop\/hu\/wp-json\/wp\/v2\/product_brand?post=9247"},{"taxonomy":"product_cat","embeddable":true,"href":"https:\/\/antcube.shop\/hu\/wp-json\/wp\/v2\/product_cat?post=9247"},{"taxonomy":"product_tag","embeddable":true,"href":"https:\/\/antcube.shop\/hu\/wp-json\/wp\/v2\/product_tag?post=9247"}],"curies":[{"name":"wp","href":"https:\/\/api.w.org\/{rel}","templated":true}]}}