{"id":9240,"date":"2024-09-17T14:38:37","date_gmt":"2024-09-17T12:38:37","guid":{"rendered":"https:\/\/antcube.shop\/en\/product\/antcube-digfix-platte-60x30-m\/"},"modified":"2026-03-20T10:38:51","modified_gmt":"2026-03-20T09:38:51","slug":"antcube-digfix-platte-60x30-m","status":"publish","type":"product","link":"https:\/\/antcube.shop\/hu\/termek\/antcube-digfix-platte-60x30-m\/","title":{"rendered":"ANTCUBE - Digfix lemez 60\u00d730 - M"},"content":{"rendered":"<p><span data-text-color=\"alert\"><strong>Sz\u00e1ll\u00edt\u00e1s csak GO!-val lehets\u00e9ges N\u00e9metorsz\u00e1gon bel\u00fcl, vagy palett\u00e1n kereszt\u00fcl Eur\u00f3p\u00e1n bel\u00fcl (szigetek n\u00e9lk\u00fcl).<\/strong><\/span><\/p>\n<p><strong>M\u00e9retek:<\/strong> 583x260x10 mm<\/p>\n<p><strong>Anyag:<\/strong> Digfix<\/p>\n<p><strong>Le\u00edr\u00e1s:<\/strong> Az \u00e1shat\u00f3 anyagb\u00f3l k\u00e9sz\u00fclt Digfix lemez t\u00f6k\u00e9letesen illeszkedik az ANTCUBE hangyafarmjainkhoz. Sz\u00e1razon \u00e9s nedvesen is haszn\u00e1lhat\u00f3. Sz\u00e1mos hangyafaj sz\u00e1m\u00e1ra is alkalmas, k\u00fcl\u00f6n\u00f6sen a homokban \u00e9s (holt) f\u00e1ban f\u00e9szkel\u0151 fajok sz\u00e1m\u00e1ra. Haszn\u00e1lhat\u00f3 homok\/agyag kever\u00e9kek vagy parafa f\u00e9szekbet\u00e9tek helyett. Nagy el\u0151nye a parafa f\u00e9szkekkel szemben, hogy a Digfix m\u00e9g nedvesen sem pen\u00e9szedik. Ez azt jelenti, hogy a nagy nedvess\u00e9gig\u00e9ny\u0171 hangyafajok k\u00f6nnyen elegend\u0151 v\u00edzzel l\u00e1that\u00f3k el. A Digfix el\u0151nye tov\u00e1bb\u00e1, hogy az \u00e1s\u00f3 hangyafajok \u00e1s\u00e1s k\u00f6zben nem piszkolj\u00e1k be a f\u00e9szk\u00fck \u00fcvegablak\u00e1t, \u00edgy t\u00f6k\u00e9letes r\u00e1l\u00e1t\u00e1s ny\u00edlik a f\u00e9szekbe.<\/p>\n<p><strong>Megjegyz\u00e9s:<\/strong> A term\u00e9szetes sz\u00edn a z\u00f6ld\/sz\u00fcrk\u00e9sbarna \u00e9s a f\u00f6ldbarna k\u00f6z\u00f6tt v\u00e1ltozhat. A sz\u00ednt\u00f3nus nincs hat\u00e1ssal a min\u0151s\u00e9gre.<br \/>\nA gy\u00e1rt\u00e1si folyamat miatt a m\u00e9retek +\/- 1 mm-es elt\u00e9r\u00e9st mutathatnak.<\/p>","protected":false},"excerpt":{"rendered":"<p>M\u00e9ret:<strong><span style=\"color: #339966;\"> M<\/span><\/strong><\/p>","protected":false},"featured_media":9668,"comment_status":"open","ping_status":"closed","template":"","meta":{"_acf_changed":false,"content-type":"","_monsterinsights_skip_tracking":false,"_monsterinsights_sitenote_active":false,"_monsterinsights_sitenote_note":"","_monsterinsights_sitenote_category":0},"product_brand":[],"product_cat":[87,88],"product_tag":[],"class_list":{"0":"post-9240","1":"product","2":"type-product","3":"status-publish","4":"has-post-thumbnail","6":"product_cat-nest-insets","7":"product_cat-digfix","9":"first","10":"instock","11":"taxable","12":"shipping-taxable","13":"purchasable","14":"product-type-simple"},"acf":[],"aioseo_notices":[],"jetpack_sharing_enabled":true,"_links":{"self":[{"href":"https:\/\/antcube.shop\/hu\/wp-json\/wp\/v2\/product\/9240","targetHints":{"allow":["GET"]}}],"collection":[{"href":"https:\/\/antcube.shop\/hu\/wp-json\/wp\/v2\/product"}],"about":[{"href":"https:\/\/antcube.shop\/hu\/wp-json\/wp\/v2\/types\/product"}],"replies":[{"embeddable":true,"href":"https:\/\/antcube.shop\/hu\/wp-json\/wp\/v2\/comments?post=9240"}],"wp:featuredmedia":[{"embeddable":true,"href":"https:\/\/antcube.shop\/hu\/wp-json\/wp\/v2\/media\/9668"}],"wp:attachment":[{"href":"https:\/\/antcube.shop\/hu\/wp-json\/wp\/v2\/media?parent=9240"}],"wp:term":[{"taxonomy":"product_brand","embeddable":true,"href":"https:\/\/antcube.shop\/hu\/wp-json\/wp\/v2\/product_brand?post=9240"},{"taxonomy":"product_cat","embeddable":true,"href":"https:\/\/antcube.shop\/hu\/wp-json\/wp\/v2\/product_cat?post=9240"},{"taxonomy":"product_tag","embeddable":true,"href":"https:\/\/antcube.shop\/hu\/wp-json\/wp\/v2\/product_tag?post=9240"}],"curies":[{"name":"wp","href":"https:\/\/api.w.org\/{rel}","templated":true}]}}