{"id":9237,"date":"2024-09-17T14:32:30","date_gmt":"2024-09-17T12:32:30","guid":{"rendered":"https:\/\/antcube.shop\/en\/product\/antcube-arena-20x10x10-lang\/"},"modified":"2026-04-03T22:49:10","modified_gmt":"2026-04-03T20:49:10","slug":"antcube-arena-20x10x10-hosszu","status":"publish","type":"product","link":"https:\/\/antcube.shop\/hu\/termek\/antcube-arena-20x10x10-hosszu\/","title":{"rendered":"ANTCUBE - ar\u00e9na 20x10x10x10 - hossz\u00fa"},"content":{"rendered":"<p><strong>M\u00e9ret:<\/strong> 200 x 100 x 100 mm; vastags\u00e1g: vastags\u00e1g: 4 mm<\/p>\n<p><strong>Anyag:<\/strong> \u00fasztatott \u00fcveg<\/p>\n<p><strong>Adapter:<\/strong> 2x f\u00far\u00e1s 27 mm<\/p>\n<p><strong>Le\u00edr\u00e1s:<\/strong><br \/>\n\u00dcvegmedence 40x20x20 cm, 2x 27mm-es furattal<br \/>\nA f\u00far\u00e1st (a k\u00f6z\u00e9ppontj\u00e1t) 3 cm magass\u00e1gban helyezz\u00fck el.<\/p>\n<p><strong>K\u00e9rj\u00fck, vegye figyelembe:<\/strong> Az \u00fcveg v\u00e1g\u00e1sa a DIN 1249 szabv\u00e1ny szerint t\u00f6rt\u00e9nik, +\/- 1 mm-es t\u0171r\u00e9ssel. A rendk\u00edv\u00fcl kis hangyafajok eset\u00e9ben tov\u00e1bbi menek\u00fcl\u00e9sv\u00e9delemre van sz\u00fcks\u00e9g.<\/p>","protected":false},"excerpt":{"rendered":"<p><strong>Csatlakoz\u00e1s:<\/strong> 2x lyuk 27 mm<\/p>\n<p><strong>M\u00e9ret:<\/strong> S, M, L, XL<\/p>","protected":false},"featured_media":9494,"comment_status":"open","ping_status":"closed","template":"","meta":{"_acf_changed":false,"content-type":"","_monsterinsights_skip_tracking":false,"_monsterinsights_sitenote_active":false,"_monsterinsights_sitenote_note":"","_monsterinsights_sitenote_category":0},"product_brand":[],"product_cat":[85,86],"product_tag":[],"class_list":{"0":"post-9237","1":"product","2":"type-product","3":"status-publish","4":"has-post-thumbnail","6":"product_cat-ant-arenas","7":"product_cat-formicariums","9":"first","10":"instock","11":"taxable","12":"shipping-taxable","13":"purchasable","14":"product-type-simple"},"acf":[],"aioseo_notices":[],"jetpack_sharing_enabled":true,"_links":{"self":[{"href":"https:\/\/antcube.shop\/hu\/wp-json\/wp\/v2\/product\/9237","targetHints":{"allow":["GET"]}}],"collection":[{"href":"https:\/\/antcube.shop\/hu\/wp-json\/wp\/v2\/product"}],"about":[{"href":"https:\/\/antcube.shop\/hu\/wp-json\/wp\/v2\/types\/product"}],"replies":[{"embeddable":true,"href":"https:\/\/antcube.shop\/hu\/wp-json\/wp\/v2\/comments?post=9237"}],"wp:featuredmedia":[{"embeddable":true,"href":"https:\/\/antcube.shop\/hu\/wp-json\/wp\/v2\/media\/9494"}],"wp:attachment":[{"href":"https:\/\/antcube.shop\/hu\/wp-json\/wp\/v2\/media?parent=9237"}],"wp:term":[{"taxonomy":"product_brand","embeddable":true,"href":"https:\/\/antcube.shop\/hu\/wp-json\/wp\/v2\/product_brand?post=9237"},{"taxonomy":"product_cat","embeddable":true,"href":"https:\/\/antcube.shop\/hu\/wp-json\/wp\/v2\/product_cat?post=9237"},{"taxonomy":"product_tag","embeddable":true,"href":"https:\/\/antcube.shop\/hu\/wp-json\/wp\/v2\/product_tag?post=9237"}],"curies":[{"name":"wp","href":"https:\/\/api.w.org\/{rel}","templated":true}]}}