{"id":9236,"date":"2024-09-17T14:31:58","date_gmt":"2024-09-17T12:31:58","guid":{"rendered":"https:\/\/antcube.shop\/en\/product\/ameisenarena-rahmen-20x10\/"},"modified":"2026-04-15T18:35:09","modified_gmt":"2026-04-15T16:35:09","slug":"hangya-arena-keret-20x10","status":"publish","type":"product","link":"https:\/\/antcube.shop\/hu\/termek\/hangya-arena-keret-20x10\/","title":{"rendered":"Hangya ar\u00e9na keret 20\u00d710"},"content":{"rendered":"<p><strong>M\u00e9retek (LxBxH):<\/strong> 20x10x0,4 cm<\/p>\n<p><strong>Anyag:<\/strong> Float \u00fcveg<\/p>\n<p><strong>Sz\u00edn:<\/strong> \u00e1tl\u00e1tsz\u00f3 \/ \u00e1tl\u00e1tsz\u00f3<\/p>\n<p><strong>Tartalom:<\/strong><br \/>\n1x Hangya ar\u00e9na keret<\/p>\n<p><strong>Le\u00edr\u00e1s:<\/strong><br \/>\n\u00dcvegb\u0151l k\u00e9sz\u00fclt keret egy hangyaar\u00e9na sz\u00e1m\u00e1ra menek\u00fcl\u00e9si v\u00e9delemk\u00e9nt.<\/p>\n<p><strong>Alkalmaz\u00e1s:<\/strong><br \/>\nA hangyaar\u00e9na-keret egy \u00fcvegb\u0151l k\u00e9sz\u00fclt keret, amelyet a hangyaar\u00e9n\u00e1ra helyeznek, \u00e9s az als\u00f3 oldalr\u00f3l kit\u00f6r\u00e9sg\u00e1tl\u00f3val (olaj, por vagy lakk) l\u00e1tj\u00e1k el, hogy megakad\u00e1lyozz\u00e1k a hangy\u00e1k kit\u00f6r\u00e9s\u00e9t.<\/p>\n<p><strong>\u00c9rtes\u00edt\u00e9s:<\/strong><br \/>\nMivel a cikk \u00fcvegb\u0151l k\u00e9sz\u00fclt, \u00e9s ez\u00e9rt \u00e9rz\u00e9keny, nagyon \u00f3vatosan kell vele b\u00e1nni. Az \u00fcveget a DIN 1249 szabv\u00e1ny szerint v\u00e1gj\u00e1k, +\/- 1 mm-es t\u0171r\u00e9ssel. A rendk\u00edv\u00fcl kis hangyafajok eset\u00e9ben tov\u00e1bbi kit\u00f6r\u00e9sv\u00e9delemre van sz\u00fcks\u00e9g.<\/p>","protected":false},"excerpt":{"rendered":"<p>Anyag: Float \u00fcveg Sz\u00edn: \u00e1tl\u00e1tsz\u00f3 \/ \u00e1ttetsz\u0151 Tartalom: 1 db: Le\u00edr\u00e1s: 1x Hangya ar\u00e9na keret: \u00dcvegb\u0151l k\u00e9sz\u00fclt keret hangyaar\u00e9n\u00e1hoz menek\u00fcl\u00e9s elleni v\u00e9delemk\u00e9nt. Alkalmaz\u00e1s: A hangyaar\u00e9na-keret egy \u00fcvegb\u0151l k\u00e9sz\u00fclt keret, amelyet egy hangyaar\u00e9n\u00e1ra helyeznek \u00e9s kit\u00f6r\u00e9s elleni v\u00e9delemmel l\u00e1tnak el (olaj, por","protected":false},"featured_media":9498,"comment_status":"open","ping_status":"closed","template":"","meta":{"_acf_changed":false,"content-type":"","_monsterinsights_skip_tracking":false,"_monsterinsights_sitenote_active":false,"_monsterinsights_sitenote_note":"","_monsterinsights_sitenote_category":0},"product_brand":[],"product_cat":[91,93],"product_tag":[],"class_list":{"0":"post-9236","1":"product","2":"type-product","3":"status-publish","4":"has-post-thumbnail","6":"product_cat-formicarium-modules","7":"product_cat-arena-frame","9":"first","10":"instock","11":"taxable","12":"shipping-taxable","13":"purchasable","14":"product-type-simple"},"acf":[],"aioseo_notices":[],"jetpack_sharing_enabled":true,"_links":{"self":[{"href":"https:\/\/antcube.shop\/hu\/wp-json\/wp\/v2\/product\/9236","targetHints":{"allow":["GET"]}}],"collection":[{"href":"https:\/\/antcube.shop\/hu\/wp-json\/wp\/v2\/product"}],"about":[{"href":"https:\/\/antcube.shop\/hu\/wp-json\/wp\/v2\/types\/product"}],"replies":[{"embeddable":true,"href":"https:\/\/antcube.shop\/hu\/wp-json\/wp\/v2\/comments?post=9236"}],"wp:featuredmedia":[{"embeddable":true,"href":"https:\/\/antcube.shop\/hu\/wp-json\/wp\/v2\/media\/9498"}],"wp:attachment":[{"href":"https:\/\/antcube.shop\/hu\/wp-json\/wp\/v2\/media?parent=9236"}],"wp:term":[{"taxonomy":"product_brand","embeddable":true,"href":"https:\/\/antcube.shop\/hu\/wp-json\/wp\/v2\/product_brand?post=9236"},{"taxonomy":"product_cat","embeddable":true,"href":"https:\/\/antcube.shop\/hu\/wp-json\/wp\/v2\/product_cat?post=9236"},{"taxonomy":"product_tag","embeddable":true,"href":"https:\/\/antcube.shop\/hu\/wp-json\/wp\/v2\/product_tag?post=9236"}],"curies":[{"name":"wp","href":"https:\/\/api.w.org\/{rel}","templated":true}]}}