{"id":9235,"date":"2024-09-17T14:31:37","date_gmt":"2024-09-17T12:31:37","guid":{"rendered":"https:\/\/antcube.shop\/en\/product\/ameisenarena-abdeckung-20x10\/"},"modified":"2026-04-07T10:38:42","modified_gmt":"2026-04-07T08:38:42","slug":"hangya-arena-boritas-20x10","status":"publish","type":"product","link":"https:\/\/antcube.shop\/hu\/termek\/hangya-arena-boritas-20x10\/","title":{"rendered":"Hangya ar\u00e9na bor\u00edt\u00e1s 20\u00d710"},"content":{"rendered":"<p><strong>M\u00e9retek (LxBxH):<\/strong> 20x10x0,4 cm<\/p>\n<p><strong>Anyag:<\/strong> \u00fasztatott \u00fcveg<\/p>\n<p><strong>Sz\u00edn:<\/strong> krist\u00e1lytiszta \/ \u00e1tl\u00e1tsz\u00f3<\/p>\n<p><strong>Tartalom:<\/strong><br \/>\n1x hangya ar\u00e9na fed\u00e9l<br \/>\n1x r\u00f6gz\u00edt\u00e9si pontok \u00e0 4 db.<\/p>\n<p><strong>Le\u00edr\u00e1s:<\/strong><br \/>\n\u00dcvegfed\u00e9l a hangyaar\u00e9na sz\u00e1m\u00e1ra menek\u00fcl\u00e9s elleni v\u00e9delemk\u00e9nt<\/p>\n<p><strong>Alkalmaz\u00e1s:<\/strong><br \/>\nAz \u00fcveg hangyaar\u00e9na fedelet egy hangyaar\u00e9n\u00e1ra helyezik, \u00e9s az \u00e9ghajlat szab\u00e1lyoz\u00e1s\u00e1ra is haszn\u00e1lj\u00e1k.<br \/>\nAz 50 mm-es ny\u00edl\u00e1sokba k\u00fcl\u00f6nb\u00f6z\u0151 kl\u00edmavez\u00e9rl\u0151 modulok illeszthet\u0151k, pl. szell\u0151z\u0151r\u00e1csok, vil\u00e1g\u00edt\u00e1s vagy p\u00e1r\u00e1s\u00edt\u00e1s.<br \/>\nAnnak \u00e9rdek\u00e9ben, hogy a hangy\u00e1k ne tudjanak kisz\u00f6kni a ny\u00edl\u00e1sokon kereszt\u00fcl, a lyukak k\u00f6r\u00fcli aljzatra menek\u00fcl\u00e9sg\u00e1tl\u00f3t (olajat, port vagy lakkot) kell felvinni.<\/p>\n<p><strong>Megjegyz\u00e9s:<\/strong><br \/>\nMivel a t\u00e1rgy \u00fcvegb\u0151l k\u00e9sz\u00fclt, \u00e9s ez\u00e9rt t\u00f6r\u00e9keny, nagy k\u00f6r\u00fcltekint\u00e9ssel kell kezelni.<\/p>","protected":false},"excerpt":{"rendered":"<p>M\u00e9retek (LxBxH): 20x10x0,4 cm Anyag: \u00fasztatott \u00fcveg Sz\u00edn: krist\u00e1lytiszta \/ \u00e1tl\u00e1tsz\u00f3 Tartalom: 1x hangya ar\u00e9na fedele 1x r\u00f6gz\u00edt\u0151pontok \u00e0 4 db.  \u00dcvegfed\u00e9l a hangyaar\u00e9n\u00e1hoz menek\u00fcl\u00e9s elleni v\u00e9delemk\u00e9nt Alkalmaz\u00e1s: Az \u00fcveg hangyaar\u00e9na fedelet a hangyaar\u00e9n\u00e1ra helyezz\u00fck \u00e9s kl\u00edmaszab\u00e1lyoz\u00e1sra is haszn\u00e1ljuk. K\u00fcl\u00f6nb\u00f6z\u0151 kl\u00edmaszab\u00e1lyoz\u00e1s","protected":false},"featured_media":9568,"comment_status":"open","ping_status":"closed","template":"","meta":{"_acf_changed":false,"content-type":"","_monsterinsights_skip_tracking":false,"_monsterinsights_sitenote_active":false,"_monsterinsights_sitenote_note":"","_monsterinsights_sitenote_category":0},"product_brand":[],"product_cat":[91,92],"product_tag":[],"class_list":{"0":"post-9235","1":"product","2":"type-product","3":"status-publish","4":"has-post-thumbnail","6":"product_cat-formicarium-modules","7":"product_cat-arena-cover","9":"first","10":"instock","11":"taxable","12":"shipping-taxable","13":"purchasable","14":"product-type-simple"},"acf":[],"aioseo_notices":[],"jetpack_sharing_enabled":true,"_links":{"self":[{"href":"https:\/\/antcube.shop\/hu\/wp-json\/wp\/v2\/product\/9235","targetHints":{"allow":["GET"]}}],"collection":[{"href":"https:\/\/antcube.shop\/hu\/wp-json\/wp\/v2\/product"}],"about":[{"href":"https:\/\/antcube.shop\/hu\/wp-json\/wp\/v2\/types\/product"}],"replies":[{"embeddable":true,"href":"https:\/\/antcube.shop\/hu\/wp-json\/wp\/v2\/comments?post=9235"}],"wp:featuredmedia":[{"embeddable":true,"href":"https:\/\/antcube.shop\/hu\/wp-json\/wp\/v2\/media\/9568"}],"wp:attachment":[{"href":"https:\/\/antcube.shop\/hu\/wp-json\/wp\/v2\/media?parent=9235"}],"wp:term":[{"taxonomy":"product_brand","embeddable":true,"href":"https:\/\/antcube.shop\/hu\/wp-json\/wp\/v2\/product_brand?post=9235"},{"taxonomy":"product_cat","embeddable":true,"href":"https:\/\/antcube.shop\/hu\/wp-json\/wp\/v2\/product_cat?post=9235"},{"taxonomy":"product_tag","embeddable":true,"href":"https:\/\/antcube.shop\/hu\/wp-json\/wp\/v2\/product_tag?post=9235"}],"curies":[{"name":"wp","href":"https:\/\/api.w.org\/{rel}","templated":true}]}}