{"id":9234,"date":"2024-09-17T14:31:14","date_gmt":"2024-09-17T12:31:14","guid":{"rendered":"https:\/\/antcube.shop\/en\/product\/ameisenarena-lufter-50mm\/"},"modified":"2026-04-02T12:12:12","modified_gmt":"2026-04-02T10:12:12","slug":"hangya-arena-ventilator-50mm","status":"publish","type":"product","link":"https:\/\/antcube.shop\/hu\/termek\/hangya-arena-ventilator-50mm\/","title":{"rendered":"Ant Arena - ventil\u00e1tor 50mm"},"content":{"rendered":"<p><span data-text-color=\"alert\"><strong>Sz\u00e1ll\u00edt\u00e1s csak N\u00e9metorsz\u00e1gban lehets\u00e9ges!<\/strong><\/span><\/p>\n<p><strong>Tartalom:<\/strong><br \/>\n- Ventil\u00e1tor 42mm<br \/>\n- R\u00e1csbet\u00e9t 50 mm - \u00e1tl\u00e1tsz\u00f3<br \/>\n- Dug\u00f3 \/ csatlakoz\u00f3<\/p>\n<p><strong>M\u0171szaki adatok:<\/strong><br \/>\nTeljes\u00edtm\u00e9ny: 1W<br \/>\nFesz\u00fclts\u00e9g: 12V<br \/>\nK\u00e1bel hossza: 10 cm<br \/>\nH\u0151m\u00e9rs\u00e9klet-tartom\u00e1ny -10 - +60 \u00b0C<br \/>\n\u00c9lettartam 50 000 h<br \/>\nL\u00e9g\u00e1ram 10 m\u00b3\/h (r\u00e1csos r\u00f6gz\u00edt\u00e9ssel, az \u00e1raml\u00e1si sebess\u00e9g a ny\u00edl\u00e1s m\u00e9ret\u00e9t\u0151l f\u00fcgg\u0151en cs\u00f6kken)<\/p>\n<p><strong>Anyag:<\/strong> m\u0171anyag<\/p>\n<p><strong>Sz\u00edn:<\/strong> feh\u00e9r \/ \u00e1tl\u00e1tsz\u00f3<\/p>\n<p><strong>Le\u00edr\u00e1s:<\/strong><br \/>\nA hangyaar\u00e9na szell\u0151ztet\u00e9s\u00e9hez ez a ventil\u00e1tor k\u00f6zvetlen\u00fcl a hangyaar\u00e9na fedel\u00e9re csatlakoztathat\u00f3.<\/p>\n<p><strong>K\u00f6rnyezetv\u00e9delmi inform\u00e1ci\u00f3k:<\/strong><br \/>\nK\u00fcl\u00f6nleges \u00e1rtalmatlan\u00edt\u00e1sra lehet sz\u00fcks\u00e9g. K\u00e9rj\u00fck, l\u00e9pjen kapcsolatba a helyi hat\u00f3s\u00e1gokkal.<br \/>\nTov\u00e1bbi inform\u00e1ci\u00f3k:<\/p>\n<blockquote class=\"wp-embedded-content\" data-secret=\"E5wsFkHgL8\"><p><a href=\"https:\/\/antcube.shop\/en\/electrical-devices-act\/\">Elektromos k\u00e9sz\u00fcl\u00e9kekr\u0151l sz\u00f3l\u00f3 t\u00f6rv\u00e9ny<\/a><\/p><\/blockquote>\n<p><iframe loading=\"lazy\" class=\"wp-embedded-content\" sandbox=\"allow-scripts\" security=\"restricted\" style=\"position: absolute; visibility: hidden;\" title=\"&quot;Elektromos berendez\u00e9sekr\u0151l sz\u00f3l\u00f3 t\u00f6rv\u00e9ny&quot; - ANTCUBE\" src=\"https:\/\/antcube.shop\/en\/electrical-devices-act\/embed\/#?secret=BvHuHVTyVI#?secret=E5wsFkHgL8\" data-secret=\"E5wsFkHgL8\" width=\"600\" height=\"338\" frameborder=\"0\" marginwidth=\"0\" marginheight=\"0\" scrolling=\"no\"><\/iframe><\/p>\n<p>&nbsp;<\/p>\n<p>Ez a cikk a WEEE-rendelet szerint regisztr\u00e1lt. DE 54590387.<\/p>\n<p>&nbsp;<\/p>","protected":false},"excerpt":{"rendered":"<p>Sz\u00e1ll\u00edt\u00e1s csak N\u00e9metorsz\u00e1gban lehets\u00e9ges! Tartalom: A csomag tartalma: - M\u0171szaki adatok: 42 mm-es ventil\u00e1tor - 50 mm-es r\u00e1csbet\u00e9t - \u00e1tl\u00e1tsz\u00f3 - dug\u00f3 \/ csatlakoz\u00f3: Teljes\u00edtm\u00e9ny: 1W Fesz\u00fclts\u00e9g: 12V K\u00e1belhossz: 10 cm H\u0151m\u00e9rs\u00e9klet-tartom\u00e1ny -10 - +60 \u00b0C \u00c9lettartam 50 000 h L\u00e9g\u00e1ram 10 m\u00b3\/h (r\u00e1csbet\u00e9ttel az \u00e1raml\u00e1si sebess\u00e9g cs\u00f6kken a [...]","protected":false},"featured_media":9512,"comment_status":"open","ping_status":"closed","template":"","meta":{"_acf_changed":false,"content-type":"","_monsterinsights_skip_tracking":false,"_monsterinsights_sitenote_active":false,"_monsterinsights_sitenote_note":"","_monsterinsights_sitenote_category":0},"product_brand":[],"product_cat":[359,119],"product_tag":[],"class_list":{"0":"post-9234","1":"product","2":"type-product","3":"status-publish","4":"has-post-thumbnail","6":"product_cat-light-heat-humidity","7":"product_cat-formicarium-components","9":"first","10":"instock","11":"taxable","12":"shipping-taxable","13":"purchasable","14":"product-type-simple"},"acf":[],"aioseo_notices":[],"jetpack_sharing_enabled":true,"_links":{"self":[{"href":"https:\/\/antcube.shop\/hu\/wp-json\/wp\/v2\/product\/9234","targetHints":{"allow":["GET"]}}],"collection":[{"href":"https:\/\/antcube.shop\/hu\/wp-json\/wp\/v2\/product"}],"about":[{"href":"https:\/\/antcube.shop\/hu\/wp-json\/wp\/v2\/types\/product"}],"replies":[{"embeddable":true,"href":"https:\/\/antcube.shop\/hu\/wp-json\/wp\/v2\/comments?post=9234"}],"wp:featuredmedia":[{"embeddable":true,"href":"https:\/\/antcube.shop\/hu\/wp-json\/wp\/v2\/media\/9512"}],"wp:attachment":[{"href":"https:\/\/antcube.shop\/hu\/wp-json\/wp\/v2\/media?parent=9234"}],"wp:term":[{"taxonomy":"product_brand","embeddable":true,"href":"https:\/\/antcube.shop\/hu\/wp-json\/wp\/v2\/product_brand?post=9234"},{"taxonomy":"product_cat","embeddable":true,"href":"https:\/\/antcube.shop\/hu\/wp-json\/wp\/v2\/product_cat?post=9234"},{"taxonomy":"product_tag","embeddable":true,"href":"https:\/\/antcube.shop\/hu\/wp-json\/wp\/v2\/product_tag?post=9234"}],"curies":[{"name":"wp","href":"https:\/\/api.w.org\/{rel}","templated":true}]}}