{"id":9233,"date":"2024-09-17T14:30:50","date_gmt":"2024-09-17T12:30:50","guid":{"rendered":"https:\/\/antcube.shop\/en\/product\/ameisenarena-lufter-set-50mm-mit-netzgerat\/"},"modified":"2026-04-02T18:12:07","modified_gmt":"2026-04-02T16:12:07","slug":"ameisenarena-lufter-set-50mm-mit-netzgerat","status":"publish","type":"product","link":"https:\/\/antcube.shop\/hu\/termek\/ameisenarena-lufter-set-50mm-mit-netzgerat\/","title":{"rendered":"Ant Arena - 50mm-es ventil\u00e1tor szett t\u00e1pegys\u00e9ggel"},"content":{"rendered":"<p><span data-text-color=\"alert\"><strong>Sz\u00e1ll\u00edt\u00e1s csak N\u00e9metorsz\u00e1gban lehets\u00e9ges!<\/strong><\/span><\/p>\n<p><strong>Tartalom:<\/strong><br \/>\n- Ventil\u00e1tor 42mm<br \/>\n- r\u00e1csbet\u00e9t 50mm - \u00e1tl\u00e1tsz\u00f3<br \/>\n- T\u00e1pegys\u00e9g<br \/>\n- Dug\u00f3 \/ csatlakoz\u00f3<\/p>\n<p><strong>M\u0171szaki adatok:<\/strong><br \/>\nT\u00e1pegys\u00e9g kimenete: (12W)<br \/>\nFesz\u00fclts\u00e9g bemenet: V-240V<br \/>\nFesz\u00fclts\u00e9g kimenet: 5V<br \/>\nK\u00e1bel hossza: 10 cm (ventil\u00e1tor)<br \/>\nK\u00e1belhossz: 90 cm (t\u00e1pegys\u00e9g)<br \/>\nTeljes\u00edtm\u00e9ny ventil\u00e1tor 1 W<br \/>\nH\u0151m\u00e9rs\u00e9klet-tartom\u00e1ny -10 - +60 \u00b0C<br \/>\n\u00c9lettartam 50 000 h<br \/>\nL\u00e9g\u00e1ram 10 m\u00b3\/h (r\u00e1csos r\u00f6gz\u00edt\u00e9ssel, az \u00e1raml\u00e1si sebess\u00e9g a ny\u00edl\u00e1s m\u00e9ret\u00e9t\u0151l f\u00fcgg\u0151en cs\u00f6kken)<\/p>\n<p><strong>M\u00e9retek:<\/strong> 5 x 5 x 1 cm (ventil\u00e1tor)<\/p>\n<p><strong>Anyag:<\/strong> m\u0171anyag<\/p>\n<p><strong>Sz\u00edn:<\/strong> \u00e1tl\u00e1tsz\u00f3, \u00e1ttetsz\u0151 (ventil\u00e1tor); fekete (t\u00e1pegys\u00e9g)<\/p>\n<p><strong>Le\u00edr\u00e1s:<\/strong><br \/>\nA szell\u0151ztet\u00e9s k\u00fcl\u00f6n\u00f6sen fontos, hogy a formik\u00e1riumban a lehet\u0151 legterm\u00e9szetesebb kl\u00edma uralkodjon, \u00e9s hogy megel\u0151zhet\u0151 legyen a pen\u00e9szesed\u00e9s. A ventil\u00e1tort vagy a n\u00e9gy csavarny\u00edl\u00e1s seg\u00edts\u00e9g\u00e9vel lehet felszerelni, vagy szilikon vagy m\u0171anyag ragaszt\u00f3 seg\u00edts\u00e9g\u00e9vel kell r\u00f6gz\u00edteni. A motor szinte hangtalanul \u00e9s rezg\u00e9smentesen m\u0171k\u00f6dik.<\/p>\n<p><strong>K\u00f6rnyezetv\u00e9delmi inform\u00e1ci\u00f3k:<\/strong><br \/>\nK\u00fcl\u00f6nleges \u00e1rtalmatlan\u00edt\u00e1sra lehet sz\u00fcks\u00e9g. K\u00e9rj\u00fck, l\u00e9pjen kapcsolatba a helyi hat\u00f3s\u00e1gokkal.<br \/>\nTov\u00e1bbi inform\u00e1ci\u00f3k:<\/p>\n<blockquote class=\"wp-embedded-content\" data-secret=\"jOGF5OPQCF\"><p><a href=\"https:\/\/antcube.shop\/en\/electrical-devices-act\/\">Elektromos k\u00e9sz\u00fcl\u00e9kekr\u0151l sz\u00f3l\u00f3 t\u00f6rv\u00e9ny<\/a><\/p><\/blockquote>\n<p><iframe loading=\"lazy\" class=\"wp-embedded-content\" sandbox=\"allow-scripts\" security=\"restricted\" style=\"position: absolute; visibility: hidden;\" title=\"&quot;Elektromos berendez\u00e9sekr\u0151l sz\u00f3l\u00f3 t\u00f6rv\u00e9ny&quot; - ANTCUBE\" src=\"https:\/\/antcube.shop\/en\/electrical-devices-act\/embed\/#?secret=NfRYQNwKWB#?secret=jOGF5OPQCF\" data-secret=\"jOGF5OPQCF\" width=\"600\" height=\"338\" frameborder=\"0\" marginwidth=\"0\" marginheight=\"0\" scrolling=\"no\"><\/iframe><\/p>","protected":false},"excerpt":{"rendered":"<p>Shipping only possible in Germany! Contents: &#8211; Fan 42mm &#8211; on grille insert 50mm &#8211; transparent &#8211; Power supply unit &#8211; Plug \/ connector Technical specifications: Power supply unit output: 2.5 A (12W) Voltage input: 100V-240V Voltage output: 5V Cable length: 10 cm (fan) Cable length: 90 cm (power supply unit) Power fan 1 W [&#8230;]","protected":false},"featured_media":9507,"comment_status":"open","ping_status":"closed","template":"","meta":{"_acf_changed":false,"content-type":"","_monsterinsights_skip_tracking":false,"_monsterinsights_sitenote_active":false,"_monsterinsights_sitenote_note":"","_monsterinsights_sitenote_category":0},"product_brand":[],"product_cat":[359,119],"product_tag":[],"class_list":{"0":"post-9233","1":"product","2":"type-product","3":"status-publish","4":"has-post-thumbnail","6":"product_cat-light-heat-humidity","7":"product_cat-formicarium-components","9":"first","10":"outofstock","11":"taxable","12":"shipping-taxable","13":"purchasable","14":"product-type-simple"},"acf":[],"aioseo_notices":[],"jetpack_sharing_enabled":true,"_links":{"self":[{"href":"https:\/\/antcube.shop\/hu\/wp-json\/wp\/v2\/product\/9233","targetHints":{"allow":["GET"]}}],"collection":[{"href":"https:\/\/antcube.shop\/hu\/wp-json\/wp\/v2\/product"}],"about":[{"href":"https:\/\/antcube.shop\/hu\/wp-json\/wp\/v2\/types\/product"}],"replies":[{"embeddable":true,"href":"https:\/\/antcube.shop\/hu\/wp-json\/wp\/v2\/comments?post=9233"}],"wp:featuredmedia":[{"embeddable":true,"href":"https:\/\/antcube.shop\/hu\/wp-json\/wp\/v2\/media\/9507"}],"wp:attachment":[{"href":"https:\/\/antcube.shop\/hu\/wp-json\/wp\/v2\/media?parent=9233"}],"wp:term":[{"taxonomy":"product_brand","embeddable":true,"href":"https:\/\/antcube.shop\/hu\/wp-json\/wp\/v2\/product_brand?post=9233"},{"taxonomy":"product_cat","embeddable":true,"href":"https:\/\/antcube.shop\/hu\/wp-json\/wp\/v2\/product_cat?post=9233"},{"taxonomy":"product_tag","embeddable":true,"href":"https:\/\/antcube.shop\/hu\/wp-json\/wp\/v2\/product_tag?post=9233"}],"curies":[{"name":"wp","href":"https:\/\/api.w.org\/{rel}","templated":true}]}}