{"id":9231,"date":"2024-09-17T14:30:07","date_gmt":"2024-09-17T12:30:07","guid":{"rendered":"https:\/\/antcube.shop\/en\/product\/antcube-arena-60x30x30-lang\/"},"modified":"2026-04-02T09:54:10","modified_gmt":"2026-04-02T07:54:10","slug":"antcube-arena-60x30x30-szeles","status":"publish","type":"product","link":"https:\/\/antcube.shop\/hu\/termek\/antcube-arena-60x30x30-szeles\/","title":{"rendered":"ANTCUBE - Ar\u00e9na 60x30x30 - sz\u00e9les"},"content":{"rendered":"<p><span data-text-color=\"alert\"><strong>Sz\u00e1ll\u00edt\u00e1s csak GO!-val lehets\u00e9ges N\u00e9metorsz\u00e1gon bel\u00fcl, vagy palett\u00e1n kereszt\u00fcl Eur\u00f3p\u00e1n bel\u00fcl (szigetek n\u00e9lk\u00fcl).<\/strong><\/span><\/p>\n<p><strong>M\u00e9retek:<\/strong> 600 x 300 x 300 mm; 4 mm \u00fcvegvastags\u00e1g<\/p>\n<p><strong>Anyag:<\/strong> Float \u00fcveg<\/p>\n<p><strong>Csatlakoz\u00e1s:<\/strong> 2x furat 50 mm<\/p>\n<p><strong>Le\u00edr\u00e1s:<\/strong><br \/>\n\u00dcvegmedence 60x30x30 cm, 2x 50 mm-es lyukkal<br \/>\nA lyuk (k\u00f6z\u00e9ppont) 3 cm magass\u00e1gban van.<\/p>\n<p><strong>Megjegyz\u00e9s:<\/strong> Az \u00fcveg v\u00e1g\u00e1sa a DIN 1249 szabv\u00e1ny szerint t\u00f6rt\u00e9nik, +\/;- 1 mm t\u0171r\u00e9ssel. A rendk\u00edv\u00fcl kis hangyafajok eset\u00e9ben tov\u00e1bbi hangyakijut\u00e1s elleni v\u00e9delem elengedhetetlen.<\/p>","protected":false},"excerpt":{"rendered":"<p><strong>Csatlakoz\u00e1s:<\/strong> 2x furat 50 mm<\/p>\n<p><strong>M\u00e9ret:<\/strong> S, M, L, XL<\/p>","protected":false},"featured_media":9517,"comment_status":"open","ping_status":"closed","template":"","meta":{"_acf_changed":false,"content-type":"","_monsterinsights_skip_tracking":false,"_monsterinsights_sitenote_active":false,"_monsterinsights_sitenote_note":"","_monsterinsights_sitenote_category":0},"product_brand":[],"product_cat":[85,86],"product_tag":[],"class_list":{"0":"post-9231","1":"product","2":"type-product","3":"status-publish","4":"has-post-thumbnail","6":"product_cat-ant-arenas","7":"product_cat-formicariums","8":"product_shipping_class-fragile","10":"first","11":"instock","12":"taxable","13":"shipping-taxable","14":"purchasable","15":"product-type-simple"},"acf":[],"aioseo_notices":[],"jetpack_sharing_enabled":true,"_links":{"self":[{"href":"https:\/\/antcube.shop\/hu\/wp-json\/wp\/v2\/product\/9231","targetHints":{"allow":["GET"]}}],"collection":[{"href":"https:\/\/antcube.shop\/hu\/wp-json\/wp\/v2\/product"}],"about":[{"href":"https:\/\/antcube.shop\/hu\/wp-json\/wp\/v2\/types\/product"}],"replies":[{"embeddable":true,"href":"https:\/\/antcube.shop\/hu\/wp-json\/wp\/v2\/comments?post=9231"}],"wp:featuredmedia":[{"embeddable":true,"href":"https:\/\/antcube.shop\/hu\/wp-json\/wp\/v2\/media\/9517"}],"wp:attachment":[{"href":"https:\/\/antcube.shop\/hu\/wp-json\/wp\/v2\/media?parent=9231"}],"wp:term":[{"taxonomy":"product_brand","embeddable":true,"href":"https:\/\/antcube.shop\/hu\/wp-json\/wp\/v2\/product_brand?post=9231"},{"taxonomy":"product_cat","embeddable":true,"href":"https:\/\/antcube.shop\/hu\/wp-json\/wp\/v2\/product_cat?post=9231"},{"taxonomy":"product_tag","embeddable":true,"href":"https:\/\/antcube.shop\/hu\/wp-json\/wp\/v2\/product_tag?post=9231"}],"curies":[{"name":"wp","href":"https:\/\/api.w.org\/{rel}","templated":true}]}}