{"id":9227,"date":"2024-09-17T14:28:29","date_gmt":"2024-09-17T12:28:29","guid":{"rendered":"https:\/\/antcube.shop\/en\/product\/antcube-ameisenarenaeinsatz-m-40x20\/"},"modified":"2026-01-12T12:37:38","modified_gmt":"2026-01-12T11:37:38","slug":"hangyakocka-hangya-arena-betet-m-40x20","status":"publish","type":"product","link":"https:\/\/antcube.shop\/hu\/termek\/hangyakocka-hangya-arena-betet-m-40x20\/","title":{"rendered":"ANTCUBE hangya ar\u00e9na bet\u00e9t - M - 20\u00d720"},"content":{"rendered":"<p><strong>M\u00e9ret:<\/strong><br \/>\nk\u00fcls\u0151: 390 x 18 x 176mm<br \/>\nbelseje: 384 x 10 x 169 mm<\/p>\n<p><strong>Anyag:<\/strong> \u00fasztatott \u00fcveg<\/p>\n<p><strong>Sz\u00edn:<\/strong> \u00e1tl\u00e1tsz\u00f3<\/p>\n<p><strong>Tartalom:<\/strong><br \/>\n1x hangya ar\u00e9na bet\u00e9t<br \/>\n1x fed\u00e9l<br \/>\n1x r\u00f6gz\u00edt\u00e9si pontok 2 db.<\/p>\n<p><strong>Le\u00edr\u00e1s:<\/strong><br \/>\nEz a f\u00e9szekbet\u00e9t egy ANTCUBE hangyaar\u00e9n\u00e1ba helyezhet\u0151 \u00e9s \u00e1s\u00e1sra alkalmas anyaggal (pl. homok-agyag kever\u00e9k vagy Digfix) t\u00f6lthet\u0151 meg. K\u00fcl\u00f6nlegess\u00e9ge, hogy k\u00e9nyelmesen kivehet\u0151 az ar\u00e9n\u00e1b\u00f3l, pl. a hangy\u00e1kkal val\u00f3 teleltet\u00e9shez. Be- \u00e9s kij\u00e1ratk\u00e9nt, valamint a szell\u0151z\u00e9shez k\u00e9t 10 mm-es lyuk van az als\u00f3 r\u00e9szen. A teleltet\u00e9shez ezek 10 mm-es dug\u00f3kkal z\u00e1rhat\u00f3k (ezek nem tartoznak a csomaghoz).<\/p>\n<p><strong>Megjegyz\u00e9s:<\/strong> Az \u00fcveg v\u00e1g\u00e1sa a DIN 1249 szabv\u00e1ny szerint t\u00f6rt\u00e9nik, +\/- 1 mm-es t\u0171r\u00e9ssel. A rendk\u00edv\u00fcl kis hangyafajok eset\u00e9ben tov\u00e1bbi menek\u00fcl\u00e9sv\u00e9delemre van sz\u00fcks\u00e9g.<\/p>","protected":false},"excerpt":{"rendered":"<p>M\u00e9ret: <span style=\"color: #008000;\"><strong>M<\/strong><\/span><\/p>","protected":false},"featured_media":9527,"comment_status":"open","ping_status":"closed","template":"","meta":{"_acf_changed":false,"content-type":"","_monsterinsights_skip_tracking":false,"_monsterinsights_sitenote_active":false,"_monsterinsights_sitenote_note":"","_monsterinsights_sitenote_category":0},"product_brand":[],"product_cat":[91,94],"product_tag":[],"class_list":{"0":"post-9227","1":"product","2":"type-product","3":"status-publish","4":"has-post-thumbnail","6":"product_cat-formicarium-modules","7":"product_cat-arena-inset","9":"first","10":"instock","11":"taxable","12":"shipping-taxable","13":"purchasable","14":"product-type-simple"},"acf":[],"aioseo_notices":[],"jetpack_sharing_enabled":true,"_links":{"self":[{"href":"https:\/\/antcube.shop\/hu\/wp-json\/wp\/v2\/product\/9227","targetHints":{"allow":["GET"]}}],"collection":[{"href":"https:\/\/antcube.shop\/hu\/wp-json\/wp\/v2\/product"}],"about":[{"href":"https:\/\/antcube.shop\/hu\/wp-json\/wp\/v2\/types\/product"}],"replies":[{"embeddable":true,"href":"https:\/\/antcube.shop\/hu\/wp-json\/wp\/v2\/comments?post=9227"}],"wp:featuredmedia":[{"embeddable":true,"href":"https:\/\/antcube.shop\/hu\/wp-json\/wp\/v2\/media\/9527"}],"wp:attachment":[{"href":"https:\/\/antcube.shop\/hu\/wp-json\/wp\/v2\/media?parent=9227"}],"wp:term":[{"taxonomy":"product_brand","embeddable":true,"href":"https:\/\/antcube.shop\/hu\/wp-json\/wp\/v2\/product_brand?post=9227"},{"taxonomy":"product_cat","embeddable":true,"href":"https:\/\/antcube.shop\/hu\/wp-json\/wp\/v2\/product_cat?post=9227"},{"taxonomy":"product_tag","embeddable":true,"href":"https:\/\/antcube.shop\/hu\/wp-json\/wp\/v2\/product_tag?post=9227"}],"curies":[{"name":"wp","href":"https:\/\/api.w.org\/{rel}","templated":true}]}}