{"id":9223,"date":"2024-09-17T14:26:51","date_gmt":"2024-09-17T12:26:51","guid":{"rendered":"https:\/\/antcube.shop\/en\/product\/antcube-ameisenarenaeinsatz-xl-60x30\/"},"modified":"2026-04-08T09:49:14","modified_gmt":"2026-04-08T07:49:14","slug":"hangyakocka-hangya-arena-betet-xl-60x30","status":"publish","type":"product","link":"https:\/\/antcube.shop\/hu\/termek\/hangyakocka-hangya-arena-betet-xl-60x30\/","title":{"rendered":"ANTCUBE hangya ar\u00e9na bet\u00e9t - XL - 60\u00d730"},"content":{"rendered":"<p><span data-text-color=\"alert\"><strong>Sz\u00e1ll\u00edt\u00e1s csak GO!-val lehets\u00e9ges N\u00e9metorsz\u00e1gon bel\u00fcl, vagy palett\u00e1n kereszt\u00fcl Eur\u00f3p\u00e1n bel\u00fcl (szigetek n\u00e9lk\u00fcl).<\/strong><\/span><\/p>\n<p><strong>M\u00e9retek:<\/strong><br \/>\nk\u00fcls\u0151: 590 x 58 x 276 mm<br \/>\nbelseje: 584 x 50 x 269 mm<\/p>\n<p><strong>Anyag:<\/strong> \u00fasztatott \u00fcveg<\/p>\n<p><strong>Sz\u00edn:<\/strong> \u00e1tl\u00e1tsz\u00f3<\/p>\n<p><strong>Tartalom:<\/strong><br \/>\n1x hangya ar\u00e9na bet\u00e9t<br \/>\n1x fed\u00e9l<br \/>\n1x r\u00f6gz\u00edt\u00e9si pontok 2 db.<\/p>\n<p><strong>Le\u00edr\u00e1s:<\/strong><br \/>\nEz a f\u00e9szkel\u0151bet\u00e9t elhelyezhet\u0151 egy ANTCUBE hangyaar\u00e9n\u00e1ban, \u00e9s felt\u00f6lthet\u0151 \u00e1shat\u00f3 anyaggal (pl. homok\/agyag kever\u00e9kkel vagy Digfixszel). K\u00fcl\u00f6nlegess\u00e9ge, hogy k\u00f6nnyen elt\u00e1vol\u00edthat\u00f3 az ar\u00e9n\u00e1b\u00f3l, pl. a hangy\u00e1kkal val\u00f3 teleltet\u00e9shez. Az als\u00f3 r\u00e9szen k\u00e9t 10 mm-es lyuk van a be- \u00e9s kil\u00e9p\u00e9shez, valamint a szell\u0151z\u00e9shez. Ezeket 10 mm-es dug\u00f3kkal lehet lez\u00e1rni a telel\u00e9shez (ezek nem tartoznak a csomaghoz).<\/p>\n<p><strong>Megjegyz\u00e9s:<\/strong> Az \u00fcveg m\u00e9retre v\u00e1g\u00e1sa a DIN 1249 szabv\u00e1ny szerint t\u00f6rt\u00e9nik, +\/- 1 mm-es t\u0171r\u00e9ssel. A rendk\u00edv\u00fcl kis hangyafajok eset\u00e9ben kieg\u00e9sz\u00edt\u0151 kit\u00f6r\u00e9sv\u00e9delemre van sz\u00fcks\u00e9g.<\/p>","protected":false},"excerpt":{"rendered":"<p>M\u00e9ret: <span style=\"color: #ff0000;\"><strong>XL<\/strong><\/span><\/p>","protected":false},"featured_media":9535,"comment_status":"open","ping_status":"closed","template":"","meta":{"_acf_changed":false,"content-type":"","_monsterinsights_skip_tracking":false,"_monsterinsights_sitenote_active":false,"_monsterinsights_sitenote_note":"","_monsterinsights_sitenote_category":0},"product_brand":[],"product_cat":[91,94],"product_tag":[],"class_list":{"0":"post-9223","1":"product","2":"type-product","3":"status-publish","4":"has-post-thumbnail","6":"product_cat-formicarium-modules","7":"product_cat-arena-inset","8":"product_shipping_class-fragile","10":"first","11":"instock","12":"taxable","13":"shipping-taxable","14":"purchasable","15":"product-type-simple"},"acf":[],"aioseo_notices":[],"jetpack_sharing_enabled":true,"_links":{"self":[{"href":"https:\/\/antcube.shop\/hu\/wp-json\/wp\/v2\/product\/9223","targetHints":{"allow":["GET"]}}],"collection":[{"href":"https:\/\/antcube.shop\/hu\/wp-json\/wp\/v2\/product"}],"about":[{"href":"https:\/\/antcube.shop\/hu\/wp-json\/wp\/v2\/types\/product"}],"replies":[{"embeddable":true,"href":"https:\/\/antcube.shop\/hu\/wp-json\/wp\/v2\/comments?post=9223"}],"wp:featuredmedia":[{"embeddable":true,"href":"https:\/\/antcube.shop\/hu\/wp-json\/wp\/v2\/media\/9535"}],"wp:attachment":[{"href":"https:\/\/antcube.shop\/hu\/wp-json\/wp\/v2\/media?parent=9223"}],"wp:term":[{"taxonomy":"product_brand","embeddable":true,"href":"https:\/\/antcube.shop\/hu\/wp-json\/wp\/v2\/product_brand?post=9223"},{"taxonomy":"product_cat","embeddable":true,"href":"https:\/\/antcube.shop\/hu\/wp-json\/wp\/v2\/product_cat?post=9223"},{"taxonomy":"product_tag","embeddable":true,"href":"https:\/\/antcube.shop\/hu\/wp-json\/wp\/v2\/product_tag?post=9223"}],"curies":[{"name":"wp","href":"https:\/\/api.w.org\/{rel}","templated":true}]}}