{"id":9219,"date":"2024-09-17T14:25:17","date_gmt":"2024-09-17T12:25:17","guid":{"rendered":"https:\/\/antcube.shop\/en\/product\/antcube-ameisenfarm-l-60x30-stehend\/"},"modified":"2026-04-05T01:10:13","modified_gmt":"2026-04-04T23:10:13","slug":"hangyakocka-hangyafarm-l-60x30-fuggolegesen","status":"publish","type":"product","link":"https:\/\/antcube.shop\/hu\/termek\/hangyakocka-hangyafarm-l-60x30-fuggolegesen\/","title":{"rendered":"ANTCUBE - Hangyafarm - L - 60\u00d730 - f\u00fcgg\u0151legesen \u00e1ll\u00edtva"},"content":{"rendered":"<p><strong>M\u00e9retek (LxBxH):<\/strong><br \/>\nk\u00fcls\u0151: 634x58x299 mm<br \/>\nbelseje: 584x20x290 mm<\/p>\n<p><strong>Anyag:<\/strong><br \/>\n\u00dasz\u00f3 \u00fcveg, m\u0171anyag<\/p>\n<p><strong>sz\u00edn:<\/strong><br \/>\nkrist\u00e1lytiszta<\/p>\n<p><strong>Tartalom:<\/strong><br \/>\n1x ANTCUBE hangyafarm - 20 mm-es t\u00e1ny\u00e9rt\u00e1vols\u00e1ggal<br \/>\n1x hangyafarm fed\u00e9l L 60\u00d73<br \/>\n2x dug\u00f3 4mm<\/p>\n<p><strong>Csatlakoz\u00e1s:<\/strong><br \/>\n2x 14\/16\/18\/20 x 20mm-es foglalat<br \/>\n2x 4mm-es lyukak 4mm-es dug\u00f3kkal<\/p>\n<p>A 14\/10-es t\u00f6ml\u0151 szil\u00e1rdan be van dugva a 14 mm-es aljzatba.<br \/>\nA 22\/18-as t\u00f6ml\u0151 szil\u00e1rdan r\u00f6gz\u00edtve van a m\u00e1sodik 20 mm-es l\u00e9pcs\u0151fokhoz<br \/>\nA 24\/20 t\u00f6ml\u0151 laz\u00e1n illeszkedik a m\u00e1sodik 20 mm-es l\u00e9pcs\u0151fokozatra<\/p>\n<p><strong>Le\u00edr\u00e1s:<\/strong><br \/>\nEz a teljesen \u00e1tl\u00e1tsz\u00f3 hangyafarm S m\u00e9ret\u0171 hangyafajok sz\u00e1m\u00e1ra alkalmas.<\/p>\n<p><strong>Megjegyz\u00e9sek a gy\u00e1rt\u00e1shoz<\/strong><br \/>\nAz \u00fcveg v\u00e1g\u00e1sa a DIN 1249 szabv\u00e1ny szerint t\u00f6rt\u00e9nik, +\/;- 1 mm t\u0171r\u00e9ssel. A rendk\u00edv\u00fcl kis hangyafajok eset\u00e9ben tov\u00e1bbi hangyakijut\u00e1s elleni v\u00e9delem elengedhetetlen.<\/p>\n<p><strong>Megjegyz\u00e9s a gazdas\u00e1gr\u00f3l<\/strong><br \/>\nA t\u00f6ml\u0151k csatlakoztat\u00e1sakor vagy elt\u00e1vol\u00edt\u00e1sakor vegye figyelembe a k\u00f6vetkez\u0151ket:<br \/>\nHa a cs\u0151 nagyon nehezen illeszkedik a csatlakoz\u00f3aljzatra, az aljzatot enyh\u00e9n be kell d\u00f6rzs\u00f6lni egy csepp kit\u00f6r\u00e9sv\u00e9d\u0151 olajjal vagy porral. A t\u00f6ml\u0151t ezut\u00e1n csavar\u00f3 vagy csavar\u00f3 mozdulatokkal kell a csatlakoz\u00f3aljzatra tolni an\u00e9lk\u00fcl, hogy a csatlakoz\u00f3aljzatot fel-le mozdulatokkal meger\u0151ltetn\u00e9nk. Ugyanez vonatkozik a t\u00f6ml\u0151k mez\u0151gazdas\u00e1gi csatlakoz\u00f3aljzatb\u00f3l t\u00f6rt\u00e9n\u0151 elt\u00e1vol\u00edt\u00e1s\u00e1ra is. K\u00e9rj\u00fck, ne h\u00fazza le egyszer\u0171en!<\/p>","protected":false},"excerpt":{"rendered":"<p><strong>Csatlakoz\u00e1s:<\/strong> Aljzat 2x 14\/16\/18\/20 mm + fed\u00e9l Lemezt\u00e1vols\u00e1g: K\u00fcls\u0151 20 mm \/ k\u00fcls\u0151 28 mm<\/p>\n<p><strong>M\u00e9ret:<\/strong> L<\/p>","protected":false},"featured_media":9543,"comment_status":"open","ping_status":"closed","template":"","meta":{"_acf_changed":false,"content-type":"","_monsterinsights_skip_tracking":false,"_monsterinsights_sitenote_active":false,"_monsterinsights_sitenote_note":"","_monsterinsights_sitenote_category":0},"product_brand":[],"product_cat":[80,83],"product_tag":[],"class_list":{"0":"post-9219","1":"product","2":"type-product","3":"status-publish","4":"has-post-thumbnail","6":"product_cat-antfarms","7":"product_cat-antfarms-l","9":"first","10":"instock","11":"taxable","12":"shipping-taxable","13":"purchasable","14":"product-type-simple"},"acf":[],"aioseo_notices":[],"jetpack_sharing_enabled":true,"_links":{"self":[{"href":"https:\/\/antcube.shop\/hu\/wp-json\/wp\/v2\/product\/9219","targetHints":{"allow":["GET"]}}],"collection":[{"href":"https:\/\/antcube.shop\/hu\/wp-json\/wp\/v2\/product"}],"about":[{"href":"https:\/\/antcube.shop\/hu\/wp-json\/wp\/v2\/types\/product"}],"replies":[{"embeddable":true,"href":"https:\/\/antcube.shop\/hu\/wp-json\/wp\/v2\/comments?post=9219"}],"wp:featuredmedia":[{"embeddable":true,"href":"https:\/\/antcube.shop\/hu\/wp-json\/wp\/v2\/media\/9543"}],"wp:attachment":[{"href":"https:\/\/antcube.shop\/hu\/wp-json\/wp\/v2\/media?parent=9219"}],"wp:term":[{"taxonomy":"product_brand","embeddable":true,"href":"https:\/\/antcube.shop\/hu\/wp-json\/wp\/v2\/product_brand?post=9219"},{"taxonomy":"product_cat","embeddable":true,"href":"https:\/\/antcube.shop\/hu\/wp-json\/wp\/v2\/product_cat?post=9219"},{"taxonomy":"product_tag","embeddable":true,"href":"https:\/\/antcube.shop\/hu\/wp-json\/wp\/v2\/product_tag?post=9219"}],"curies":[{"name":"wp","href":"https:\/\/api.w.org\/{rel}","templated":true}]}}