{"id":9218,"date":"2024-09-17T14:24:56","date_gmt":"2024-09-17T12:24:56","guid":{"rendered":"https:\/\/antcube.shop\/en\/product\/antcube-ameisenfarm-xl-60x30-stehend\/"},"modified":"2026-04-02T09:54:11","modified_gmt":"2026-04-02T07:54:11","slug":"hangyakocka-hangyafarm-xl-60x30-fuggolegesen","status":"publish","type":"product","link":"https:\/\/antcube.shop\/hu\/termek\/hangyakocka-hangyafarm-xl-60x30-fuggolegesen\/","title":{"rendered":"ANTCUBE - Hangyafarm - XL - 60\u00d730 - f\u00fcgg\u0151legesen \u00e1ll\u00edtva"},"content":{"rendered":"<p><span data-text-color=\"alert\"><strong>Sz\u00e1ll\u00edt\u00e1s csak GO!-val lehets\u00e9ges N\u00e9metorsz\u00e1gon bel\u00fcl, vagy palett\u00e1n kereszt\u00fcl Eur\u00f3p\u00e1n bel\u00fcl (szigetek n\u00e9lk\u00fcl).<\/strong><\/span><\/p>\n<p><strong>M\u00e9retek (LxBxH):<\/strong><br \/>\nk\u00fcls\u0151: 590x58x299 mm<br \/>\nbelseje: 584x50x290 mm<\/p>\n<p><strong>Anyag:<\/strong><br \/>\n\u00dasz\u00f3 \u00fcveg, m\u0171anyag<\/p>\n<p><strong>sz\u00edn:<\/strong><br \/>\nkrist\u00e1lytiszta<\/p>\n<p><strong>Tartalom:<\/strong><br \/>\n1x ANTCUBE hangyafarm - 52 mm-es t\u00e1ny\u00e9rt\u00e1vols\u00e1ggal<br \/>\n1x hangyafarm fed\u00e9l XL 60\u00d76<br \/>\n2x dug\u00f3 4mm<\/p>\n<p><strong>Csatlakoz\u00e1s:<\/strong><br \/>\nMindk\u00e9t oldalon van egy 27 mm-es lyuk, \u00edgy ez a farm csatlakoztathat\u00f3 egy 28 mm-es t\u00f6ml\u0151h\u00f6z vagy a mi \"tart\u00e1lycsatlakoz\u00f3nk t\u00f6ml\u0151vel 27 mm-es lyukakhoz\".<br \/>\n2x 4 mm-es lyukak 4 mm-es dug\u00f3kkal.<\/p>\n<p><strong>Le\u00edr\u00e1s:<\/strong><br \/>\nEz a teljesen \u00e1tl\u00e1tsz\u00f3 hangyafarm M m\u00e9ret\u0171 hangyafajok sz\u00e1m\u00e1ra alkalmas.<\/p>\n<p><strong>Megjegyz\u00e9sek a gy\u00e1rt\u00e1shoz<\/strong><br \/>\nAz \u00fcveg v\u00e1g\u00e1sa a DIN 1249 szabv\u00e1ny szerint t\u00f6rt\u00e9nik, +\/;- 1 mm t\u0171r\u00e9ssel. A rendk\u00edv\u00fcl kis hangyafajok eset\u00e9ben tov\u00e1bbi hangyakijut\u00e1s elleni v\u00e9delem elengedhetetlen.<\/p>\n<p><strong>Megjegyz\u00e9s a gazdas\u00e1gr\u00f3l<\/strong><br \/>\nA cs\u00f6vek r\u00f6gz\u00edt\u00e9sekor vegye figyelembe a k\u00f6vetkez\u0151ket:<br \/>\nHa a cs\u0151 nagyon nehezen illeszkedik a csatlakoz\u00f3aljzatra, az aljzatot enyh\u00e9n be kell d\u00f6rzs\u00f6lni egy csepp kit\u00f6r\u00e9sv\u00e9d\u0151 olajjal vagy porral. A t\u00f6ml\u0151t ezut\u00e1n csavar\u00f3 vagy csavar\u00f3 mozdulatokkal kell a csatlakoz\u00f3aljzatra tolni an\u00e9lk\u00fcl, hogy a csatlakoz\u00f3aljzatot fel-le mozdulatokkal meger\u0151ltetn\u00e9nk.<\/p>","protected":false},"excerpt":{"rendered":"<p><strong>Kapcsolat<\/strong>: 27 mm-es lyuk 28 mm-es t\u00f6ml\u0151h\u00f6z vagy \"medencek\u00f6t\u0151 t\u00f6ml\u0151vel 27 mm-es lyukakhoz\" + fedlap Lemezt\u00e1vols\u00e1g: 52mm bel\u00fcl<\/p>\n<p><strong>M\u00e9ret<\/strong>: XL<\/p>","protected":false},"featured_media":9546,"comment_status":"open","ping_status":"closed","template":"","meta":{"_acf_changed":false,"content-type":"","_monsterinsights_skip_tracking":false,"_monsterinsights_sitenote_active":false,"_monsterinsights_sitenote_note":"","_monsterinsights_sitenote_category":0},"product_brand":[],"product_cat":[80,84],"product_tag":[],"class_list":{"0":"post-9218","1":"product","2":"type-product","3":"status-publish","4":"has-post-thumbnail","6":"product_cat-antfarms","7":"product_cat-antfarms-xl","8":"product_shipping_class-fragile","10":"first","11":"instock","12":"taxable","13":"shipping-taxable","14":"purchasable","15":"product-type-simple"},"acf":[],"aioseo_notices":[],"jetpack_sharing_enabled":true,"_links":{"self":[{"href":"https:\/\/antcube.shop\/hu\/wp-json\/wp\/v2\/product\/9218","targetHints":{"allow":["GET"]}}],"collection":[{"href":"https:\/\/antcube.shop\/hu\/wp-json\/wp\/v2\/product"}],"about":[{"href":"https:\/\/antcube.shop\/hu\/wp-json\/wp\/v2\/types\/product"}],"replies":[{"embeddable":true,"href":"https:\/\/antcube.shop\/hu\/wp-json\/wp\/v2\/comments?post=9218"}],"wp:featuredmedia":[{"embeddable":true,"href":"https:\/\/antcube.shop\/hu\/wp-json\/wp\/v2\/media\/9546"}],"wp:attachment":[{"href":"https:\/\/antcube.shop\/hu\/wp-json\/wp\/v2\/media?parent=9218"}],"wp:term":[{"taxonomy":"product_brand","embeddable":true,"href":"https:\/\/antcube.shop\/hu\/wp-json\/wp\/v2\/product_brand?post=9218"},{"taxonomy":"product_cat","embeddable":true,"href":"https:\/\/antcube.shop\/hu\/wp-json\/wp\/v2\/product_cat?post=9218"},{"taxonomy":"product_tag","embeddable":true,"href":"https:\/\/antcube.shop\/hu\/wp-json\/wp\/v2\/product_tag?post=9218"}],"curies":[{"name":"wp","href":"https:\/\/api.w.org\/{rel}","templated":true}]}}