{"id":9216,"date":"2024-09-17T14:24:00","date_gmt":"2024-09-17T12:24:00","guid":{"rendered":"https:\/\/antcube.shop\/en\/product\/antcube-ameisenfarm-l-20x10-stehend\/"},"modified":"2026-04-24T17:04:14","modified_gmt":"2026-04-24T15:04:14","slug":"hangyakocka-hangyafarm-l-20x10-allo","status":"publish","type":"product","link":"https:\/\/antcube.shop\/hu\/termek\/hangyakocka-hangyafarm-l-20x10-allo\/","title":{"rendered":"ANTCUBE - hangyafarm - L - 40\u00d720 - \u00e1llva"},"content":{"rendered":"<p><strong>M\u00e9retek (LxBxH):<\/strong><br \/>\nk\u00fcls\u0151: 234x58x99 mm<br \/>\nbelseje: 184x20x90 mm<\/p>\n<p><strong>Anyag:<\/strong><br \/>\n\u00dasz\u00f3 \u00fcveg, m\u0171anyag<\/p>\n<p><strong>sz\u00edn:<\/strong><br \/>\nkrist\u00e1lytiszta<\/p>\n<p><strong>Tartalom:<\/strong><br \/>\n1x ANTCUBE hangyafarm - 20 mm-es t\u00e1ny\u00e9rt\u00e1vols\u00e1ggal<br \/>\n1x hangyafarm fed\u00e9l L 20\u00d73<br \/>\n2x dug\u00f3 4mm<\/p>\n<p><strong>Csatlakoz\u00e1s:<\/strong><br \/>\n2x 14\/16\/18\/20 x 20mm-es foglalat<br \/>\n2x 4mm-es lyukak 4mm-es dug\u00f3kkal<\/p>\n<p>A 14\/10-es t\u00f6ml\u0151 szil\u00e1rdan be van dugva a 14 mm-es aljzatba.<br \/>\nA 20\/16-os t\u00f6ml\u0151 szil\u00e1rdan r\u00f6gz\u00edtve van az els\u0151 16 mm-es l\u00e9pcs\u0151fokhoz<br \/>\nA 22\/18-as t\u00f6ml\u0151 szil\u00e1rdan r\u00f6gz\u00edtve van a m\u00e1sodik 20 mm-es l\u00e9pcs\u0151fokhoz<br \/>\nA 24\/20 t\u00f6ml\u0151 laz\u00e1n illeszkedik a m\u00e1sodik 20 mm-es l\u00e9pcs\u0151fokozatra<\/p>\n<p><strong>Le\u00edr\u00e1s:<\/strong><br \/>\nEz a teljesen \u00e1tl\u00e1tsz\u00f3 hangyafarm L m\u00e9ret\u0171 hangyafajok sz\u00e1m\u00e1ra alkalmas.<\/p>\n<p><strong>Megjegyz\u00e9sek a gy\u00e1rt\u00e1shoz<\/strong><br \/>\nAz \u00fcveg v\u00e1g\u00e1sa a DIN 1249 szabv\u00e1ny szerint t\u00f6rt\u00e9nik, +\/;- 1 mm t\u0171r\u00e9ssel. A rendk\u00edv\u00fcl kis hangyafajok eset\u00e9ben tov\u00e1bbi hangyakijut\u00e1s elleni v\u00e9delem elengedhetetlen.<\/p>\n<p><strong>Megjegyz\u00e9s a gazdas\u00e1gr\u00f3l<\/strong><br \/>\nA t\u00f6ml\u0151k csatlakoztat\u00e1sakor vagy elt\u00e1vol\u00edt\u00e1sakor vegye figyelembe a k\u00f6vetkez\u0151ket:<br \/>\nHa a cs\u0151 nagyon nehezen illeszkedik a csatlakoz\u00f3aljzatra, az aljzatot enyh\u00e9n be kell d\u00f6rzs\u00f6lni egy csepp kit\u00f6r\u00e9sv\u00e9d\u0151 olajjal vagy porral. A t\u00f6ml\u0151t ezut\u00e1n csavar\u00f3 vagy csavar\u00f3 mozdulatokkal kell a csatlakoz\u00f3aljzatra tolni an\u00e9lk\u00fcl, hogy a csatlakoz\u00f3aljzatot fel-le mozdulatokkal meger\u0151ltetn\u00e9nk. Ugyanez vonatkozik a t\u00f6ml\u0151k mez\u0151gazdas\u00e1gi csatlakoz\u00f3aljzatb\u00f3l t\u00f6rt\u00e9n\u0151 elt\u00e1vol\u00edt\u00e1s\u00e1ra is. K\u00e9rj\u00fck, ne h\u00fazza le egyszer\u0171en!<\/p>","protected":false},"excerpt":{"rendered":"<p><strong>Csatlakoz\u00e1s:<\/strong> Aljzat 2\u00d714\/16\/18\/20 mm + fed\u00e9l Lemezt\u00e1vols\u00e1g: Bel\u00fcl 20 mm \/ k\u00edv\u00fcl 28 mm<\/p>\n<p><strong>M\u00e9ret:<\/strong> L<\/p>","protected":false},"featured_media":9550,"comment_status":"open","ping_status":"closed","template":"","meta":{"_acf_changed":false,"content-type":"","_monsterinsights_skip_tracking":false,"_monsterinsights_sitenote_active":false,"_monsterinsights_sitenote_note":"","_monsterinsights_sitenote_category":0},"product_brand":[],"product_cat":[80,83],"product_tag":[],"class_list":{"0":"post-9216","1":"product","2":"type-product","3":"status-publish","4":"has-post-thumbnail","6":"product_cat-antfarms","7":"product_cat-antfarms-l","9":"first","10":"instock","11":"taxable","12":"shipping-taxable","13":"purchasable","14":"product-type-simple"},"acf":[],"aioseo_notices":[],"jetpack_sharing_enabled":true,"_links":{"self":[{"href":"https:\/\/antcube.shop\/hu\/wp-json\/wp\/v2\/product\/9216","targetHints":{"allow":["GET"]}}],"collection":[{"href":"https:\/\/antcube.shop\/hu\/wp-json\/wp\/v2\/product"}],"about":[{"href":"https:\/\/antcube.shop\/hu\/wp-json\/wp\/v2\/types\/product"}],"replies":[{"embeddable":true,"href":"https:\/\/antcube.shop\/hu\/wp-json\/wp\/v2\/comments?post=9216"}],"wp:featuredmedia":[{"embeddable":true,"href":"https:\/\/antcube.shop\/hu\/wp-json\/wp\/v2\/media\/9550"}],"wp:attachment":[{"href":"https:\/\/antcube.shop\/hu\/wp-json\/wp\/v2\/media?parent=9216"}],"wp:term":[{"taxonomy":"product_brand","embeddable":true,"href":"https:\/\/antcube.shop\/hu\/wp-json\/wp\/v2\/product_brand?post=9216"},{"taxonomy":"product_cat","embeddable":true,"href":"https:\/\/antcube.shop\/hu\/wp-json\/wp\/v2\/product_cat?post=9216"},{"taxonomy":"product_tag","embeddable":true,"href":"https:\/\/antcube.shop\/hu\/wp-json\/wp\/v2\/product_tag?post=9216"}],"curies":[{"name":"wp","href":"https:\/\/api.w.org\/{rel}","templated":true}]}}