{"id":9212,"date":"2024-09-17T14:21:53","date_gmt":"2024-09-17T12:21:53","guid":{"rendered":"https:\/\/antcube.shop\/en\/product\/agave-10cm\/"},"modified":"2026-03-11T13:48:49","modified_gmt":"2026-03-11T12:48:49","slug":"agave-10cm","status":"publish","type":"product","link":"https:\/\/antcube.shop\/hu\/termek\/agave-10cm\/","title":{"rendered":"Ag\u00e1v\u00e9 - 10cm"},"content":{"rendered":"<p><strong>M\u00e9retek:<\/strong> 104 x 97 x 103 mm<\/p>\n<p><strong>Anyag:<\/strong> polimer beton, agyag, m\u0171anyag<\/p>\n<p><strong>Sz\u00edn:<\/strong><br \/>\nAlap: sz\u00fcrk\u00e9sbarna<br \/>\nN\u00f6v\u00e9ny: s\u00f6t\u00e9tz\u00f6ld-vil\u00e1gosz\u00f6ld sz\u00fcrke szeg\u00e9llyel<\/p>\n<p><strong>Tartalom:<\/strong> 1 darab<\/p>\n<p><strong>Le\u00edr\u00e1s:<\/strong> A kis ag\u00e1v\u00e9 robusztus m\u0171anyagb\u00f3l k\u00e9sz\u00fclt, \u00e9s k\u0151szer\u0171 m\u0171gyanta talapzattal rendelkezik. Ez\u00e1ltal rendk\u00edv\u00fcl tart\u00f3s, \u00e9s a hangy\u00e1k sem tudj\u00e1k megrong\u00e1lni.<br \/>\nMindazon\u00e1ltal nagyon term\u00e9szetesnek \u00e9s vonz\u00f3nak t\u0171nik, \u00e9s k\u00f6nnyen be\u00e9p\u00edthet\u0151 egy formik\u00e1riumba.<\/p>\n<p><strong>Megjegyz\u00e9s:<\/strong> K\u00e9rj\u00fck, haszn\u00e1lat el\u0151tt foly\u00f3 v\u00edz alatt tiszt\u00edtsa meg!<\/p>","protected":false},"excerpt":{"rendered":"<p>M\u00e9retek: Sz\u00edn: Alap: sz\u00fcrke-barna N\u00f6v\u00e9ny: s\u00f6t\u00e9tz\u00f6ld-vil\u00e1gosz\u00f6ld, sz\u00fcrke szeg\u00e9llyel Tartalom: 104 x 97 x 103 mm Anyag: polimerbeton, agyag, m\u0171anyag: Le\u00edr\u00e1s: 1 db: A kis ag\u00e1v\u00e9 robusztus m\u0171anyagb\u00f3l k\u00e9sz\u00fclt, \u00e9s m\u0171gyanta alapon k\u0151 kin\u00e9zet\u0171. Ez\u00e1ltal rendk\u00edv\u00fcl tart\u00f3s, \u00e9s a hangy\u00e1k sem tudj\u00e1k megrong\u00e1lni.","protected":false},"featured_media":9659,"comment_status":"open","ping_status":"closed","template":"","meta":{"_acf_changed":false,"content-type":"","_monsterinsights_skip_tracking":false,"_monsterinsights_sitenote_active":false,"_monsterinsights_sitenote_note":"","_monsterinsights_sitenote_category":0},"product_brand":[],"product_cat":[98,99],"product_tag":[],"class_list":{"0":"post-9212","1":"product","2":"type-product","3":"status-publish","4":"has-post-thumbnail","6":"product_cat-decoration","7":"product_cat-desert","9":"first","10":"instock","11":"taxable","12":"shipping-taxable","13":"purchasable","14":"product-type-simple"},"acf":[],"aioseo_notices":[],"jetpack_sharing_enabled":true,"_links":{"self":[{"href":"https:\/\/antcube.shop\/hu\/wp-json\/wp\/v2\/product\/9212","targetHints":{"allow":["GET"]}}],"collection":[{"href":"https:\/\/antcube.shop\/hu\/wp-json\/wp\/v2\/product"}],"about":[{"href":"https:\/\/antcube.shop\/hu\/wp-json\/wp\/v2\/types\/product"}],"replies":[{"embeddable":true,"href":"https:\/\/antcube.shop\/hu\/wp-json\/wp\/v2\/comments?post=9212"}],"wp:featuredmedia":[{"embeddable":true,"href":"https:\/\/antcube.shop\/hu\/wp-json\/wp\/v2\/media\/9659"}],"wp:attachment":[{"href":"https:\/\/antcube.shop\/hu\/wp-json\/wp\/v2\/media?parent=9212"}],"wp:term":[{"taxonomy":"product_brand","embeddable":true,"href":"https:\/\/antcube.shop\/hu\/wp-json\/wp\/v2\/product_brand?post=9212"},{"taxonomy":"product_cat","embeddable":true,"href":"https:\/\/antcube.shop\/hu\/wp-json\/wp\/v2\/product_cat?post=9212"},{"taxonomy":"product_tag","embeddable":true,"href":"https:\/\/antcube.shop\/hu\/wp-json\/wp\/v2\/product_tag?post=9212"}],"curies":[{"name":"wp","href":"https:\/\/api.w.org\/{rel}","templated":true}]}}