{"id":9211,"date":"2024-09-17T14:21:24","date_gmt":"2024-09-17T12:21:24","guid":{"rendered":"https:\/\/antcube.shop\/en\/product\/kaktus-7cm\/"},"modified":"2026-04-15T09:42:39","modified_gmt":"2026-04-15T07:42:39","slug":"kaktusz-7cm","status":"publish","type":"product","link":"https:\/\/antcube.shop\/hu\/termek\/kaktusz-7cm\/","title":{"rendered":"Kaktusz - 7cm"},"content":{"rendered":"<p><strong>M\u00e9retek:<\/strong> 7 x 6 x 5 cm<\/p>\n<p><strong>Anyag:<\/strong> polimer beton, agyag<\/p>\n<p><strong>Sz\u00edn:<\/strong><br \/>\nAlap: barna<br \/>\nKaktusz: z\u00f6ld<\/p>\n<p><strong>Tartalom:<\/strong> 1 db.<\/p>\n<p><strong>Le\u00edr\u00e1s:<\/strong> Term\u00e9szetes megjelen\u00e9se \u00e9s UV-\u00e1ll\u00f3s\u00e1ga mellett ez a polimerbeton kaktusz nagyfok\u00fa m\u00e9retstabilit\u00e1ssal rendelkezik, \u00edgy rendk\u00edv\u00fcl tart\u00f3s \u00e9s ellen\u00e1ll\u00f3 a hangy\u00e1k \u00e1ltal okozott k\u00e1rokkal szemben.<\/p>\n<p><strong>Megjegyz\u00e9s:<\/strong> K\u00e9rj\u00fck, haszn\u00e1lat el\u0151tt foly\u00f3 v\u00edz alatt tiszt\u00edtsa meg!<\/p>","protected":false},"excerpt":{"rendered":"<p>M\u00e9retek: 5,5 x 7,0 x 6,0 cm<\/p>","protected":false},"featured_media":9655,"comment_status":"open","ping_status":"closed","template":"","meta":{"_acf_changed":false,"content-type":"","_monsterinsights_skip_tracking":false,"_monsterinsights_sitenote_active":false,"_monsterinsights_sitenote_note":"","_monsterinsights_sitenote_category":0},"product_brand":[],"product_cat":[98,99],"product_tag":[],"class_list":{"0":"post-9211","1":"product","2":"type-product","3":"status-publish","4":"has-post-thumbnail","6":"product_cat-decoration","7":"product_cat-desert","9":"first","10":"instock","11":"taxable","12":"shipping-taxable","13":"purchasable","14":"product-type-simple"},"acf":[],"aioseo_notices":[],"jetpack_sharing_enabled":true,"_links":{"self":[{"href":"https:\/\/antcube.shop\/hu\/wp-json\/wp\/v2\/product\/9211","targetHints":{"allow":["GET"]}}],"collection":[{"href":"https:\/\/antcube.shop\/hu\/wp-json\/wp\/v2\/product"}],"about":[{"href":"https:\/\/antcube.shop\/hu\/wp-json\/wp\/v2\/types\/product"}],"replies":[{"embeddable":true,"href":"https:\/\/antcube.shop\/hu\/wp-json\/wp\/v2\/comments?post=9211"}],"wp:featuredmedia":[{"embeddable":true,"href":"https:\/\/antcube.shop\/hu\/wp-json\/wp\/v2\/media\/9655"}],"wp:attachment":[{"href":"https:\/\/antcube.shop\/hu\/wp-json\/wp\/v2\/media?parent=9211"}],"wp:term":[{"taxonomy":"product_brand","embeddable":true,"href":"https:\/\/antcube.shop\/hu\/wp-json\/wp\/v2\/product_brand?post=9211"},{"taxonomy":"product_cat","embeddable":true,"href":"https:\/\/antcube.shop\/hu\/wp-json\/wp\/v2\/product_cat?post=9211"},{"taxonomy":"product_tag","embeddable":true,"href":"https:\/\/antcube.shop\/hu\/wp-json\/wp\/v2\/product_tag?post=9211"}],"curies":[{"name":"wp","href":"https:\/\/api.w.org\/{rel}","templated":true}]}}