{"id":9210,"date":"2024-09-17T14:20:54","date_gmt":"2024-09-17T12:20:54","guid":{"rendered":"https:\/\/antcube.shop\/en\/product\/cognakpflanze\/"},"modified":"2026-04-09T09:31:27","modified_gmt":"2026-04-09T07:31:27","slug":"konyakgyar","status":"publish","type":"product","link":"https:\/\/antcube.shop\/hu\/termek\/konyakgyar\/","title":{"rendered":"Konyak \u00fczem"},"content":{"rendered":"<p><strong>M\u00e9retek:<\/strong> kb. 90 x 70 x 100 mm<\/p>\n<p><strong>Anyag:<\/strong> polimer beton, agyag, m\u0171anyag<\/p>\n<p><strong>Sz\u00edn:<\/strong><br \/>\nAlap: z\u00f6ld, vil\u00e1gossz\u00fcrke-s\u00f6t\u00e9tsz\u00fcrke<br \/>\nN\u00f6v\u00e9ny: v\u00f6r\u00f6s-z\u00f6ld, narancss\u00e1rga vir\u00e1gok<\/p>\n<p><strong>Tartalom:<\/strong> 1 db.<\/p>\n<p><strong>Le\u00edr\u00e1s:<\/strong> Ezek a n\u00f6v\u00e9nyek robusztus m\u0171anyagb\u00f3l k\u00e9sz\u00fclnek, \u00e9s k\u0151szer\u0171 m\u0171gyanta talapzattal rendelkeznek. Ez\u00e1ltal rendk\u00edv\u00fcl tart\u00f3sak, \u00e9s a hangy\u00e1k sem tudj\u00e1k megrong\u00e1lni \u0151ket. Mindemellett nagyon term\u00e9szetesnek \u00e9s vonz\u00f3nak t\u0171nnek, \u00e9s k\u00f6nnyen be\u00e9p\u00edthet\u0151k egy formik\u00e1riumba.<\/p>\n<p><strong>Megjegyz\u00e9s:<\/strong> K\u00e9rj\u00fck, haszn\u00e1lat el\u0151tt foly\u00f3 v\u00edz alatt tiszt\u00edtsa meg!<\/p>","protected":false},"excerpt":{"rendered":"<p>M\u00e9retek: kb. 9 x 7 x 10 cm<\/p>","protected":false},"featured_media":9653,"comment_status":"open","ping_status":"closed","template":"","meta":{"_acf_changed":false,"content-type":"","_monsterinsights_skip_tracking":false,"_monsterinsights_sitenote_active":false,"_monsterinsights_sitenote_note":"","_monsterinsights_sitenote_category":0},"product_brand":[],"product_cat":[98,100],"product_tag":[],"class_list":{"0":"post-9210","1":"product","2":"type-product","3":"status-publish","4":"has-post-thumbnail","6":"product_cat-decoration","7":"product_cat-rainforest","9":"first","10":"instock","11":"taxable","12":"shipping-taxable","13":"purchasable","14":"product-type-simple"},"acf":[],"aioseo_notices":[],"jetpack_sharing_enabled":true,"_links":{"self":[{"href":"https:\/\/antcube.shop\/hu\/wp-json\/wp\/v2\/product\/9210","targetHints":{"allow":["GET"]}}],"collection":[{"href":"https:\/\/antcube.shop\/hu\/wp-json\/wp\/v2\/product"}],"about":[{"href":"https:\/\/antcube.shop\/hu\/wp-json\/wp\/v2\/types\/product"}],"replies":[{"embeddable":true,"href":"https:\/\/antcube.shop\/hu\/wp-json\/wp\/v2\/comments?post=9210"}],"wp:featuredmedia":[{"embeddable":true,"href":"https:\/\/antcube.shop\/hu\/wp-json\/wp\/v2\/media\/9653"}],"wp:attachment":[{"href":"https:\/\/antcube.shop\/hu\/wp-json\/wp\/v2\/media?parent=9210"}],"wp:term":[{"taxonomy":"product_brand","embeddable":true,"href":"https:\/\/antcube.shop\/hu\/wp-json\/wp\/v2\/product_brand?post=9210"},{"taxonomy":"product_cat","embeddable":true,"href":"https:\/\/antcube.shop\/hu\/wp-json\/wp\/v2\/product_cat?post=9210"},{"taxonomy":"product_tag","embeddable":true,"href":"https:\/\/antcube.shop\/hu\/wp-json\/wp\/v2\/product_tag?post=9210"}],"curies":[{"name":"wp","href":"https:\/\/api.w.org\/{rel}","templated":true}]}}