{"id":9208,"date":"2024-09-17T14:19:38","date_gmt":"2024-09-17T12:19:38","guid":{"rendered":"https:\/\/antcube.shop\/en\/product\/kleines-fettblatt\/"},"modified":"2026-04-13T09:34:47","modified_gmt":"2026-04-13T07:34:47","slug":"kleines-fettblatt","status":"publish","type":"product","link":"https:\/\/antcube.shop\/hu\/termek\/kleines-fettblatt\/","title":{"rendered":"Kis pillang\u00f3svir\u00e1g\u00fa"},"content":{"rendered":"<p><strong>M\u00e9retek:<\/strong> kb. 70 x 40 x 100 mm<\/p>\n<p><strong>Anyag:<\/strong> polimer beton, agyag, m\u0171anyag<\/p>\n<p><strong>Sz\u00edn:<\/strong><br \/>\nAlap: z\u00f6ld, vil\u00e1gossz\u00fcrke-s\u00f6t\u00e9tsz\u00fcrke<br \/>\nN\u00f6v\u00e9ny: s\u00f6t\u00e9tz\u00f6ld<\/p>\n<p><strong>Tartalom:<\/strong> 1 db.<\/p>\n<p><strong>Le\u00edr\u00e1s:<\/strong> A kis pillang\u00f3fi\u00f3ka robusztus m\u0171anyagb\u00f3l k\u00e9sz\u00fclt, m\u0171gyanta alapon, k\u0151szer\u0171 megjelen\u00e9ssel. Ez\u00e1ltal rendk\u00edv\u00fcl tart\u00f3s, \u00e9s a hangy\u00e1k sem tudj\u00e1k megrong\u00e1lni. Mindemellett nagyon term\u00e9szetesnek \u00e9s vonz\u00f3nak t\u0171nik, \u00e9s k\u00f6nnyen be\u00e9p\u00edthet\u0151 egy formik\u00e1riumba.<\/p>\n<p><strong>Megjegyz\u00e9s:<\/strong> K\u00e9rj\u00fck, haszn\u00e1lat el\u0151tt foly\u00f3 v\u00edz alatt tiszt\u00edtsa meg!<\/p>","protected":false},"excerpt":{"rendered":"<p>M\u00e9retek: kb. 7 x 4 x 10 cm<\/p>","protected":false},"featured_media":9360,"comment_status":"open","ping_status":"closed","template":"","meta":{"_acf_changed":false,"content-type":"","_monsterinsights_skip_tracking":false,"_monsterinsights_sitenote_active":false,"_monsterinsights_sitenote_note":"","_monsterinsights_sitenote_category":0},"product_brand":[],"product_cat":[98,102,100],"product_tag":[],"class_list":{"0":"post-9208","1":"product","2":"type-product","3":"status-publish","4":"has-post-thumbnail","6":"product_cat-decoration","7":"product_cat-meadow","8":"product_cat-rainforest","10":"first","11":"outofstock","12":"taxable","13":"shipping-taxable","14":"purchasable","15":"product-type-simple"},"acf":[],"aioseo_notices":[],"jetpack_sharing_enabled":true,"_links":{"self":[{"href":"https:\/\/antcube.shop\/hu\/wp-json\/wp\/v2\/product\/9208","targetHints":{"allow":["GET"]}}],"collection":[{"href":"https:\/\/antcube.shop\/hu\/wp-json\/wp\/v2\/product"}],"about":[{"href":"https:\/\/antcube.shop\/hu\/wp-json\/wp\/v2\/types\/product"}],"replies":[{"embeddable":true,"href":"https:\/\/antcube.shop\/hu\/wp-json\/wp\/v2\/comments?post=9208"}],"wp:featuredmedia":[{"embeddable":true,"href":"https:\/\/antcube.shop\/hu\/wp-json\/wp\/v2\/media\/9360"}],"wp:attachment":[{"href":"https:\/\/antcube.shop\/hu\/wp-json\/wp\/v2\/media?parent=9208"}],"wp:term":[{"taxonomy":"product_brand","embeddable":true,"href":"https:\/\/antcube.shop\/hu\/wp-json\/wp\/v2\/product_brand?post=9208"},{"taxonomy":"product_cat","embeddable":true,"href":"https:\/\/antcube.shop\/hu\/wp-json\/wp\/v2\/product_cat?post=9208"},{"taxonomy":"product_tag","embeddable":true,"href":"https:\/\/antcube.shop\/hu\/wp-json\/wp\/v2\/product_tag?post=9208"}],"curies":[{"name":"wp","href":"https:\/\/api.w.org\/{rel}","templated":true}]}}