{"id":9207,"date":"2024-09-17T14:19:09","date_gmt":"2024-09-17T12:19:09","guid":{"rendered":"https:\/\/antcube.shop\/en\/product\/grasstein-3cm\/"},"modified":"2026-04-23T18:23:59","modified_gmt":"2026-04-23T16:23:59","slug":"grasstein-3cm","status":"publish","type":"product","link":"https:\/\/antcube.shop\/hu\/termek\/grasstein-3cm\/","title":{"rendered":"F\u0171k\u0151 - 3cm"},"content":{"rendered":"<p><strong>M\u00e9retek:<\/strong> kb. 86 x 29 x 30 mm<\/p>\n<p><strong>Anyag:<\/strong> polimer beton, agyag, m\u0171anyag<\/p>\n<p><strong>Sz\u00edn:<\/strong><br \/>\nAlap: z\u00f6ld, s\u00f6t\u00e9tsz\u00fcrke<br \/>\nN\u00f6v\u00e9ny: vil\u00e1gosz\u00f6ld-s\u00f6t\u00e9tz\u00f6ld<\/p>\n<p><strong>Tartalom:<\/strong> 1 db.<\/p>\n<p><strong>Le\u00edr\u00e1s:<\/strong> Ezek a n\u00f6v\u00e9nyek robusztus m\u0171anyagb\u00f3l k\u00e9sz\u00fclnek, \u00e9s k\u0151szer\u0171 m\u0171gyanta talapzattal rendelkeznek. Ez\u00e1ltal rendk\u00edv\u00fcl tart\u00f3sak, \u00e9s a hangy\u00e1k sem tudj\u00e1k megrong\u00e1lni \u0151ket. Mindemellett nagyon term\u00e9szetesnek \u00e9s vonz\u00f3nak t\u0171nnek, \u00e9s k\u00f6nnyen be\u00e9p\u00edthet\u0151k egy formik\u00e1riumba.<\/p>\n<p><strong>Megjegyz\u00e9s:<\/strong> K\u00e9rj\u00fck, haszn\u00e1lat el\u0151tt foly\u00f3 v\u00edz alatt tiszt\u00edtsa meg!<\/p>\n<p>&nbsp;<\/p>","protected":false},"excerpt":{"rendered":"<p>M\u00e9retek: kb. 86 x 29 x 30 mm Anyag: polimerbeton, agyag, m\u0171anyag Sz\u00edn: Alap: z\u00f6ld, s\u00f6t\u00e9tsz\u00fcrke N\u00f6v\u00e9ny: vil\u00e1gosz\u00f6ld-s\u00f6t\u00e9tz\u00f6ld Tartalom: z\u00f6ld, s\u00f6t\u00e9tz\u00f6ld: 1 db. Le\u00edr\u00e1s: A n\u00f6v\u00e9nyt egy darabb\u00f3l \u00e1ll\u00edtja \u00f6ssze, \u00e9s egy darabb\u00f3l \u00e1ll: Ezek a n\u00f6v\u00e9nyek robusztus m\u0171anyagb\u00f3l k\u00e9sz\u00fcltek, \u00e9s k\u0151szer\u0171 m\u0171gyanta alapot kaptak. Ez\u00e1ltal rendk\u00edv\u00fcl tart\u00f3sak, \u00e9s a hangy\u00e1k sem tudj\u00e1k megrong\u00e1lni \u0151ket.","protected":false},"featured_media":9356,"comment_status":"open","ping_status":"closed","template":"","meta":{"_acf_changed":false,"content-type":"","_monsterinsights_skip_tracking":false,"_monsterinsights_sitenote_active":false,"_monsterinsights_sitenote_note":"","_monsterinsights_sitenote_category":0},"product_brand":[],"product_cat":[98,102],"product_tag":[],"class_list":{"0":"post-9207","1":"product","2":"type-product","3":"status-publish","4":"has-post-thumbnail","6":"product_cat-decoration","7":"product_cat-meadow","9":"first","10":"instock","11":"taxable","12":"shipping-taxable","13":"purchasable","14":"product-type-simple"},"acf":[],"aioseo_notices":[],"jetpack_sharing_enabled":true,"_links":{"self":[{"href":"https:\/\/antcube.shop\/hu\/wp-json\/wp\/v2\/product\/9207","targetHints":{"allow":["GET"]}}],"collection":[{"href":"https:\/\/antcube.shop\/hu\/wp-json\/wp\/v2\/product"}],"about":[{"href":"https:\/\/antcube.shop\/hu\/wp-json\/wp\/v2\/types\/product"}],"replies":[{"embeddable":true,"href":"https:\/\/antcube.shop\/hu\/wp-json\/wp\/v2\/comments?post=9207"}],"wp:featuredmedia":[{"embeddable":true,"href":"https:\/\/antcube.shop\/hu\/wp-json\/wp\/v2\/media\/9356"}],"wp:attachment":[{"href":"https:\/\/antcube.shop\/hu\/wp-json\/wp\/v2\/media?parent=9207"}],"wp:term":[{"taxonomy":"product_brand","embeddable":true,"href":"https:\/\/antcube.shop\/hu\/wp-json\/wp\/v2\/product_brand?post=9207"},{"taxonomy":"product_cat","embeddable":true,"href":"https:\/\/antcube.shop\/hu\/wp-json\/wp\/v2\/product_cat?post=9207"},{"taxonomy":"product_tag","embeddable":true,"href":"https:\/\/antcube.shop\/hu\/wp-json\/wp\/v2\/product_tag?post=9207"}],"curies":[{"name":"wp","href":"https:\/\/api.w.org\/{rel}","templated":true}]}}