{"id":9031,"date":"2024-08-27T16:22:15","date_gmt":"2024-08-27T14:22:15","guid":{"rendered":"https:\/\/antcube.shop\/product\/antcube-digfix-terra-nidum-platte-30x30-l-beige\/"},"modified":"2026-03-30T18:03:41","modified_gmt":"2026-03-30T16:03:41","slug":"antcube-digfix-terra-nidum-platte-30x30-l-bezs","status":"publish","type":"product","link":"https:\/\/antcube.shop\/hu\/termek\/antcube-digfix-terra-nidum-platte-30x30-l-bezs\/","title":{"rendered":"ANTCUBE - Digfix Terra nidum lemez 30\u00d730 - L - b\u00e9zs - b\u00e9zs"},"content":{"rendered":"<p><strong>M\u00e9retek:<\/strong> 283x237x19 mm<\/p>\n<p><strong>Anyag:<\/strong> \u00c1shat\u00f3 gyanta alap\u00fa anyag<\/p>\n<p><strong>Le\u00edr\u00e1s:<\/strong> Az \u00e1shat\u00f3 anyagb\u00f3l k\u00e9sz\u00fclt Terra nidum (latinul f\u00f6ldf\u00e9szek) lemez t\u00f6k\u00e9letesen illeszkedik az ANTCUBE hangyafarmjainkhoz. Sz\u00e1razon \u00e9s nedvesen is haszn\u00e1lhat\u00f3. Sz\u00e1mos hangyafaj sz\u00e1m\u00e1ra is alkalmas, k\u00fcl\u00f6n\u00f6sen a homokban \u00e9s (holt) f\u00e1ban f\u00e9szkel\u0151 fajok sz\u00e1m\u00e1ra. Haszn\u00e1lhat\u00f3 homok\/agyag kever\u00e9kek vagy parafa f\u00e9szekbet\u00e9tek helyett. Ennek a f\u00e9szeknek az az el\u0151nye, hogy a lemez nedvesed\u00e9se k\u00f6nnyebben ellen\u0151rizhet\u0151 a j\u00f3l l\u00e1that\u00f3 elsz\u00ednez\u0151d\u00e9s miatt, \u00e9s a lemez sz\u00ednez\u00e9se szuper kontrasztot ny\u00fajt az \u00e1ltal\u00e1ban s\u00f6t\u00e9tebb hangyafajok sz\u00e1m\u00e1ra. Ezenk\u00edv\u00fcl a hangyafarm bels\u0151 t\u00e1ny\u00e9rjait nem lehet elszennyezni szubsztr\u00e1tummal, mint p\u00e9ld\u00e1ul a homok\/agyag kever\u00e9kek eset\u00e9ben, ami t\u00f6k\u00e9letes r\u00e1l\u00e1t\u00e1st biztos\u00edt a f\u00e9szekre. A mi f\u00e9szekanyagunk emellett sokkal szil\u00e1rdabb szerkezet\u0171, \u00edgy a hangy\u00e1k \u00e1ltal \u00e1sott alagutak \u00e9s kamr\u00e1k nem omlanak \u00f6ssze.<\/p>\n<p><strong>Megjegyz\u00e9s:<\/strong> A term\u00e9szetes sz\u00edn a b\u00e9zs\/homok \u00e9s a vil\u00e1gosbarna k\u00f6z\u00f6tt v\u00e1ltozhat. A sz\u00ednt\u00f3nus nincs hat\u00e1ssal a min\u0151s\u00e9gre.<br \/>\nA m\u00e9retek a gy\u00e1rt\u00e1si folyamat miatt +\/- 1 mm-rel elt\u00e9rhetnek.<\/p>","protected":false},"excerpt":{"rendered":"<p>M\u00e9ret: <span style=\"color: #0000ff;\"><strong>L<\/strong><\/span><\/p>","protected":false},"featured_media":9037,"comment_status":"open","ping_status":"closed","template":"","meta":{"_acf_changed":false,"content-type":"","_monsterinsights_skip_tracking":false,"_monsterinsights_sitenote_active":false,"_monsterinsights_sitenote_note":"","_monsterinsights_sitenote_category":0},"product_brand":[],"product_cat":[257,87,88],"product_tag":[],"class_list":{"0":"post-9031","1":"product","2":"type-product","3":"status-publish","4":"has-post-thumbnail","6":"product_cat-new-innovatve-products","7":"product_cat-nest-insets","8":"product_cat-digfix","10":"first","11":"instock","12":"taxable","13":"shipping-taxable","14":"purchasable","15":"product-type-simple"},"acf":[],"aioseo_notices":[],"jetpack_sharing_enabled":true,"_links":{"self":[{"href":"https:\/\/antcube.shop\/hu\/wp-json\/wp\/v2\/product\/9031","targetHints":{"allow":["GET"]}}],"collection":[{"href":"https:\/\/antcube.shop\/hu\/wp-json\/wp\/v2\/product"}],"about":[{"href":"https:\/\/antcube.shop\/hu\/wp-json\/wp\/v2\/types\/product"}],"replies":[{"embeddable":true,"href":"https:\/\/antcube.shop\/hu\/wp-json\/wp\/v2\/comments?post=9031"}],"wp:featuredmedia":[{"embeddable":true,"href":"https:\/\/antcube.shop\/hu\/wp-json\/wp\/v2\/media\/9037"}],"wp:attachment":[{"href":"https:\/\/antcube.shop\/hu\/wp-json\/wp\/v2\/media?parent=9031"}],"wp:term":[{"taxonomy":"product_brand","embeddable":true,"href":"https:\/\/antcube.shop\/hu\/wp-json\/wp\/v2\/product_brand?post=9031"},{"taxonomy":"product_cat","embeddable":true,"href":"https:\/\/antcube.shop\/hu\/wp-json\/wp\/v2\/product_cat?post=9031"},{"taxonomy":"product_tag","embeddable":true,"href":"https:\/\/antcube.shop\/hu\/wp-json\/wp\/v2\/product_tag?post=9031"}],"curies":[{"name":"wp","href":"https:\/\/api.w.org\/{rel}","templated":true}]}}